{"id":2168,"date":"2020-10-29T12:20:30","date_gmt":"2020-10-29T12:20:30","guid":{"rendered":"https:\/\/birrakarma.com\/non%20class\u00e9\/karisma\/"},"modified":"2020-12-12T10:48:08","modified_gmt":"2020-12-12T10:48:08","slug":"karisma","status":"publish","type":"product","link":"https:\/\/birrakarma.com\/fr\/classic-fr\/karisma\/","title":{"rendered":"Karisma"},"content":{"rendered":"<p>Oncl, chaque fois que tu viens me voir, je sais \u00e0 quelle heure commence la journ\u00e9e mais je ne sais jamais quand elle va terminer. Une American Lager dynamique et fra\u00eeche, qui n&#8217;est pas un vrai voyage en Am\u00e9rique. C&#8217;est plut\u00f4t la visite, qui ressemble toujours \u00e0 une invasion, de ce g\u00e9n\u00e9reux et bruyant Oncle d&#8217;Am\u00e9rique qui remplit cycliquement votre vie d&#8217;histoires et de suggestions, inspir\u00e9es comme les vagues de l&#8217;oc\u00e9an qui s\u00e9pare les continents<\/p>\n","protected":false},"excerpt":{"rendered":"<p>Oncl, chaque fois que tu viens me voir, je sais \u00e0 quelle heure commence la journ\u00e9e mais je ne sais jamais quand elle va terminer. Une American Lager dynamique et fra\u00eeche, qui n&#8217;est pas un vrai voyage en Am\u00e9rique. C&#8217;est plut\u00f4t la visite, qui ressemble toujours \u00e0 une invasion, de ce g\u00e9n\u00e9reux et bruyant Oncle [&hellip;]<\/p>\n","protected":false},"featured_media":7979,"template":"","meta":[],"product_cat":[106],"product_tag":[],"class_list":["post-2168","product","type-product","status-publish","has-post-thumbnail","hentry","product_cat-classic-fr"],"yoast_head":"<!-- This site is optimized with the Yoast SEO plugin v20.3 - https:\/\/yoast.com\/wordpress\/plugins\/seo\/ -->\n<title>Bi\u00e8re artisanale Karisma - Brasserie Karma<\/title>\n<meta name=\"description\" content=\"Une American Lager dynamique et fra\u00eeche, qui n\u2019est pas un v\u00e9ritable voyage en Am\u00e9rique. Karisma Craft Beer.\" \/>\n<meta name=\"robots\" content=\"index, follow, max-snippet:-1, max-image-preview:large, max-video-preview:-1\" \/>\n<link rel=\"canonical\" href=\"https:\/\/birrakarma.com\/fr\/classic-fr\/karisma\/\" \/>\n<meta property=\"og:locale\" content=\"fr_FR\" \/>\n<meta property=\"og:type\" content=\"article\" \/>\n<meta property=\"og:title\" content=\"Bi\u00e8re artisanale Karisma - Brasserie Karma\" \/>\n<meta property=\"og:description\" content=\"Une American Lager dynamique et fra\u00eeche, qui n\u2019est pas un v\u00e9ritable voyage en Am\u00e9rique. Karisma Craft Beer.\" \/>\n<meta property=\"og:url\" content=\"https:\/\/birrakarma.com\/fr\/classic-fr\/karisma\/\" \/>\n<meta property=\"og:site_name\" content=\"Birrificio Karma\" \/>\n<meta property=\"article:modified_time\" content=\"2020-12-12T10:48:08+00:00\" \/>\n<meta property=\"og:image\" content=\"https:\/\/birrakarma.com\/wp-content\/uploads\/2020\/10\/birre-sito-Karma-Classic.png\" \/>\n\t<meta property=\"og:image:width\" content=\"397\" \/>\n\t<meta property=\"og:image:height\" content=\"1024\" \/>\n\t<meta property=\"og:image:type\" content=\"image\/png\" \/>\n<meta name=\"twitter:card\" content=\"summary_large_image\" \/>\n<script type=\"application\/ld+json\" class=\"yoast-schema-graph\">{\"@context\":\"https:\/\/schema.org\",\"@graph\":[{\"@type\":\"WebPage\",\"@id\":\"https:\/\/birrakarma.com\/fr\/classic-fr\/karisma\/\",\"url\":\"https:\/\/birrakarma.com\/fr\/classic-fr\/karisma\/\",\"name\":\"Bi\u00e8re artisanale Karisma - Brasserie Karma\",\"isPartOf\":{\"@id\":\"https:\/\/birrakarma.com\/#website\"},\"datePublished\":\"2020-10-29T12:20:30+00:00\",\"dateModified\":\"2020-12-12T10:48:08+00:00\",\"description\":\"Une American Lager dynamique et fra\u00eeche, qui n\u2019est pas un v\u00e9ritable voyage en Am\u00e9rique. Karisma Craft Beer.\",\"breadcrumb\":{\"@id\":\"https:\/\/birrakarma.com\/fr\/classic-fr\/karisma\/#breadcrumb\"},\"inLanguage\":\"fr-FR\",\"potentialAction\":[{\"@type\":\"ReadAction\",\"target\":[\"https:\/\/birrakarma.com\/fr\/classic-fr\/karisma\/\"]}]},{\"@type\":\"BreadcrumbList\",\"@id\":\"https:\/\/birrakarma.com\/fr\/classic-fr\/karisma\/#breadcrumb\",\"itemListElement\":[{\"@type\":\"ListItem\",\"position\":1,\"name\":\"Home\",\"item\":\"https:\/\/birrakarma.com\/fr\/\"},{\"@type\":\"ListItem\",\"position\":2,\"name\":\"Shop\",\"item\":\"https:\/\/birrakarma.com\/fr\/shop\/\"},{\"@type\":\"ListItem\",\"position\":3,\"name\":\"Karisma\"}]},{\"@type\":\"WebSite\",\"@id\":\"https:\/\/birrakarma.com\/#website\",\"url\":\"https:\/\/birrakarma.com\/\",\"name\":\"Birrificio Karma\",\"description\":\"Birra artigianale italiana\",\"publisher\":{\"@id\":\"https:\/\/birrakarma.com\/#organization\"},\"potentialAction\":[{\"@type\":\"SearchAction\",\"target\":{\"@type\":\"EntryPoint\",\"urlTemplate\":\"https:\/\/birrakarma.com\/?s={search_term_string}\"},\"query-input\":\"required name=search_term_string\"}],\"inLanguage\":\"fr-FR\"},{\"@type\":\"Organization\",\"@id\":\"https:\/\/birrakarma.com\/#organization\",\"name\":\"Birrificio Karma\",\"url\":\"https:\/\/birrakarma.com\/\",\"logo\":{\"@type\":\"ImageObject\",\"inLanguage\":\"fr-FR\",\"@id\":\"https:\/\/birrakarma.com\/#\/schema\/logo\/image\/\",\"url\":\"https:\/\/birrakarma.com\/wp-content\/uploads\/2020\/05\/karma-logo-naming-1.svg\",\"contentUrl\":\"https:\/\/birrakarma.com\/wp-content\/uploads\/2020\/05\/karma-logo-naming-1.svg\",\"width\":35.25,\"height\":5.41,\"caption\":\"Birrificio Karma\"},\"image\":{\"@id\":\"https:\/\/birrakarma.com\/#\/schema\/logo\/image\/\"}}]}<\/script>\n<!-- \/ Yoast SEO plugin. -->","yoast_head_json":{"title":"Bi\u00e8re artisanale Karisma - Brasserie Karma","description":"Une American Lager dynamique et fra\u00eeche, qui n\u2019est pas un v\u00e9ritable voyage en Am\u00e9rique. Karisma Craft Beer.","robots":{"index":"index","follow":"follow","max-snippet":"max-snippet:-1","max-image-preview":"max-image-preview:large","max-video-preview":"max-video-preview:-1"},"canonical":"https:\/\/birrakarma.com\/fr\/classic-fr\/karisma\/","og_locale":"fr_FR","og_type":"article","og_title":"Bi\u00e8re artisanale Karisma - Brasserie Karma","og_description":"Une American Lager dynamique et fra\u00eeche, qui n\u2019est pas un v\u00e9ritable voyage en Am\u00e9rique. Karisma Craft Beer.","og_url":"https:\/\/birrakarma.com\/fr\/classic-fr\/karisma\/","og_site_name":"Birrificio Karma","article_modified_time":"2020-12-12T10:48:08+00:00","og_image":[{"width":397,"height":1024,"url":"https:\/\/birrakarma.com\/wp-content\/uploads\/2020\/10\/birre-sito-Karma-Classic.png","type":"image\/png"}],"twitter_card":"summary_large_image","schema":{"@context":"https:\/\/schema.org","@graph":[{"@type":"WebPage","@id":"https:\/\/birrakarma.com\/fr\/classic-fr\/karisma\/","url":"https:\/\/birrakarma.com\/fr\/classic-fr\/karisma\/","name":"Bi\u00e8re artisanale Karisma - Brasserie Karma","isPartOf":{"@id":"https:\/\/birrakarma.com\/#website"},"datePublished":"2020-10-29T12:20:30+00:00","dateModified":"2020-12-12T10:48:08+00:00","description":"Une American Lager dynamique et fra\u00eeche, qui n\u2019est pas un v\u00e9ritable voyage en Am\u00e9rique. Karisma Craft Beer.","breadcrumb":{"@id":"https:\/\/birrakarma.com\/fr\/classic-fr\/karisma\/#breadcrumb"},"inLanguage":"fr-FR","potentialAction":[{"@type":"ReadAction","target":["https:\/\/birrakarma.com\/fr\/classic-fr\/karisma\/"]}]},{"@type":"BreadcrumbList","@id":"https:\/\/birrakarma.com\/fr\/classic-fr\/karisma\/#breadcrumb","itemListElement":[{"@type":"ListItem","position":1,"name":"Home","item":"https:\/\/birrakarma.com\/fr\/"},{"@type":"ListItem","position":2,"name":"Shop","item":"https:\/\/birrakarma.com\/fr\/shop\/"},{"@type":"ListItem","position":3,"name":"Karisma"}]},{"@type":"WebSite","@id":"https:\/\/birrakarma.com\/#website","url":"https:\/\/birrakarma.com\/","name":"Birrificio Karma","description":"Birra artigianale italiana","publisher":{"@id":"https:\/\/birrakarma.com\/#organization"},"potentialAction":[{"@type":"SearchAction","target":{"@type":"EntryPoint","urlTemplate":"https:\/\/birrakarma.com\/?s={search_term_string}"},"query-input":"required name=search_term_string"}],"inLanguage":"fr-FR"},{"@type":"Organization","@id":"https:\/\/birrakarma.com\/#organization","name":"Birrificio Karma","url":"https:\/\/birrakarma.com\/","logo":{"@type":"ImageObject","inLanguage":"fr-FR","@id":"https:\/\/birrakarma.com\/#\/schema\/logo\/image\/","url":"https:\/\/birrakarma.com\/wp-content\/uploads\/2020\/05\/karma-logo-naming-1.svg","contentUrl":"https:\/\/birrakarma.com\/wp-content\/uploads\/2020\/05\/karma-logo-naming-1.svg","width":35.25,"height":5.41,"caption":"Birrificio Karma"},"image":{"@id":"https:\/\/birrakarma.com\/#\/schema\/logo\/image\/"}}]}},"_links":{"self":[{"href":"https:\/\/birrakarma.com\/fr\/wp-json\/wp\/v2\/product\/2168","targetHints":{"allow":["GET"]}}],"collection":[{"href":"https:\/\/birrakarma.com\/fr\/wp-json\/wp\/v2\/product"}],"about":[{"href":"https:\/\/birrakarma.com\/fr\/wp-json\/wp\/v2\/types\/product"}],"wp:featuredmedia":[{"embeddable":true,"href":"https:\/\/birrakarma.com\/fr\/wp-json\/wp\/v2\/media\/7979"}],"wp:attachment":[{"href":"https:\/\/birrakarma.com\/fr\/wp-json\/wp\/v2\/media?parent=2168"}],"wp:term":[{"taxonomy":"product_cat","embeddable":true,"href":"https:\/\/birrakarma.com\/fr\/wp-json\/wp\/v2\/product_cat?post=2168"},{"taxonomy":"product_tag","embeddable":true,"href":"https:\/\/birrakarma.com\/fr\/wp-json\/wp\/v2\/product_tag?post=2168"}],"curies":[{"name":"wp","href":"https:\/\/api.w.org\/{rel}","templated":true}]}}