{"id":2166,"date":"2020-10-29T14:12:27","date_gmt":"2020-10-29T14:12:27","guid":{"rendered":"https:\/\/birrakarma.com\/non%20class\u00e9\/cherry-girl\/"},"modified":"2020-12-02T20:45:40","modified_gmt":"2020-12-02T20:45:40","slug":"cherry-girl","status":"publish","type":"product","link":"https:\/\/birrakarma.com\/fr\/la-vagabonda-fr\/cherry-girl\/","title":{"rendered":"Cherry Girl"},"content":{"rendered":"<p>Ces jours-l\u00e0 \u00e0 Schaerbeek, une seconde jeunesse. Une cerise noire savoureuse qui me rappelle un d\u00eener seul. Je remarque une pr\u00e9sence inhabituelle et agr\u00e9able, une lolita des temps modernes. \u00c7a n&#8217;arr\u00eate pas de regarder. Et l\u00e0-bas, de merveilleux jours d&#8217;amour et d&#8217;insouciance, dans un printemps plein de couleurs, dans la petite ville de Schaarbeek, en Belgique.<\/p>\n","protected":false},"excerpt":{"rendered":"<p>Ces jours-l\u00e0 \u00e0 Schaerbeek, une seconde jeunesse. Une cerise noire savoureuse qui me rappelle un d\u00eener seul. Je remarque une pr\u00e9sence inhabituelle et agr\u00e9able, une lolita des temps modernes. \u00c7a n&#8217;arr\u00eate pas de regarder. Et l\u00e0-bas, de merveilleux jours d&#8217;amour et d&#8217;insouciance, dans un printemps plein de couleurs, dans la petite ville de Schaarbeek, en [&hellip;]<\/p>\n","protected":false},"featured_media":4025,"template":"","meta":[],"product_cat":[138],"product_tag":[144],"class_list":["post-2166","product","type-product","status-publish","has-post-thumbnail","hentry","product_cat-la-vagabonda-fr","product_tag-strong-fruit-ale-fr"],"yoast_head":"<!-- This site is optimized with the Yoast SEO plugin v20.3 - https:\/\/yoast.com\/wordpress\/plugins\/seo\/ -->\n<title>Bi\u00e8re artisanale Cherry Girl - Brasserie Karma<\/title>\n<meta name=\"description\" content=\"Une d\u00e9licieuse Black Cherry qui me rappelle une soir\u00e9e au d\u00eener seul. Je remarque une pr\u00e9sence inhabituelle et sympathique, une lolita d\u2019aujourd\u2019hui.\" \/>\n<meta name=\"robots\" content=\"index, follow, max-snippet:-1, max-image-preview:large, max-video-preview:-1\" \/>\n<link rel=\"canonical\" href=\"https:\/\/birrakarma.com\/fr\/la-vagabonda-fr\/cherry-girl\/\" \/>\n<meta property=\"og:locale\" content=\"fr_FR\" \/>\n<meta property=\"og:type\" content=\"article\" \/>\n<meta property=\"og:title\" content=\"Bi\u00e8re artisanale Cherry Girl - Brasserie Karma\" \/>\n<meta property=\"og:description\" content=\"Une d\u00e9licieuse Black Cherry qui me rappelle une soir\u00e9e au d\u00eener seul. Je remarque une pr\u00e9sence inhabituelle et sympathique, une lolita d\u2019aujourd\u2019hui.\" \/>\n<meta property=\"og:url\" content=\"https:\/\/birrakarma.com\/fr\/la-vagabonda-fr\/cherry-girl\/\" \/>\n<meta property=\"og:site_name\" content=\"Birrificio Karma\" \/>\n<meta property=\"article:modified_time\" content=\"2020-12-02T20:45:40+00:00\" \/>\n<meta property=\"og:image\" content=\"https:\/\/birrakarma.com\/wp-content\/uploads\/2020\/10\/cherrygirl-up-1.png\" \/>\n\t<meta property=\"og:image:width\" content=\"1277\" \/>\n\t<meta property=\"og:image:height\" content=\"2391\" \/>\n\t<meta property=\"og:image:type\" content=\"image\/png\" \/>\n<meta name=\"twitter:card\" content=\"summary_large_image\" \/>\n<script type=\"application\/ld+json\" class=\"yoast-schema-graph\">{\"@context\":\"https:\/\/schema.org\",\"@graph\":[{\"@type\":\"WebPage\",\"@id\":\"https:\/\/birrakarma.com\/fr\/la-vagabonda-fr\/cherry-girl\/\",\"url\":\"https:\/\/birrakarma.com\/fr\/la-vagabonda-fr\/cherry-girl\/\",\"name\":\"Bi\u00e8re artisanale Cherry Girl - Brasserie Karma\",\"isPartOf\":{\"@id\":\"https:\/\/birrakarma.com\/#website\"},\"datePublished\":\"2020-10-29T14:12:27+00:00\",\"dateModified\":\"2020-12-02T20:45:40+00:00\",\"description\":\"Une d\u00e9licieuse Black Cherry qui me rappelle une soir\u00e9e au d\u00eener seul. Je remarque une pr\u00e9sence inhabituelle et sympathique, une lolita d\u2019aujourd\u2019hui.\",\"breadcrumb\":{\"@id\":\"https:\/\/birrakarma.com\/fr\/la-vagabonda-fr\/cherry-girl\/#breadcrumb\"},\"inLanguage\":\"fr-FR\",\"potentialAction\":[{\"@type\":\"ReadAction\",\"target\":[\"https:\/\/birrakarma.com\/fr\/la-vagabonda-fr\/cherry-girl\/\"]}]},{\"@type\":\"BreadcrumbList\",\"@id\":\"https:\/\/birrakarma.com\/fr\/la-vagabonda-fr\/cherry-girl\/#breadcrumb\",\"itemListElement\":[{\"@type\":\"ListItem\",\"position\":1,\"name\":\"Home\",\"item\":\"https:\/\/birrakarma.com\/fr\/\"},{\"@type\":\"ListItem\",\"position\":2,\"name\":\"Shop\",\"item\":\"https:\/\/birrakarma.com\/fr\/shop\/\"},{\"@type\":\"ListItem\",\"position\":3,\"name\":\"Cherry Girl\"}]},{\"@type\":\"WebSite\",\"@id\":\"https:\/\/birrakarma.com\/#website\",\"url\":\"https:\/\/birrakarma.com\/\",\"name\":\"Birrificio Karma\",\"description\":\"Birra artigianale italiana\",\"publisher\":{\"@id\":\"https:\/\/birrakarma.com\/#organization\"},\"potentialAction\":[{\"@type\":\"SearchAction\",\"target\":{\"@type\":\"EntryPoint\",\"urlTemplate\":\"https:\/\/birrakarma.com\/?s={search_term_string}\"},\"query-input\":\"required name=search_term_string\"}],\"inLanguage\":\"fr-FR\"},{\"@type\":\"Organization\",\"@id\":\"https:\/\/birrakarma.com\/#organization\",\"name\":\"Birrificio Karma\",\"url\":\"https:\/\/birrakarma.com\/\",\"logo\":{\"@type\":\"ImageObject\",\"inLanguage\":\"fr-FR\",\"@id\":\"https:\/\/birrakarma.com\/#\/schema\/logo\/image\/\",\"url\":\"https:\/\/birrakarma.com\/wp-content\/uploads\/2020\/05\/karma-logo-naming-1.svg\",\"contentUrl\":\"https:\/\/birrakarma.com\/wp-content\/uploads\/2020\/05\/karma-logo-naming-1.svg\",\"width\":35.25,\"height\":5.41,\"caption\":\"Birrificio Karma\"},\"image\":{\"@id\":\"https:\/\/birrakarma.com\/#\/schema\/logo\/image\/\"}}]}<\/script>\n<!-- \/ Yoast SEO plugin. -->","yoast_head_json":{"title":"Bi\u00e8re artisanale Cherry Girl - Brasserie Karma","description":"Une d\u00e9licieuse Black Cherry qui me rappelle une soir\u00e9e au d\u00eener seul. Je remarque une pr\u00e9sence inhabituelle et sympathique, une lolita d\u2019aujourd\u2019hui.","robots":{"index":"index","follow":"follow","max-snippet":"max-snippet:-1","max-image-preview":"max-image-preview:large","max-video-preview":"max-video-preview:-1"},"canonical":"https:\/\/birrakarma.com\/fr\/la-vagabonda-fr\/cherry-girl\/","og_locale":"fr_FR","og_type":"article","og_title":"Bi\u00e8re artisanale Cherry Girl - Brasserie Karma","og_description":"Une d\u00e9licieuse Black Cherry qui me rappelle une soir\u00e9e au d\u00eener seul. Je remarque une pr\u00e9sence inhabituelle et sympathique, une lolita d\u2019aujourd\u2019hui.","og_url":"https:\/\/birrakarma.com\/fr\/la-vagabonda-fr\/cherry-girl\/","og_site_name":"Birrificio Karma","article_modified_time":"2020-12-02T20:45:40+00:00","og_image":[{"width":1277,"height":2391,"url":"https:\/\/birrakarma.com\/wp-content\/uploads\/2020\/10\/cherrygirl-up-1.png","type":"image\/png"}],"twitter_card":"summary_large_image","schema":{"@context":"https:\/\/schema.org","@graph":[{"@type":"WebPage","@id":"https:\/\/birrakarma.com\/fr\/la-vagabonda-fr\/cherry-girl\/","url":"https:\/\/birrakarma.com\/fr\/la-vagabonda-fr\/cherry-girl\/","name":"Bi\u00e8re artisanale Cherry Girl - Brasserie Karma","isPartOf":{"@id":"https:\/\/birrakarma.com\/#website"},"datePublished":"2020-10-29T14:12:27+00:00","dateModified":"2020-12-02T20:45:40+00:00","description":"Une d\u00e9licieuse Black Cherry qui me rappelle une soir\u00e9e au d\u00eener seul. Je remarque une pr\u00e9sence inhabituelle et sympathique, une lolita d\u2019aujourd\u2019hui.","breadcrumb":{"@id":"https:\/\/birrakarma.com\/fr\/la-vagabonda-fr\/cherry-girl\/#breadcrumb"},"inLanguage":"fr-FR","potentialAction":[{"@type":"ReadAction","target":["https:\/\/birrakarma.com\/fr\/la-vagabonda-fr\/cherry-girl\/"]}]},{"@type":"BreadcrumbList","@id":"https:\/\/birrakarma.com\/fr\/la-vagabonda-fr\/cherry-girl\/#breadcrumb","itemListElement":[{"@type":"ListItem","position":1,"name":"Home","item":"https:\/\/birrakarma.com\/fr\/"},{"@type":"ListItem","position":2,"name":"Shop","item":"https:\/\/birrakarma.com\/fr\/shop\/"},{"@type":"ListItem","position":3,"name":"Cherry Girl"}]},{"@type":"WebSite","@id":"https:\/\/birrakarma.com\/#website","url":"https:\/\/birrakarma.com\/","name":"Birrificio Karma","description":"Birra artigianale italiana","publisher":{"@id":"https:\/\/birrakarma.com\/#organization"},"potentialAction":[{"@type":"SearchAction","target":{"@type":"EntryPoint","urlTemplate":"https:\/\/birrakarma.com\/?s={search_term_string}"},"query-input":"required name=search_term_string"}],"inLanguage":"fr-FR"},{"@type":"Organization","@id":"https:\/\/birrakarma.com\/#organization","name":"Birrificio Karma","url":"https:\/\/birrakarma.com\/","logo":{"@type":"ImageObject","inLanguage":"fr-FR","@id":"https:\/\/birrakarma.com\/#\/schema\/logo\/image\/","url":"https:\/\/birrakarma.com\/wp-content\/uploads\/2020\/05\/karma-logo-naming-1.svg","contentUrl":"https:\/\/birrakarma.com\/wp-content\/uploads\/2020\/05\/karma-logo-naming-1.svg","width":35.25,"height":5.41,"caption":"Birrificio Karma"},"image":{"@id":"https:\/\/birrakarma.com\/#\/schema\/logo\/image\/"}}]}},"_links":{"self":[{"href":"https:\/\/birrakarma.com\/fr\/wp-json\/wp\/v2\/product\/2166","targetHints":{"allow":["GET"]}}],"collection":[{"href":"https:\/\/birrakarma.com\/fr\/wp-json\/wp\/v2\/product"}],"about":[{"href":"https:\/\/birrakarma.com\/fr\/wp-json\/wp\/v2\/types\/product"}],"wp:featuredmedia":[{"embeddable":true,"href":"https:\/\/birrakarma.com\/fr\/wp-json\/wp\/v2\/media\/4025"}],"wp:attachment":[{"href":"https:\/\/birrakarma.com\/fr\/wp-json\/wp\/v2\/media?parent=2166"}],"wp:term":[{"taxonomy":"product_cat","embeddable":true,"href":"https:\/\/birrakarma.com\/fr\/wp-json\/wp\/v2\/product_cat?post=2166"},{"taxonomy":"product_tag","embeddable":true,"href":"https:\/\/birrakarma.com\/fr\/wp-json\/wp\/v2\/product_tag?post=2166"}],"curies":[{"name":"wp","href":"https:\/\/api.w.org\/{rel}","templated":true}]}}