{"id":2164,"date":"2020-10-29T14:20:01","date_gmt":"2020-10-29T14:20:01","guid":{"rendered":"https:\/\/birrakarma.com\/non%20class\u00e9\/shannon\/"},"modified":"2020-12-02T20:43:37","modified_gmt":"2020-12-02T20:43:37","slug":"shannon","status":"publish","type":"product","link":"https:\/\/birrakarma.com\/fr\/la-vagabonda-fr\/shannon\/","title":{"rendered":"Shannon"},"content":{"rendered":"<p>St. Patrick est vert une fois par an. Pour le reste &#8230; c&#8217;est noir comme ces soir\u00e9es inoubliables. Un Stout avec une longue saveur comme le Shannon, le plus long fleuve d&#8217;Irlande. Cela me rappelle une poign\u00e9e d&#8217;amis se vautrant dans sa mousse dense, de ce noir incomparable unique au monde. Amis, histoires nocturnes \u00e9tranges et quelque peu maudites. Fait de pubs, de compagnons de voyage occasionnels et de cette pluie dense et \u00e9paisse typique de l&#8217;automne irlandais.<\/p>\n","protected":false},"excerpt":{"rendered":"<p>St. Patrick est vert une fois par an. Pour le reste &#8230; c&#8217;est noir comme ces soir\u00e9es inoubliables. Un Stout avec une longue saveur comme le Shannon, le plus long fleuve d&#8217;Irlande. Cela me rappelle une poign\u00e9e d&#8217;amis se vautrant dans sa mousse dense, de ce noir incomparable unique au monde. Amis, histoires nocturnes \u00e9tranges [&hellip;]<\/p>\n","protected":false},"featured_media":4098,"template":"","meta":[],"product_cat":[138],"product_tag":[142],"class_list":["post-2164","product","type-product","status-publish","has-post-thumbnail","hentry","product_cat-la-vagabonda-fr","product_tag-stout-fr"],"yoast_head":"<!-- This site is optimized with the Yoast SEO plugin v20.3 - https:\/\/yoast.com\/wordpress\/plugins\/seo\/ -->\n<title>Bi\u00e8re artisanale Shannon - Brasserie Karma<\/title>\n<meta name=\"description\" content=\"Un Stout avec un long go\u00fbt comme le Shannon, le plus long fleuve d\u2019Irlande. Shannon bi\u00e8re artisanale.\" \/>\n<meta name=\"robots\" content=\"index, follow, max-snippet:-1, max-image-preview:large, max-video-preview:-1\" \/>\n<link rel=\"canonical\" href=\"https:\/\/birrakarma.com\/fr\/la-vagabonda-fr\/shannon\/\" \/>\n<meta property=\"og:locale\" content=\"fr_FR\" \/>\n<meta property=\"og:type\" content=\"article\" \/>\n<meta property=\"og:title\" content=\"Bi\u00e8re artisanale Shannon - Brasserie Karma\" \/>\n<meta property=\"og:description\" content=\"Un Stout avec un long go\u00fbt comme le Shannon, le plus long fleuve d\u2019Irlande. Shannon bi\u00e8re artisanale.\" \/>\n<meta property=\"og:url\" content=\"https:\/\/birrakarma.com\/fr\/la-vagabonda-fr\/shannon\/\" \/>\n<meta property=\"og:site_name\" content=\"Birrificio Karma\" \/>\n<meta property=\"article:modified_time\" content=\"2020-12-02T20:43:37+00:00\" \/>\n<meta property=\"og:image\" content=\"https:\/\/birrakarma.com\/wp-content\/uploads\/2020\/10\/shannon-up-1.png\" \/>\n\t<meta property=\"og:image:width\" content=\"1277\" \/>\n\t<meta property=\"og:image:height\" content=\"2391\" \/>\n\t<meta property=\"og:image:type\" content=\"image\/png\" \/>\n<meta name=\"twitter:card\" content=\"summary_large_image\" \/>\n<script type=\"application\/ld+json\" class=\"yoast-schema-graph\">{\"@context\":\"https:\/\/schema.org\",\"@graph\":[{\"@type\":\"WebPage\",\"@id\":\"https:\/\/birrakarma.com\/fr\/la-vagabonda-fr\/shannon\/\",\"url\":\"https:\/\/birrakarma.com\/fr\/la-vagabonda-fr\/shannon\/\",\"name\":\"Bi\u00e8re artisanale Shannon - Brasserie Karma\",\"isPartOf\":{\"@id\":\"https:\/\/birrakarma.com\/#website\"},\"datePublished\":\"2020-10-29T14:20:01+00:00\",\"dateModified\":\"2020-12-02T20:43:37+00:00\",\"description\":\"Un Stout avec un long go\u00fbt comme le Shannon, le plus long fleuve d\u2019Irlande. Shannon bi\u00e8re artisanale.\",\"breadcrumb\":{\"@id\":\"https:\/\/birrakarma.com\/fr\/la-vagabonda-fr\/shannon\/#breadcrumb\"},\"inLanguage\":\"fr-FR\",\"potentialAction\":[{\"@type\":\"ReadAction\",\"target\":[\"https:\/\/birrakarma.com\/fr\/la-vagabonda-fr\/shannon\/\"]}]},{\"@type\":\"BreadcrumbList\",\"@id\":\"https:\/\/birrakarma.com\/fr\/la-vagabonda-fr\/shannon\/#breadcrumb\",\"itemListElement\":[{\"@type\":\"ListItem\",\"position\":1,\"name\":\"Home\",\"item\":\"https:\/\/birrakarma.com\/fr\/\"},{\"@type\":\"ListItem\",\"position\":2,\"name\":\"Shop\",\"item\":\"https:\/\/birrakarma.com\/fr\/shop\/\"},{\"@type\":\"ListItem\",\"position\":3,\"name\":\"Shannon\"}]},{\"@type\":\"WebSite\",\"@id\":\"https:\/\/birrakarma.com\/#website\",\"url\":\"https:\/\/birrakarma.com\/\",\"name\":\"Birrificio Karma\",\"description\":\"Birra artigianale italiana\",\"publisher\":{\"@id\":\"https:\/\/birrakarma.com\/#organization\"},\"potentialAction\":[{\"@type\":\"SearchAction\",\"target\":{\"@type\":\"EntryPoint\",\"urlTemplate\":\"https:\/\/birrakarma.com\/?s={search_term_string}\"},\"query-input\":\"required name=search_term_string\"}],\"inLanguage\":\"fr-FR\"},{\"@type\":\"Organization\",\"@id\":\"https:\/\/birrakarma.com\/#organization\",\"name\":\"Birrificio Karma\",\"url\":\"https:\/\/birrakarma.com\/\",\"logo\":{\"@type\":\"ImageObject\",\"inLanguage\":\"fr-FR\",\"@id\":\"https:\/\/birrakarma.com\/#\/schema\/logo\/image\/\",\"url\":\"https:\/\/birrakarma.com\/wp-content\/uploads\/2020\/05\/karma-logo-naming-1.svg\",\"contentUrl\":\"https:\/\/birrakarma.com\/wp-content\/uploads\/2020\/05\/karma-logo-naming-1.svg\",\"width\":35.25,\"height\":5.41,\"caption\":\"Birrificio Karma\"},\"image\":{\"@id\":\"https:\/\/birrakarma.com\/#\/schema\/logo\/image\/\"}}]}<\/script>\n<!-- \/ Yoast SEO plugin. -->","yoast_head_json":{"title":"Bi\u00e8re artisanale Shannon - Brasserie Karma","description":"Un Stout avec un long go\u00fbt comme le Shannon, le plus long fleuve d\u2019Irlande. Shannon bi\u00e8re artisanale.","robots":{"index":"index","follow":"follow","max-snippet":"max-snippet:-1","max-image-preview":"max-image-preview:large","max-video-preview":"max-video-preview:-1"},"canonical":"https:\/\/birrakarma.com\/fr\/la-vagabonda-fr\/shannon\/","og_locale":"fr_FR","og_type":"article","og_title":"Bi\u00e8re artisanale Shannon - Brasserie Karma","og_description":"Un Stout avec un long go\u00fbt comme le Shannon, le plus long fleuve d\u2019Irlande. Shannon bi\u00e8re artisanale.","og_url":"https:\/\/birrakarma.com\/fr\/la-vagabonda-fr\/shannon\/","og_site_name":"Birrificio Karma","article_modified_time":"2020-12-02T20:43:37+00:00","og_image":[{"width":1277,"height":2391,"url":"https:\/\/birrakarma.com\/wp-content\/uploads\/2020\/10\/shannon-up-1.png","type":"image\/png"}],"twitter_card":"summary_large_image","schema":{"@context":"https:\/\/schema.org","@graph":[{"@type":"WebPage","@id":"https:\/\/birrakarma.com\/fr\/la-vagabonda-fr\/shannon\/","url":"https:\/\/birrakarma.com\/fr\/la-vagabonda-fr\/shannon\/","name":"Bi\u00e8re artisanale Shannon - Brasserie Karma","isPartOf":{"@id":"https:\/\/birrakarma.com\/#website"},"datePublished":"2020-10-29T14:20:01+00:00","dateModified":"2020-12-02T20:43:37+00:00","description":"Un Stout avec un long go\u00fbt comme le Shannon, le plus long fleuve d\u2019Irlande. Shannon bi\u00e8re artisanale.","breadcrumb":{"@id":"https:\/\/birrakarma.com\/fr\/la-vagabonda-fr\/shannon\/#breadcrumb"},"inLanguage":"fr-FR","potentialAction":[{"@type":"ReadAction","target":["https:\/\/birrakarma.com\/fr\/la-vagabonda-fr\/shannon\/"]}]},{"@type":"BreadcrumbList","@id":"https:\/\/birrakarma.com\/fr\/la-vagabonda-fr\/shannon\/#breadcrumb","itemListElement":[{"@type":"ListItem","position":1,"name":"Home","item":"https:\/\/birrakarma.com\/fr\/"},{"@type":"ListItem","position":2,"name":"Shop","item":"https:\/\/birrakarma.com\/fr\/shop\/"},{"@type":"ListItem","position":3,"name":"Shannon"}]},{"@type":"WebSite","@id":"https:\/\/birrakarma.com\/#website","url":"https:\/\/birrakarma.com\/","name":"Birrificio Karma","description":"Birra artigianale italiana","publisher":{"@id":"https:\/\/birrakarma.com\/#organization"},"potentialAction":[{"@type":"SearchAction","target":{"@type":"EntryPoint","urlTemplate":"https:\/\/birrakarma.com\/?s={search_term_string}"},"query-input":"required name=search_term_string"}],"inLanguage":"fr-FR"},{"@type":"Organization","@id":"https:\/\/birrakarma.com\/#organization","name":"Birrificio Karma","url":"https:\/\/birrakarma.com\/","logo":{"@type":"ImageObject","inLanguage":"fr-FR","@id":"https:\/\/birrakarma.com\/#\/schema\/logo\/image\/","url":"https:\/\/birrakarma.com\/wp-content\/uploads\/2020\/05\/karma-logo-naming-1.svg","contentUrl":"https:\/\/birrakarma.com\/wp-content\/uploads\/2020\/05\/karma-logo-naming-1.svg","width":35.25,"height":5.41,"caption":"Birrificio Karma"},"image":{"@id":"https:\/\/birrakarma.com\/#\/schema\/logo\/image\/"}}]}},"_links":{"self":[{"href":"https:\/\/birrakarma.com\/fr\/wp-json\/wp\/v2\/product\/2164","targetHints":{"allow":["GET"]}}],"collection":[{"href":"https:\/\/birrakarma.com\/fr\/wp-json\/wp\/v2\/product"}],"about":[{"href":"https:\/\/birrakarma.com\/fr\/wp-json\/wp\/v2\/types\/product"}],"wp:featuredmedia":[{"embeddable":true,"href":"https:\/\/birrakarma.com\/fr\/wp-json\/wp\/v2\/media\/4098"}],"wp:attachment":[{"href":"https:\/\/birrakarma.com\/fr\/wp-json\/wp\/v2\/media?parent=2164"}],"wp:term":[{"taxonomy":"product_cat","embeddable":true,"href":"https:\/\/birrakarma.com\/fr\/wp-json\/wp\/v2\/product_cat?post=2164"},{"taxonomy":"product_tag","embeddable":true,"href":"https:\/\/birrakarma.com\/fr\/wp-json\/wp\/v2\/product_tag?post=2164"}],"curies":[{"name":"wp","href":"https:\/\/api.w.org\/{rel}","templated":true}]}}