{"id":2152,"date":"2020-05-31T17:39:17","date_gmt":"2020-05-31T17:39:17","guid":{"rendered":"https:\/\/birrakarma.com\/non%20class\u00e9\/amber-doll\/"},"modified":"2020-12-02T21:04:47","modified_gmt":"2020-12-02T21:04:47","slug":"amber-doll","status":"publish","type":"product","link":"https:\/\/birrakarma.com\/fr\/classic-fr\/amber-doll\/","title":{"rendered":"Amber Doll"},"content":{"rendered":"<p>Bi\u00e8re ambr\u00e9e caract\u00e9ris\u00e9e par un assemblage de cinq malts et houblons continentaux et am\u00e9ricains avec l&#8217;ajout de miel de ch\u00e2taigne. Robe ambr\u00e9e aux reflets cuivr\u00e9s, limpide. Mousse ivoire, tr\u00e8s fine et tr\u00e8s persistante. Au nez, dominent des notes malt\u00e9es et de miel de ch\u00e2taigne, auxquelles s&#8217;ajoutent en finale de l\u00e9g\u00e8res notes grill\u00e9es et herbac\u00e9es. La gorg\u00e9e met imm\u00e9diatement en valeur les notes de miel de ch\u00e2taignier, jamais \u00e9coeurantes, ce qui rend la gorg\u00e9e douce, avec une finale o\u00f9 apparaissent des notes grill\u00e9es et une amertume discr\u00e8te, qui<br \/>\nlaisse un arri\u00e8re-go\u00fbt balsamique et \u00e9pic\u00e9.<\/p>\n<p><strong>Haute<\/strong> Fermentation<br \/>\n\u2026\u2026\u2026\u2026\u2026\u2026\u2026\u2026\u2026\u2026\u2026\u2026\u2026\u2026\u2026\u2026\u2026\u2026..<br \/>\nVolume alcoolis\u00e9 <strong>5,7%<\/strong><br \/>\n\u2026\u2026\u2026\u2026\u2026\u2026\u2026\u2026\u2026\u2026\u2026\u2026\u2026\u2026\u2026\u2026\u2026\u2026..<br \/>\nCouleur <strong>ambr\u00e9e<\/strong><br \/>\n\u2026\u2026\u2026\u2026\u2026\u2026\u2026\u2026\u2026\u2026\u2026\u2026\u2026\u2026\u2026\u2026\u2026\u2026..<br \/>\nTemp\u00e9rature de service <strong>6 \u00b0 -8 \u00b0<\/strong><br \/>\n\u2026\u2026\u2026\u2026\u2026\u2026\u2026\u2026\u2026\u2026\u2026\u2026\u2026\u2026\u2026\u2026\u2026\u2026..<br \/>\nPlaque <strong>13 , 5<\/strong><br \/>\n\u2026\u2026\u2026\u2026\u2026\u2026\u2026\u2026\u2026\u2026\u2026\u2026\u2026\u2026\u2026\u2026\u2026\u2026..<br \/>\nIbu 20<br \/>\n\u2026\u2026\u2026\u2026\u2026\u2026\u2026\u2026\u2026\u2026\u2026\u2026\u2026\u2026\u2026\u2026\u2026\u2026..<br \/>\nDisponibilit\u00e9 <strong>Toute l&#8217;ann\u00e9e<br \/>\n<\/strong><br \/>\n<em><strong>ACCORDS<br \/>\n<\/strong><\/em><br \/>\n&gt;Porc brais\u00e9 \u00e0 la pomme annurca accompagn\u00e9 de pommes de terre molles<br \/>\n&gt; Fromage Buffalo taleggio avec confiture de piments forts<br \/>\n&gt; Cuisse de lapin farcie aux l\u00e9gumes et fromage<br \/>\n&gt; Soupe aux marrons et c\u00e8pes \u00e0 la bi\u00e8re Amber Doll<br \/>\n&gt; Millefeuille au lait de ch\u00e8vre frais, mortadelle de sanglier, poivrons et Chou de Savoie \u00e0 la bi\u00e8re<br \/>\n&gt; Tagliatelles al rag\u00f9<br \/>\n&gt; C\u00f4te de jambon et noix<br \/>\n&gt; Black Pizza (scamorza, fleurs de lait, salami)<br \/>\n&gt; Conciato Pizza (aplati, poivron, saindoux et slow food tann\u00e9 romain)<\/p>\n","protected":false},"excerpt":{"rendered":"<p>Une poup\u00e9e pr\u00e9cieuse<\/p>\n","protected":false},"featured_media":8531,"template":"","meta":[],"product_cat":[106],"product_tag":[136],"class_list":["post-2152","product","type-product","status-publish","has-post-thumbnail","hentry","product_cat-classic-fr","product_tag-honey-ale-fr"],"yoast_head":"<!-- This site is optimized with the Yoast SEO plugin v20.3 - https:\/\/yoast.com\/wordpress\/plugins\/seo\/ -->\n<title>Bi\u00e8re artisanale Amber Doll - Brasserie Karma<\/title>\n<meta name=\"description\" content=\"Bi\u00e8re ambr\u00e9e caract\u00e9ris\u00e9e par un m\u00e9lange de cinq malts. Couleur ambr\u00e9e avec reflets cuivraux, clair.\" \/>\n<meta name=\"robots\" content=\"index, follow, max-snippet:-1, max-image-preview:large, max-video-preview:-1\" \/>\n<link rel=\"canonical\" href=\"https:\/\/birrakarma.com\/fr\/classic-fr\/amber-doll\/\" \/>\n<meta property=\"og:locale\" content=\"fr_FR\" \/>\n<meta property=\"og:type\" content=\"article\" \/>\n<meta property=\"og:title\" content=\"Bi\u00e8re artisanale Amber Doll - Brasserie Karma\" \/>\n<meta property=\"og:description\" content=\"Bi\u00e8re ambr\u00e9e caract\u00e9ris\u00e9e par un m\u00e9lange de cinq malts. Couleur ambr\u00e9e avec reflets cuivraux, clair.\" \/>\n<meta property=\"og:url\" content=\"https:\/\/birrakarma.com\/fr\/classic-fr\/amber-doll\/\" \/>\n<meta property=\"og:site_name\" content=\"Birrificio Karma\" \/>\n<meta property=\"article:modified_time\" content=\"2020-12-02T21:04:47+00:00\" \/>\n<meta property=\"og:image\" content=\"https:\/\/birrakarma.com\/wp-content\/uploads\/2020\/05\/amber-doll-karma-1.png\" \/>\n\t<meta property=\"og:image:width\" content=\"427\" \/>\n\t<meta property=\"og:image:height\" content=\"1102\" \/>\n\t<meta property=\"og:image:type\" content=\"image\/png\" \/>\n<meta name=\"twitter:card\" content=\"summary_large_image\" \/>\n<meta name=\"twitter:label1\" content=\"Dur\u00e9e de lecture estim\u00e9e\" \/>\n\t<meta name=\"twitter:data1\" content=\"1 minute\" \/>\n<script type=\"application\/ld+json\" class=\"yoast-schema-graph\">{\"@context\":\"https:\/\/schema.org\",\"@graph\":[{\"@type\":\"WebPage\",\"@id\":\"https:\/\/birrakarma.com\/fr\/classic-fr\/amber-doll\/\",\"url\":\"https:\/\/birrakarma.com\/fr\/classic-fr\/amber-doll\/\",\"name\":\"Bi\u00e8re artisanale Amber Doll - Brasserie Karma\",\"isPartOf\":{\"@id\":\"https:\/\/birrakarma.com\/#website\"},\"datePublished\":\"2020-05-31T17:39:17+00:00\",\"dateModified\":\"2020-12-02T21:04:47+00:00\",\"description\":\"Bi\u00e8re ambr\u00e9e caract\u00e9ris\u00e9e par un m\u00e9lange de cinq malts. Couleur ambr\u00e9e avec reflets cuivraux, clair.\",\"breadcrumb\":{\"@id\":\"https:\/\/birrakarma.com\/fr\/classic-fr\/amber-doll\/#breadcrumb\"},\"inLanguage\":\"fr-FR\",\"potentialAction\":[{\"@type\":\"ReadAction\",\"target\":[\"https:\/\/birrakarma.com\/fr\/classic-fr\/amber-doll\/\"]}]},{\"@type\":\"BreadcrumbList\",\"@id\":\"https:\/\/birrakarma.com\/fr\/classic-fr\/amber-doll\/#breadcrumb\",\"itemListElement\":[{\"@type\":\"ListItem\",\"position\":1,\"name\":\"Home\",\"item\":\"https:\/\/birrakarma.com\/fr\/\"},{\"@type\":\"ListItem\",\"position\":2,\"name\":\"Shop\",\"item\":\"https:\/\/birrakarma.com\/fr\/shop\/\"},{\"@type\":\"ListItem\",\"position\":3,\"name\":\"Amber Doll\"}]},{\"@type\":\"WebSite\",\"@id\":\"https:\/\/birrakarma.com\/#website\",\"url\":\"https:\/\/birrakarma.com\/\",\"name\":\"Birrificio Karma\",\"description\":\"Birra artigianale italiana\",\"publisher\":{\"@id\":\"https:\/\/birrakarma.com\/#organization\"},\"potentialAction\":[{\"@type\":\"SearchAction\",\"target\":{\"@type\":\"EntryPoint\",\"urlTemplate\":\"https:\/\/birrakarma.com\/?s={search_term_string}\"},\"query-input\":\"required name=search_term_string\"}],\"inLanguage\":\"fr-FR\"},{\"@type\":\"Organization\",\"@id\":\"https:\/\/birrakarma.com\/#organization\",\"name\":\"Birrificio Karma\",\"url\":\"https:\/\/birrakarma.com\/\",\"logo\":{\"@type\":\"ImageObject\",\"inLanguage\":\"fr-FR\",\"@id\":\"https:\/\/birrakarma.com\/#\/schema\/logo\/image\/\",\"url\":\"https:\/\/birrakarma.com\/wp-content\/uploads\/2020\/05\/karma-logo-naming-1.svg\",\"contentUrl\":\"https:\/\/birrakarma.com\/wp-content\/uploads\/2020\/05\/karma-logo-naming-1.svg\",\"width\":35.25,\"height\":5.41,\"caption\":\"Birrificio Karma\"},\"image\":{\"@id\":\"https:\/\/birrakarma.com\/#\/schema\/logo\/image\/\"}}]}<\/script>\n<!-- \/ Yoast SEO plugin. -->","yoast_head_json":{"title":"Bi\u00e8re artisanale Amber Doll - Brasserie Karma","description":"Bi\u00e8re ambr\u00e9e caract\u00e9ris\u00e9e par un m\u00e9lange de cinq malts. Couleur ambr\u00e9e avec reflets cuivraux, clair.","robots":{"index":"index","follow":"follow","max-snippet":"max-snippet:-1","max-image-preview":"max-image-preview:large","max-video-preview":"max-video-preview:-1"},"canonical":"https:\/\/birrakarma.com\/fr\/classic-fr\/amber-doll\/","og_locale":"fr_FR","og_type":"article","og_title":"Bi\u00e8re artisanale Amber Doll - Brasserie Karma","og_description":"Bi\u00e8re ambr\u00e9e caract\u00e9ris\u00e9e par un m\u00e9lange de cinq malts. Couleur ambr\u00e9e avec reflets cuivraux, clair.","og_url":"https:\/\/birrakarma.com\/fr\/classic-fr\/amber-doll\/","og_site_name":"Birrificio Karma","article_modified_time":"2020-12-02T21:04:47+00:00","og_image":[{"width":427,"height":1102,"url":"https:\/\/birrakarma.com\/wp-content\/uploads\/2020\/05\/amber-doll-karma-1.png","type":"image\/png"}],"twitter_card":"summary_large_image","twitter_misc":{"Dur\u00e9e de lecture estim\u00e9e":"1 minute"},"schema":{"@context":"https:\/\/schema.org","@graph":[{"@type":"WebPage","@id":"https:\/\/birrakarma.com\/fr\/classic-fr\/amber-doll\/","url":"https:\/\/birrakarma.com\/fr\/classic-fr\/amber-doll\/","name":"Bi\u00e8re artisanale Amber Doll - Brasserie Karma","isPartOf":{"@id":"https:\/\/birrakarma.com\/#website"},"datePublished":"2020-05-31T17:39:17+00:00","dateModified":"2020-12-02T21:04:47+00:00","description":"Bi\u00e8re ambr\u00e9e caract\u00e9ris\u00e9e par un m\u00e9lange de cinq malts. Couleur ambr\u00e9e avec reflets cuivraux, clair.","breadcrumb":{"@id":"https:\/\/birrakarma.com\/fr\/classic-fr\/amber-doll\/#breadcrumb"},"inLanguage":"fr-FR","potentialAction":[{"@type":"ReadAction","target":["https:\/\/birrakarma.com\/fr\/classic-fr\/amber-doll\/"]}]},{"@type":"BreadcrumbList","@id":"https:\/\/birrakarma.com\/fr\/classic-fr\/amber-doll\/#breadcrumb","itemListElement":[{"@type":"ListItem","position":1,"name":"Home","item":"https:\/\/birrakarma.com\/fr\/"},{"@type":"ListItem","position":2,"name":"Shop","item":"https:\/\/birrakarma.com\/fr\/shop\/"},{"@type":"ListItem","position":3,"name":"Amber Doll"}]},{"@type":"WebSite","@id":"https:\/\/birrakarma.com\/#website","url":"https:\/\/birrakarma.com\/","name":"Birrificio Karma","description":"Birra artigianale italiana","publisher":{"@id":"https:\/\/birrakarma.com\/#organization"},"potentialAction":[{"@type":"SearchAction","target":{"@type":"EntryPoint","urlTemplate":"https:\/\/birrakarma.com\/?s={search_term_string}"},"query-input":"required name=search_term_string"}],"inLanguage":"fr-FR"},{"@type":"Organization","@id":"https:\/\/birrakarma.com\/#organization","name":"Birrificio Karma","url":"https:\/\/birrakarma.com\/","logo":{"@type":"ImageObject","inLanguage":"fr-FR","@id":"https:\/\/birrakarma.com\/#\/schema\/logo\/image\/","url":"https:\/\/birrakarma.com\/wp-content\/uploads\/2020\/05\/karma-logo-naming-1.svg","contentUrl":"https:\/\/birrakarma.com\/wp-content\/uploads\/2020\/05\/karma-logo-naming-1.svg","width":35.25,"height":5.41,"caption":"Birrificio Karma"},"image":{"@id":"https:\/\/birrakarma.com\/#\/schema\/logo\/image\/"}}]}},"_links":{"self":[{"href":"https:\/\/birrakarma.com\/fr\/wp-json\/wp\/v2\/product\/2152","targetHints":{"allow":["GET"]}}],"collection":[{"href":"https:\/\/birrakarma.com\/fr\/wp-json\/wp\/v2\/product"}],"about":[{"href":"https:\/\/birrakarma.com\/fr\/wp-json\/wp\/v2\/types\/product"}],"wp:featuredmedia":[{"embeddable":true,"href":"https:\/\/birrakarma.com\/fr\/wp-json\/wp\/v2\/media\/8531"}],"wp:attachment":[{"href":"https:\/\/birrakarma.com\/fr\/wp-json\/wp\/v2\/media?parent=2152"}],"wp:term":[{"taxonomy":"product_cat","embeddable":true,"href":"https:\/\/birrakarma.com\/fr\/wp-json\/wp\/v2\/product_cat?post=2152"},{"taxonomy":"product_tag","embeddable":true,"href":"https:\/\/birrakarma.com\/fr\/wp-json\/wp\/v2\/product_tag?post=2152"}],"curies":[{"name":"wp","href":"https:\/\/api.w.org\/{rel}","templated":true}]}}