{"id":2147,"date":"2020-07-13T13:19:35","date_gmt":"2020-07-13T13:19:35","guid":{"rendered":"https:\/\/birrakarma.com\/non%20class\u00e9\/carminia\/"},"modified":"2020-12-02T21:02:21","modified_gmt":"2020-12-02T21:02:21","slug":"carminia","status":"publish","type":"product","link":"https:\/\/birrakarma.com\/fr\/classic-fr\/carminia\/","title":{"rendered":"Carminia"},"content":{"rendered":"<p>Bi\u00e8re avec de fortes notes d&#8217;agrumes et tropicales gr\u00e2ce \u00e0 l&#8217;ajout de cinq houblons am\u00e9ricains diff\u00e9rents. Couleur ambr\u00e9e, claire. Mousse ivoire, fine et persistante. Au nez, les notes caram\u00e9lis\u00e9es des malts sont accompagn\u00e9es des notes d&#8217;agrumes et herbac\u00e9es du houblon. La gorg\u00e9e a une entr\u00e9e douce et douce, rappelant le caramel et le biscuit. En finale, une amertume ronde, citronn\u00e9e et balsamique ressort, qui se prolonge longtemps en arri\u00e8re-go\u00fbt.<\/p>\n<p><strong>Haute<\/strong> Fermentation<br \/>\n\u2026\u2026\u2026\u2026\u2026\u2026\u2026\u2026\u2026\u2026\u2026\u2026\u2026\u2026\u2026\u2026\u2026\u2026..<br \/>\nVolume alcoolis\u00e9 <strong>6%<\/strong><br \/>\n\u2026\u2026\u2026\u2026\u2026\u2026\u2026\u2026\u2026\u2026\u2026\u2026\u2026\u2026\u2026\u2026\u2026\u2026..<br \/>\nCouleur ambr\u00e9e<br \/>\n\u2026\u2026\u2026\u2026\u2026\u2026\u2026\u2026\u2026\u2026\u2026\u2026\u2026\u2026\u2026\u2026\u2026\u2026..<br \/>\nTemp\u00e9rature de service <strong>6 \u00b0 -8 \u00b0<\/strong><br \/>\n\u2026\u2026\u2026\u2026\u2026\u2026\u2026\u2026\u2026\u2026\u2026\u2026\u2026\u2026\u2026\u2026\u2026\u2026..<br \/>\nPlaque <strong>13.5<\/strong><br \/>\n\u2026\u2026\u2026\u2026\u2026\u2026\u2026\u2026\u2026\u2026\u2026\u2026\u2026\u2026\u2026\u2026\u2026\u2026..<br \/>\nIbu <strong>35<\/strong><br \/>\n\u2026\u2026\u2026\u2026\u2026\u2026\u2026\u2026\u2026\u2026\u2026\u2026\u2026\u2026\u2026\u2026\u2026\u2026..<br \/>\nDisponibilit\u00e9 <strong>Toute l&#8217;ann\u00e9e<br \/>\n<\/strong><br \/>\n<em><strong>ACCORDS<br \/>\n<\/strong><\/em><br \/>\n&gt; Spaghetti \u00e0 la roquette et piments<br \/>\n&gt; Boulettes de piment en p\u00e2te feuillet\u00e9e<br \/>\n&gt; Croquettes de r\u00f4ti de boeuf et pommes de terre au speck<br \/>\n&gt; Paccheri au rago\u00fbt d&#8217;agneau et roquette<br \/>\n&gt; Cr\u00eapes \u00e0 la bi\u00e8re aux c\u00e8pes et courgettes<br \/>\n&gt; Fagottini farcies aux haricots \u201cspollichini\u201d et moules \u00e0 la soupe de c\u00e9leri et lard de montagne<\/p>\n","protected":false},"excerpt":{"rendered":"<p>Le basculement doux d\u2019un hamac de campagne<\/p>\n","protected":false},"featured_media":8535,"template":"","meta":[],"product_cat":[106],"product_tag":[],"class_list":["post-2147","product","type-product","status-publish","has-post-thumbnail","hentry","product_cat-classic-fr"],"yoast_head":"<!-- This site is optimized with the Yoast SEO plugin v20.3 - https:\/\/yoast.com\/wordpress\/plugins\/seo\/ -->\n<title>Bi\u00e8re artisanale Carminia - Brasserie Karma<\/title>\n<meta name=\"description\" content=\"Bi\u00e8re artisanale Carminia. Bi\u00e8re aux agrumes forts et r\u00e9f\u00e9rences tropicales. Couleur ambr\u00e9e, claire. Mousse ivoire, fine et persistante.\" \/>\n<meta name=\"robots\" content=\"index, follow, max-snippet:-1, max-image-preview:large, max-video-preview:-1\" \/>\n<link rel=\"canonical\" href=\"https:\/\/birrakarma.com\/fr\/classic-fr\/carminia\/\" \/>\n<meta property=\"og:locale\" content=\"fr_FR\" \/>\n<meta property=\"og:type\" content=\"article\" \/>\n<meta property=\"og:title\" content=\"Bi\u00e8re artisanale Carminia - Brasserie Karma\" \/>\n<meta property=\"og:description\" content=\"Bi\u00e8re artisanale Carminia. Bi\u00e8re aux agrumes forts et r\u00e9f\u00e9rences tropicales. Couleur ambr\u00e9e, claire. Mousse ivoire, fine et persistante.\" \/>\n<meta property=\"og:url\" content=\"https:\/\/birrakarma.com\/fr\/classic-fr\/carminia\/\" \/>\n<meta property=\"og:site_name\" content=\"Birrificio Karma\" \/>\n<meta property=\"article:modified_time\" content=\"2020-12-02T21:02:21+00:00\" \/>\n<meta property=\"og:image\" content=\"https:\/\/birrakarma.com\/wp-content\/uploads\/2020\/07\/carminia-karma-1.png\" \/>\n\t<meta property=\"og:image:width\" content=\"427\" \/>\n\t<meta property=\"og:image:height\" content=\"1102\" \/>\n\t<meta property=\"og:image:type\" content=\"image\/png\" \/>\n<meta name=\"twitter:card\" content=\"summary_large_image\" \/>\n<meta name=\"twitter:label1\" content=\"Dur\u00e9e de lecture estim\u00e9e\" \/>\n\t<meta name=\"twitter:data1\" content=\"1 minute\" \/>\n<script type=\"application\/ld+json\" class=\"yoast-schema-graph\">{\"@context\":\"https:\/\/schema.org\",\"@graph\":[{\"@type\":\"WebPage\",\"@id\":\"https:\/\/birrakarma.com\/fr\/classic-fr\/carminia\/\",\"url\":\"https:\/\/birrakarma.com\/fr\/classic-fr\/carminia\/\",\"name\":\"Bi\u00e8re artisanale Carminia - Brasserie Karma\",\"isPartOf\":{\"@id\":\"https:\/\/birrakarma.com\/#website\"},\"datePublished\":\"2020-07-13T13:19:35+00:00\",\"dateModified\":\"2020-12-02T21:02:21+00:00\",\"description\":\"Bi\u00e8re artisanale Carminia. Bi\u00e8re aux agrumes forts et r\u00e9f\u00e9rences tropicales. Couleur ambr\u00e9e, claire. Mousse ivoire, fine et persistante.\",\"breadcrumb\":{\"@id\":\"https:\/\/birrakarma.com\/fr\/classic-fr\/carminia\/#breadcrumb\"},\"inLanguage\":\"fr-FR\",\"potentialAction\":[{\"@type\":\"ReadAction\",\"target\":[\"https:\/\/birrakarma.com\/fr\/classic-fr\/carminia\/\"]}]},{\"@type\":\"BreadcrumbList\",\"@id\":\"https:\/\/birrakarma.com\/fr\/classic-fr\/carminia\/#breadcrumb\",\"itemListElement\":[{\"@type\":\"ListItem\",\"position\":1,\"name\":\"Home\",\"item\":\"https:\/\/birrakarma.com\/fr\/\"},{\"@type\":\"ListItem\",\"position\":2,\"name\":\"Shop\",\"item\":\"https:\/\/birrakarma.com\/fr\/shop\/\"},{\"@type\":\"ListItem\",\"position\":3,\"name\":\"Carminia\"}]},{\"@type\":\"WebSite\",\"@id\":\"https:\/\/birrakarma.com\/#website\",\"url\":\"https:\/\/birrakarma.com\/\",\"name\":\"Birrificio Karma\",\"description\":\"Birra artigianale italiana\",\"publisher\":{\"@id\":\"https:\/\/birrakarma.com\/#organization\"},\"potentialAction\":[{\"@type\":\"SearchAction\",\"target\":{\"@type\":\"EntryPoint\",\"urlTemplate\":\"https:\/\/birrakarma.com\/?s={search_term_string}\"},\"query-input\":\"required name=search_term_string\"}],\"inLanguage\":\"fr-FR\"},{\"@type\":\"Organization\",\"@id\":\"https:\/\/birrakarma.com\/#organization\",\"name\":\"Birrificio Karma\",\"url\":\"https:\/\/birrakarma.com\/\",\"logo\":{\"@type\":\"ImageObject\",\"inLanguage\":\"fr-FR\",\"@id\":\"https:\/\/birrakarma.com\/#\/schema\/logo\/image\/\",\"url\":\"https:\/\/birrakarma.com\/wp-content\/uploads\/2020\/05\/karma-logo-naming-1.svg\",\"contentUrl\":\"https:\/\/birrakarma.com\/wp-content\/uploads\/2020\/05\/karma-logo-naming-1.svg\",\"width\":35.25,\"height\":5.41,\"caption\":\"Birrificio Karma\"},\"image\":{\"@id\":\"https:\/\/birrakarma.com\/#\/schema\/logo\/image\/\"}}]}<\/script>\n<!-- \/ Yoast SEO plugin. -->","yoast_head_json":{"title":"Bi\u00e8re artisanale Carminia - Brasserie Karma","description":"Bi\u00e8re artisanale Carminia. Bi\u00e8re aux agrumes forts et r\u00e9f\u00e9rences tropicales. Couleur ambr\u00e9e, claire. Mousse ivoire, fine et persistante.","robots":{"index":"index","follow":"follow","max-snippet":"max-snippet:-1","max-image-preview":"max-image-preview:large","max-video-preview":"max-video-preview:-1"},"canonical":"https:\/\/birrakarma.com\/fr\/classic-fr\/carminia\/","og_locale":"fr_FR","og_type":"article","og_title":"Bi\u00e8re artisanale Carminia - Brasserie Karma","og_description":"Bi\u00e8re artisanale Carminia. Bi\u00e8re aux agrumes forts et r\u00e9f\u00e9rences tropicales. Couleur ambr\u00e9e, claire. Mousse ivoire, fine et persistante.","og_url":"https:\/\/birrakarma.com\/fr\/classic-fr\/carminia\/","og_site_name":"Birrificio Karma","article_modified_time":"2020-12-02T21:02:21+00:00","og_image":[{"width":427,"height":1102,"url":"https:\/\/birrakarma.com\/wp-content\/uploads\/2020\/07\/carminia-karma-1.png","type":"image\/png"}],"twitter_card":"summary_large_image","twitter_misc":{"Dur\u00e9e de lecture estim\u00e9e":"1 minute"},"schema":{"@context":"https:\/\/schema.org","@graph":[{"@type":"WebPage","@id":"https:\/\/birrakarma.com\/fr\/classic-fr\/carminia\/","url":"https:\/\/birrakarma.com\/fr\/classic-fr\/carminia\/","name":"Bi\u00e8re artisanale Carminia - Brasserie Karma","isPartOf":{"@id":"https:\/\/birrakarma.com\/#website"},"datePublished":"2020-07-13T13:19:35+00:00","dateModified":"2020-12-02T21:02:21+00:00","description":"Bi\u00e8re artisanale Carminia. Bi\u00e8re aux agrumes forts et r\u00e9f\u00e9rences tropicales. Couleur ambr\u00e9e, claire. Mousse ivoire, fine et persistante.","breadcrumb":{"@id":"https:\/\/birrakarma.com\/fr\/classic-fr\/carminia\/#breadcrumb"},"inLanguage":"fr-FR","potentialAction":[{"@type":"ReadAction","target":["https:\/\/birrakarma.com\/fr\/classic-fr\/carminia\/"]}]},{"@type":"BreadcrumbList","@id":"https:\/\/birrakarma.com\/fr\/classic-fr\/carminia\/#breadcrumb","itemListElement":[{"@type":"ListItem","position":1,"name":"Home","item":"https:\/\/birrakarma.com\/fr\/"},{"@type":"ListItem","position":2,"name":"Shop","item":"https:\/\/birrakarma.com\/fr\/shop\/"},{"@type":"ListItem","position":3,"name":"Carminia"}]},{"@type":"WebSite","@id":"https:\/\/birrakarma.com\/#website","url":"https:\/\/birrakarma.com\/","name":"Birrificio Karma","description":"Birra artigianale italiana","publisher":{"@id":"https:\/\/birrakarma.com\/#organization"},"potentialAction":[{"@type":"SearchAction","target":{"@type":"EntryPoint","urlTemplate":"https:\/\/birrakarma.com\/?s={search_term_string}"},"query-input":"required name=search_term_string"}],"inLanguage":"fr-FR"},{"@type":"Organization","@id":"https:\/\/birrakarma.com\/#organization","name":"Birrificio Karma","url":"https:\/\/birrakarma.com\/","logo":{"@type":"ImageObject","inLanguage":"fr-FR","@id":"https:\/\/birrakarma.com\/#\/schema\/logo\/image\/","url":"https:\/\/birrakarma.com\/wp-content\/uploads\/2020\/05\/karma-logo-naming-1.svg","contentUrl":"https:\/\/birrakarma.com\/wp-content\/uploads\/2020\/05\/karma-logo-naming-1.svg","width":35.25,"height":5.41,"caption":"Birrificio Karma"},"image":{"@id":"https:\/\/birrakarma.com\/#\/schema\/logo\/image\/"}}]}},"_links":{"self":[{"href":"https:\/\/birrakarma.com\/fr\/wp-json\/wp\/v2\/product\/2147","targetHints":{"allow":["GET"]}}],"collection":[{"href":"https:\/\/birrakarma.com\/fr\/wp-json\/wp\/v2\/product"}],"about":[{"href":"https:\/\/birrakarma.com\/fr\/wp-json\/wp\/v2\/types\/product"}],"wp:featuredmedia":[{"embeddable":true,"href":"https:\/\/birrakarma.com\/fr\/wp-json\/wp\/v2\/media\/8535"}],"wp:attachment":[{"href":"https:\/\/birrakarma.com\/fr\/wp-json\/wp\/v2\/media?parent=2147"}],"wp:term":[{"taxonomy":"product_cat","embeddable":true,"href":"https:\/\/birrakarma.com\/fr\/wp-json\/wp\/v2\/product_cat?post=2147"},{"taxonomy":"product_tag","embeddable":true,"href":"https:\/\/birrakarma.com\/fr\/wp-json\/wp\/v2\/product_tag?post=2147"}],"curies":[{"name":"wp","href":"https:\/\/api.w.org\/{rel}","templated":true}]}}