{"id":2142,"date":"2020-07-13T13:23:09","date_gmt":"2020-07-13T13:23:09","guid":{"rendered":"https:\/\/birrakarma.com\/non%20class\u00e9\/centesimale\/"},"modified":"2020-12-02T20:35:00","modified_gmt":"2020-12-02T20:35:00","slug":"centesimale","status":"publish","type":"product","link":"https:\/\/birrakarma.com\/fr\/classic-fr\/centesimale\/","title":{"rendered":"Centesimale"},"content":{"rendered":"<p>Bi\u00e8re festive caract\u00e9ris\u00e9e par l&#8217;originalit\u00e9 des ingr\u00e9dients inhabituels, \u00e9troitement li\u00e9s au territoire tels que la pomme \u201cannurca\u201d et le mo\u00fbt de raisins pallagrello, une vigne indig\u00e8ne de la r\u00e9gion sup\u00e9rieure de Caserte. Couleur cuivr\u00e9e fonc\u00e9e. Mousse beige, fine et compacte. Au nez le fruit\u00e9 est bien mis en valeur, avec des notes de fruits rouges dans l&#8217;alcool. La gorg\u00e9e a une entr\u00e9e douce gr\u00e2ce aux malts utilis\u00e9s et au mo\u00fbt cuit de raisins \u201cpallagrello\u201d. La l\u00e9g\u00e8re acidit\u00e9, accompagn\u00e9e d&#8217;une bonne s\u00e9cheresse, rend cette bi\u00e8re tr\u00e8s buvable.<\/p>\n<p><strong>Haute<\/strong> Fermentation<br \/>\n\u2026\u2026\u2026\u2026\u2026\u2026\u2026\u2026\u2026\u2026\u2026\u2026\u2026\u2026\u2026\u2026\u2026\u2026..<br \/>\nVolume d&#8217;alcool <strong>7,5%<\/strong><br \/>\n\u2026\u2026\u2026\u2026\u2026\u2026\u2026\u2026\u2026\u2026\u2026\u2026\u2026\u2026\u2026\u2026\u2026\u2026..<br \/>\nCouleur <strong>cuivr\u00e9e sombre<\/strong><br \/>\n\u2026\u2026\u2026\u2026\u2026\u2026\u2026\u2026\u2026\u2026\u2026\u2026\u2026\u2026\u2026\u2026\u2026\u2026..<br \/>\nTemp\u00e9rature de service <strong>6 \u00b0 -8 \u00b0<\/strong><br \/>\n\u2026\u2026\u2026\u2026\u2026\u2026\u2026\u2026\u2026\u2026\u2026\u2026\u2026\u2026\u2026\u2026\u2026\u2026..<br \/>\nPlaque <strong>17<\/strong><br \/>\n\u2026\u2026\u2026\u2026\u2026\u2026\u2026\u2026\u2026\u2026\u2026\u2026\u2026\u2026\u2026\u2026\u2026\u2026..<br \/>\nIbu <strong>25<\/strong><br \/>\n\u2026\u2026\u2026\u2026\u2026\u2026\u2026\u2026\u2026\u2026\u2026\u2026\u2026\u2026\u2026\u2026\u2026\u2026..<br \/>\nDisponibilit\u00e9 en <strong>novembre jusqu&#8217;\u00e0 \u00e9puisement<\/strong><\/p>\n<p><em><strong>ACCORDS<br \/>\n<\/strong><\/em><br \/>\n&gt; Tagliuozzi au m\u00e9lange de viande de vache blanche Caialifana rag\u00f9<br \/>\n&gt; Laticauda del Matese de porc noir et de mouton de Caserta<br \/>\n&gt; Cavatelli \u00e0 joue de porc noir de Caserta&gt; Tomates piennolo<br \/>\n&gt; Roquette et provola<br \/>\n&gt; Capocollo, saucisse, roquette, poitrine de porc noire de Caserta<br \/>\n&gt; Pizza Conciato (pain plat, poivre, saindoux et pr\u00e9sidium de slow food bronz\u00e9 \u00e0 la romaine)<\/p>\n","protected":false},"excerpt":{"rendered":"<p>La Campania in un sorso<\/p>\n","protected":false},"featured_media":8539,"template":"","meta":[],"product_cat":[106],"product_tag":[132],"class_list":["post-2142","product","type-product","status-publish","has-post-thumbnail","hentry","product_cat-classic-fr","product_tag-italian-grape-ale-fr"],"yoast_head":"<!-- This site is optimized with the Yoast SEO plugin v20.3 - https:\/\/yoast.com\/wordpress\/plugins\/seo\/ -->\n<title>Bi\u00e8re artisanale Centesimale - Brasserie Karma<\/title>\n<meta name=\"description\" content=\"Bi\u00e8re artisanale Centesimale. Caract\u00e9ris\u00e9 par des ingr\u00e9dients inhabituels li\u00e9s au territoire tels que la pomme annurca et le mo\u00fbt de raisin pallagrello.\" \/>\n<meta name=\"robots\" content=\"index, follow, max-snippet:-1, max-image-preview:large, max-video-preview:-1\" \/>\n<link rel=\"canonical\" href=\"https:\/\/birrakarma.com\/fr\/classic-fr\/centesimale\/\" \/>\n<meta property=\"og:locale\" content=\"fr_FR\" \/>\n<meta property=\"og:type\" content=\"article\" \/>\n<meta property=\"og:title\" content=\"Bi\u00e8re artisanale Centesimale - Brasserie Karma\" \/>\n<meta property=\"og:description\" content=\"Bi\u00e8re artisanale Centesimale. Caract\u00e9ris\u00e9 par des ingr\u00e9dients inhabituels li\u00e9s au territoire tels que la pomme annurca et le mo\u00fbt de raisin pallagrello.\" \/>\n<meta property=\"og:url\" content=\"https:\/\/birrakarma.com\/fr\/classic-fr\/centesimale\/\" \/>\n<meta property=\"og:site_name\" content=\"Birrificio Karma\" \/>\n<meta property=\"article:modified_time\" content=\"2020-12-02T20:35:00+00:00\" \/>\n<meta property=\"og:image\" content=\"https:\/\/birrakarma.com\/wp-content\/uploads\/2020\/07\/centesimale-karma-1.png\" \/>\n\t<meta property=\"og:image:width\" content=\"427\" \/>\n\t<meta property=\"og:image:height\" content=\"1102\" \/>\n\t<meta property=\"og:image:type\" content=\"image\/png\" \/>\n<meta name=\"twitter:card\" content=\"summary_large_image\" \/>\n<meta name=\"twitter:label1\" content=\"Dur\u00e9e de lecture estim\u00e9e\" \/>\n\t<meta name=\"twitter:data1\" content=\"1 minute\" \/>\n<script type=\"application\/ld+json\" class=\"yoast-schema-graph\">{\"@context\":\"https:\/\/schema.org\",\"@graph\":[{\"@type\":\"WebPage\",\"@id\":\"https:\/\/birrakarma.com\/fr\/classic-fr\/centesimale\/\",\"url\":\"https:\/\/birrakarma.com\/fr\/classic-fr\/centesimale\/\",\"name\":\"Bi\u00e8re artisanale Centesimale - Brasserie Karma\",\"isPartOf\":{\"@id\":\"https:\/\/birrakarma.com\/#website\"},\"datePublished\":\"2020-07-13T13:23:09+00:00\",\"dateModified\":\"2020-12-02T20:35:00+00:00\",\"description\":\"Bi\u00e8re artisanale Centesimale. Caract\u00e9ris\u00e9 par des ingr\u00e9dients inhabituels li\u00e9s au territoire tels que la pomme annurca et le mo\u00fbt de raisin pallagrello.\",\"breadcrumb\":{\"@id\":\"https:\/\/birrakarma.com\/fr\/classic-fr\/centesimale\/#breadcrumb\"},\"inLanguage\":\"fr-FR\",\"potentialAction\":[{\"@type\":\"ReadAction\",\"target\":[\"https:\/\/birrakarma.com\/fr\/classic-fr\/centesimale\/\"]}]},{\"@type\":\"BreadcrumbList\",\"@id\":\"https:\/\/birrakarma.com\/fr\/classic-fr\/centesimale\/#breadcrumb\",\"itemListElement\":[{\"@type\":\"ListItem\",\"position\":1,\"name\":\"Home\",\"item\":\"https:\/\/birrakarma.com\/fr\/\"},{\"@type\":\"ListItem\",\"position\":2,\"name\":\"Shop\",\"item\":\"https:\/\/birrakarma.com\/fr\/shop\/\"},{\"@type\":\"ListItem\",\"position\":3,\"name\":\"Centesimale\"}]},{\"@type\":\"WebSite\",\"@id\":\"https:\/\/birrakarma.com\/#website\",\"url\":\"https:\/\/birrakarma.com\/\",\"name\":\"Birrificio Karma\",\"description\":\"Birra artigianale italiana\",\"publisher\":{\"@id\":\"https:\/\/birrakarma.com\/#organization\"},\"potentialAction\":[{\"@type\":\"SearchAction\",\"target\":{\"@type\":\"EntryPoint\",\"urlTemplate\":\"https:\/\/birrakarma.com\/?s={search_term_string}\"},\"query-input\":\"required name=search_term_string\"}],\"inLanguage\":\"fr-FR\"},{\"@type\":\"Organization\",\"@id\":\"https:\/\/birrakarma.com\/#organization\",\"name\":\"Birrificio Karma\",\"url\":\"https:\/\/birrakarma.com\/\",\"logo\":{\"@type\":\"ImageObject\",\"inLanguage\":\"fr-FR\",\"@id\":\"https:\/\/birrakarma.com\/#\/schema\/logo\/image\/\",\"url\":\"https:\/\/birrakarma.com\/wp-content\/uploads\/2020\/05\/karma-logo-naming-1.svg\",\"contentUrl\":\"https:\/\/birrakarma.com\/wp-content\/uploads\/2020\/05\/karma-logo-naming-1.svg\",\"width\":35.25,\"height\":5.41,\"caption\":\"Birrificio Karma\"},\"image\":{\"@id\":\"https:\/\/birrakarma.com\/#\/schema\/logo\/image\/\"}}]}<\/script>\n<!-- \/ Yoast SEO plugin. -->","yoast_head_json":{"title":"Bi\u00e8re artisanale Centesimale - Brasserie Karma","description":"Bi\u00e8re artisanale Centesimale. Caract\u00e9ris\u00e9 par des ingr\u00e9dients inhabituels li\u00e9s au territoire tels que la pomme annurca et le mo\u00fbt de raisin pallagrello.","robots":{"index":"index","follow":"follow","max-snippet":"max-snippet:-1","max-image-preview":"max-image-preview:large","max-video-preview":"max-video-preview:-1"},"canonical":"https:\/\/birrakarma.com\/fr\/classic-fr\/centesimale\/","og_locale":"fr_FR","og_type":"article","og_title":"Bi\u00e8re artisanale Centesimale - Brasserie Karma","og_description":"Bi\u00e8re artisanale Centesimale. Caract\u00e9ris\u00e9 par des ingr\u00e9dients inhabituels li\u00e9s au territoire tels que la pomme annurca et le mo\u00fbt de raisin pallagrello.","og_url":"https:\/\/birrakarma.com\/fr\/classic-fr\/centesimale\/","og_site_name":"Birrificio Karma","article_modified_time":"2020-12-02T20:35:00+00:00","og_image":[{"width":427,"height":1102,"url":"https:\/\/birrakarma.com\/wp-content\/uploads\/2020\/07\/centesimale-karma-1.png","type":"image\/png"}],"twitter_card":"summary_large_image","twitter_misc":{"Dur\u00e9e de lecture estim\u00e9e":"1 minute"},"schema":{"@context":"https:\/\/schema.org","@graph":[{"@type":"WebPage","@id":"https:\/\/birrakarma.com\/fr\/classic-fr\/centesimale\/","url":"https:\/\/birrakarma.com\/fr\/classic-fr\/centesimale\/","name":"Bi\u00e8re artisanale Centesimale - Brasserie Karma","isPartOf":{"@id":"https:\/\/birrakarma.com\/#website"},"datePublished":"2020-07-13T13:23:09+00:00","dateModified":"2020-12-02T20:35:00+00:00","description":"Bi\u00e8re artisanale Centesimale. Caract\u00e9ris\u00e9 par des ingr\u00e9dients inhabituels li\u00e9s au territoire tels que la pomme annurca et le mo\u00fbt de raisin pallagrello.","breadcrumb":{"@id":"https:\/\/birrakarma.com\/fr\/classic-fr\/centesimale\/#breadcrumb"},"inLanguage":"fr-FR","potentialAction":[{"@type":"ReadAction","target":["https:\/\/birrakarma.com\/fr\/classic-fr\/centesimale\/"]}]},{"@type":"BreadcrumbList","@id":"https:\/\/birrakarma.com\/fr\/classic-fr\/centesimale\/#breadcrumb","itemListElement":[{"@type":"ListItem","position":1,"name":"Home","item":"https:\/\/birrakarma.com\/fr\/"},{"@type":"ListItem","position":2,"name":"Shop","item":"https:\/\/birrakarma.com\/fr\/shop\/"},{"@type":"ListItem","position":3,"name":"Centesimale"}]},{"@type":"WebSite","@id":"https:\/\/birrakarma.com\/#website","url":"https:\/\/birrakarma.com\/","name":"Birrificio Karma","description":"Birra artigianale italiana","publisher":{"@id":"https:\/\/birrakarma.com\/#organization"},"potentialAction":[{"@type":"SearchAction","target":{"@type":"EntryPoint","urlTemplate":"https:\/\/birrakarma.com\/?s={search_term_string}"},"query-input":"required name=search_term_string"}],"inLanguage":"fr-FR"},{"@type":"Organization","@id":"https:\/\/birrakarma.com\/#organization","name":"Birrificio Karma","url":"https:\/\/birrakarma.com\/","logo":{"@type":"ImageObject","inLanguage":"fr-FR","@id":"https:\/\/birrakarma.com\/#\/schema\/logo\/image\/","url":"https:\/\/birrakarma.com\/wp-content\/uploads\/2020\/05\/karma-logo-naming-1.svg","contentUrl":"https:\/\/birrakarma.com\/wp-content\/uploads\/2020\/05\/karma-logo-naming-1.svg","width":35.25,"height":5.41,"caption":"Birrificio Karma"},"image":{"@id":"https:\/\/birrakarma.com\/#\/schema\/logo\/image\/"}}]}},"_links":{"self":[{"href":"https:\/\/birrakarma.com\/fr\/wp-json\/wp\/v2\/product\/2142","targetHints":{"allow":["GET"]}}],"collection":[{"href":"https:\/\/birrakarma.com\/fr\/wp-json\/wp\/v2\/product"}],"about":[{"href":"https:\/\/birrakarma.com\/fr\/wp-json\/wp\/v2\/types\/product"}],"wp:featuredmedia":[{"embeddable":true,"href":"https:\/\/birrakarma.com\/fr\/wp-json\/wp\/v2\/media\/8539"}],"wp:attachment":[{"href":"https:\/\/birrakarma.com\/fr\/wp-json\/wp\/v2\/media?parent=2142"}],"wp:term":[{"taxonomy":"product_cat","embeddable":true,"href":"https:\/\/birrakarma.com\/fr\/wp-json\/wp\/v2\/product_cat?post=2142"},{"taxonomy":"product_tag","embeddable":true,"href":"https:\/\/birrakarma.com\/fr\/wp-json\/wp\/v2\/product_tag?post=2142"}],"curies":[{"name":"wp","href":"https:\/\/api.w.org\/{rel}","templated":true}]}}