{"id":2137,"date":"2020-07-13T13:27:14","date_gmt":"2020-07-13T13:27:14","guid":{"rendered":"https:\/\/birrakarma.com\/non%20class\u00e9\/cubulteria\/"},"modified":"2020-12-02T20:59:10","modified_gmt":"2020-12-02T20:59:10","slug":"cubulteria","status":"publish","type":"product","link":"https:\/\/birrakarma.com\/fr\/classic-fr\/cubulteria\/","title":{"rendered":"Cubulteria"},"content":{"rendered":"<p>Bi\u00e8re blonde brass\u00e9e avec un m\u00e9lange d&#8217;orge et de malt de bl\u00e9 et \u00e9pic\u00e9e d&#8217;agrumes. Robe jaune or aux reflets orang\u00e9s. Mousse blanche. Au nez, des notes fruit\u00e9es et \u00e9pic\u00e9es, tr\u00e8s douces et bien int\u00e9gr\u00e9es les unes aux autres. La gorg\u00e9e a une entr\u00e9e douce, avec la pr\u00e9sence du fruit\u00e9 d\u00e9j\u00e0 pr\u00e9sent au nez, auquel s&#8217;ajoute une bonne s\u00e9cheresse et une l\u00e9g\u00e8re note acide en finale qui aide \u00e0 nettoyer le palais. Bi\u00e8re complexe, \u00e9l\u00e9gante et intrigante.<\/p>\n<p><strong>Haute<\/strong> Fermentation<\/p>\n<p>\u2026\u2026\u2026\u2026\u2026\u2026\u2026\u2026\u2026\u2026\u2026\u2026\u2026\u2026\u2026\u2026\u2026\u2026..<\/p>\n<p>Volume alcoolis\u00e9 <strong>6,5%<\/strong><\/p>\n<p>\u2026\u2026\u2026\u2026\u2026\u2026\u2026\u2026\u2026\u2026\u2026\u2026\u2026\u2026\u2026\u2026\u2026\u2026..<\/p>\n<p>Couleur <strong>jaune dor<\/strong>\u00e9<\/p>\n<p>\u2026\u2026\u2026\u2026\u2026\u2026\u2026\u2026\u2026\u2026\u2026\u2026\u2026\u2026\u2026\u2026\u2026\u2026..<\/p>\n<p>Temp\u00e9rature de service <strong>6 \u00b0<\/strong><\/p>\n<p>\u2026\u2026\u2026\u2026\u2026\u2026\u2026\u2026\u2026\u2026\u2026\u2026\u2026\u2026\u2026\u2026\u2026\u2026..<\/p>\n<p>Plaque <strong>15<\/strong><\/p>\n<p>\u2026\u2026\u2026\u2026\u2026\u2026\u2026\u2026\u2026\u2026\u2026\u2026\u2026\u2026\u2026\u2026\u2026\u2026..<\/p>\n<p>Ibu <strong>25<\/strong><\/p>\n<p>\u2026\u2026\u2026\u2026\u2026\u2026\u2026\u2026\u2026\u2026\u2026\u2026\u2026\u2026\u2026\u2026\u2026\u2026..<\/p>\n<p>Disponibilit\u00e9 <strong>Toute l&#8217;ann\u00e9e<\/strong><\/p>\n<p><em><strong>ACCORDS<\/strong><\/em><\/p>\n<p>&gt; Lapin en dessert fort et l\u00e9gumes gratin\u00e9s<\/p>\n<p>&gt; Jambon tranch\u00e9 cuit au four \u00e0 bois avec pommes de terre aux herbes<\/p>\n<p>&gt; Caciocavallo Cilento et salade de poulet \u00e0 la cr\u00e8me d\u2019aubergine<\/p>\n<p>&gt; Rouleaux de poivrons au fromage \u00e0 la roquette<\/p>\n<p>&gt; Saumon sauvage en panure aux herbes, cr\u00e8me de pommes de terre et poireaux<\/p>\n<p>&gt; Filet de porc au safran<\/p>\n<p>&gt; Calzone Napoli type (ricotta, mozzarella, salami et tomate)<\/p>\n<p>&gt; Calzone aux endives<br \/>\n&gt; Pizza frite<\/p>\n","protected":false},"excerpt":{"rendered":"<p>Un plaisir ancien, \u00e9l\u00e9gant et intrigant<\/p>\n","protected":false},"featured_media":8543,"template":"","meta":[],"product_cat":[106],"product_tag":[130],"class_list":["post-2137","product","type-product","status-publish","has-post-thumbnail","hentry","product_cat-classic-fr","product_tag-italian-wheat-fr"],"yoast_head":"<!-- This site is optimized with the Yoast SEO plugin v20.3 - https:\/\/yoast.com\/wordpress\/plugins\/seo\/ -->\n<title>Bi\u00e8re artisanale Cubulteria - Brasserie Karma<\/title>\n<meta name=\"description\" content=\"Bi\u00e8re artisanale Cubulteria. Bi\u00e8re claire produite avec un m\u00e9lange de malt d\u2019orge. Couleur jaune dor\u00e9 charg\u00e9e de reflets orange.\" \/>\n<meta name=\"robots\" content=\"index, follow, max-snippet:-1, max-image-preview:large, max-video-preview:-1\" \/>\n<link rel=\"canonical\" href=\"https:\/\/birrakarma.com\/fr\/classic-fr\/cubulteria\/\" \/>\n<meta property=\"og:locale\" content=\"fr_FR\" \/>\n<meta property=\"og:type\" content=\"article\" \/>\n<meta property=\"og:title\" content=\"Bi\u00e8re artisanale Cubulteria - Brasserie Karma\" \/>\n<meta property=\"og:description\" content=\"Bi\u00e8re artisanale Cubulteria. Bi\u00e8re claire produite avec un m\u00e9lange de malt d\u2019orge. Couleur jaune dor\u00e9 charg\u00e9e de reflets orange.\" \/>\n<meta property=\"og:url\" content=\"https:\/\/birrakarma.com\/fr\/classic-fr\/cubulteria\/\" \/>\n<meta property=\"og:site_name\" content=\"Birrificio Karma\" \/>\n<meta property=\"article:modified_time\" content=\"2020-12-02T20:59:10+00:00\" \/>\n<meta property=\"og:image\" content=\"https:\/\/birrakarma.com\/wp-content\/uploads\/2020\/07\/cubulteria-karma.png\" \/>\n\t<meta property=\"og:image:width\" content=\"427\" \/>\n\t<meta property=\"og:image:height\" content=\"1102\" \/>\n\t<meta property=\"og:image:type\" content=\"image\/png\" \/>\n<meta name=\"twitter:card\" content=\"summary_large_image\" \/>\n<meta name=\"twitter:label1\" content=\"Dur\u00e9e de lecture estim\u00e9e\" \/>\n\t<meta name=\"twitter:data1\" content=\"1 minute\" \/>\n<script type=\"application\/ld+json\" class=\"yoast-schema-graph\">{\"@context\":\"https:\/\/schema.org\",\"@graph\":[{\"@type\":\"WebPage\",\"@id\":\"https:\/\/birrakarma.com\/fr\/classic-fr\/cubulteria\/\",\"url\":\"https:\/\/birrakarma.com\/fr\/classic-fr\/cubulteria\/\",\"name\":\"Bi\u00e8re artisanale Cubulteria - Brasserie Karma\",\"isPartOf\":{\"@id\":\"https:\/\/birrakarma.com\/#website\"},\"datePublished\":\"2020-07-13T13:27:14+00:00\",\"dateModified\":\"2020-12-02T20:59:10+00:00\",\"description\":\"Bi\u00e8re artisanale Cubulteria. Bi\u00e8re claire produite avec un m\u00e9lange de malt d\u2019orge. Couleur jaune dor\u00e9 charg\u00e9e de reflets orange.\",\"breadcrumb\":{\"@id\":\"https:\/\/birrakarma.com\/fr\/classic-fr\/cubulteria\/#breadcrumb\"},\"inLanguage\":\"fr-FR\",\"potentialAction\":[{\"@type\":\"ReadAction\",\"target\":[\"https:\/\/birrakarma.com\/fr\/classic-fr\/cubulteria\/\"]}]},{\"@type\":\"BreadcrumbList\",\"@id\":\"https:\/\/birrakarma.com\/fr\/classic-fr\/cubulteria\/#breadcrumb\",\"itemListElement\":[{\"@type\":\"ListItem\",\"position\":1,\"name\":\"Home\",\"item\":\"https:\/\/birrakarma.com\/fr\/\"},{\"@type\":\"ListItem\",\"position\":2,\"name\":\"Shop\",\"item\":\"https:\/\/birrakarma.com\/fr\/shop\/\"},{\"@type\":\"ListItem\",\"position\":3,\"name\":\"Cubulteria\"}]},{\"@type\":\"WebSite\",\"@id\":\"https:\/\/birrakarma.com\/#website\",\"url\":\"https:\/\/birrakarma.com\/\",\"name\":\"Birrificio Karma\",\"description\":\"Birra artigianale italiana\",\"publisher\":{\"@id\":\"https:\/\/birrakarma.com\/#organization\"},\"potentialAction\":[{\"@type\":\"SearchAction\",\"target\":{\"@type\":\"EntryPoint\",\"urlTemplate\":\"https:\/\/birrakarma.com\/?s={search_term_string}\"},\"query-input\":\"required name=search_term_string\"}],\"inLanguage\":\"fr-FR\"},{\"@type\":\"Organization\",\"@id\":\"https:\/\/birrakarma.com\/#organization\",\"name\":\"Birrificio Karma\",\"url\":\"https:\/\/birrakarma.com\/\",\"logo\":{\"@type\":\"ImageObject\",\"inLanguage\":\"fr-FR\",\"@id\":\"https:\/\/birrakarma.com\/#\/schema\/logo\/image\/\",\"url\":\"https:\/\/birrakarma.com\/wp-content\/uploads\/2020\/05\/karma-logo-naming-1.svg\",\"contentUrl\":\"https:\/\/birrakarma.com\/wp-content\/uploads\/2020\/05\/karma-logo-naming-1.svg\",\"width\":35.25,\"height\":5.41,\"caption\":\"Birrificio Karma\"},\"image\":{\"@id\":\"https:\/\/birrakarma.com\/#\/schema\/logo\/image\/\"}}]}<\/script>\n<!-- \/ Yoast SEO plugin. -->","yoast_head_json":{"title":"Bi\u00e8re artisanale Cubulteria - Brasserie Karma","description":"Bi\u00e8re artisanale Cubulteria. Bi\u00e8re claire produite avec un m\u00e9lange de malt d\u2019orge. Couleur jaune dor\u00e9 charg\u00e9e de reflets orange.","robots":{"index":"index","follow":"follow","max-snippet":"max-snippet:-1","max-image-preview":"max-image-preview:large","max-video-preview":"max-video-preview:-1"},"canonical":"https:\/\/birrakarma.com\/fr\/classic-fr\/cubulteria\/","og_locale":"fr_FR","og_type":"article","og_title":"Bi\u00e8re artisanale Cubulteria - Brasserie Karma","og_description":"Bi\u00e8re artisanale Cubulteria. Bi\u00e8re claire produite avec un m\u00e9lange de malt d\u2019orge. Couleur jaune dor\u00e9 charg\u00e9e de reflets orange.","og_url":"https:\/\/birrakarma.com\/fr\/classic-fr\/cubulteria\/","og_site_name":"Birrificio Karma","article_modified_time":"2020-12-02T20:59:10+00:00","og_image":[{"width":427,"height":1102,"url":"https:\/\/birrakarma.com\/wp-content\/uploads\/2020\/07\/cubulteria-karma.png","type":"image\/png"}],"twitter_card":"summary_large_image","twitter_misc":{"Dur\u00e9e de lecture estim\u00e9e":"1 minute"},"schema":{"@context":"https:\/\/schema.org","@graph":[{"@type":"WebPage","@id":"https:\/\/birrakarma.com\/fr\/classic-fr\/cubulteria\/","url":"https:\/\/birrakarma.com\/fr\/classic-fr\/cubulteria\/","name":"Bi\u00e8re artisanale Cubulteria - Brasserie Karma","isPartOf":{"@id":"https:\/\/birrakarma.com\/#website"},"datePublished":"2020-07-13T13:27:14+00:00","dateModified":"2020-12-02T20:59:10+00:00","description":"Bi\u00e8re artisanale Cubulteria. Bi\u00e8re claire produite avec un m\u00e9lange de malt d\u2019orge. Couleur jaune dor\u00e9 charg\u00e9e de reflets orange.","breadcrumb":{"@id":"https:\/\/birrakarma.com\/fr\/classic-fr\/cubulteria\/#breadcrumb"},"inLanguage":"fr-FR","potentialAction":[{"@type":"ReadAction","target":["https:\/\/birrakarma.com\/fr\/classic-fr\/cubulteria\/"]}]},{"@type":"BreadcrumbList","@id":"https:\/\/birrakarma.com\/fr\/classic-fr\/cubulteria\/#breadcrumb","itemListElement":[{"@type":"ListItem","position":1,"name":"Home","item":"https:\/\/birrakarma.com\/fr\/"},{"@type":"ListItem","position":2,"name":"Shop","item":"https:\/\/birrakarma.com\/fr\/shop\/"},{"@type":"ListItem","position":3,"name":"Cubulteria"}]},{"@type":"WebSite","@id":"https:\/\/birrakarma.com\/#website","url":"https:\/\/birrakarma.com\/","name":"Birrificio Karma","description":"Birra artigianale italiana","publisher":{"@id":"https:\/\/birrakarma.com\/#organization"},"potentialAction":[{"@type":"SearchAction","target":{"@type":"EntryPoint","urlTemplate":"https:\/\/birrakarma.com\/?s={search_term_string}"},"query-input":"required name=search_term_string"}],"inLanguage":"fr-FR"},{"@type":"Organization","@id":"https:\/\/birrakarma.com\/#organization","name":"Birrificio Karma","url":"https:\/\/birrakarma.com\/","logo":{"@type":"ImageObject","inLanguage":"fr-FR","@id":"https:\/\/birrakarma.com\/#\/schema\/logo\/image\/","url":"https:\/\/birrakarma.com\/wp-content\/uploads\/2020\/05\/karma-logo-naming-1.svg","contentUrl":"https:\/\/birrakarma.com\/wp-content\/uploads\/2020\/05\/karma-logo-naming-1.svg","width":35.25,"height":5.41,"caption":"Birrificio Karma"},"image":{"@id":"https:\/\/birrakarma.com\/#\/schema\/logo\/image\/"}}]}},"_links":{"self":[{"href":"https:\/\/birrakarma.com\/fr\/wp-json\/wp\/v2\/product\/2137","targetHints":{"allow":["GET"]}}],"collection":[{"href":"https:\/\/birrakarma.com\/fr\/wp-json\/wp\/v2\/product"}],"about":[{"href":"https:\/\/birrakarma.com\/fr\/wp-json\/wp\/v2\/types\/product"}],"wp:featuredmedia":[{"embeddable":true,"href":"https:\/\/birrakarma.com\/fr\/wp-json\/wp\/v2\/media\/8543"}],"wp:attachment":[{"href":"https:\/\/birrakarma.com\/fr\/wp-json\/wp\/v2\/media?parent=2137"}],"wp:term":[{"taxonomy":"product_cat","embeddable":true,"href":"https:\/\/birrakarma.com\/fr\/wp-json\/wp\/v2\/product_cat?post=2137"},{"taxonomy":"product_tag","embeddable":true,"href":"https:\/\/birrakarma.com\/fr\/wp-json\/wp\/v2\/product_tag?post=2137"}],"curies":[{"name":"wp","href":"https:\/\/api.w.org\/{rel}","templated":true}]}}