{"id":2128,"date":"2020-07-13T15:28:53","date_gmt":"2020-07-13T15:28:53","guid":{"rendered":"https:\/\/birrakarma.com\/non%20class\u00e9\/marylin\/"},"modified":"2020-12-02T20:55:17","modified_gmt":"2020-12-02T20:55:17","slug":"marylin","status":"publish","type":"product","link":"https:\/\/birrakarma.com\/fr\/classic-fr\/marylin\/","title":{"rendered":"Marylin"},"content":{"rendered":"<p>Bi\u00e8re l\u00e9g\u00e8re \u00e0 base de malt d&#8217;orge uniquement avec des notes douces de malt et des notes herbac\u00e9es, d&#8217;agrumes et florales typiques des vari\u00e9t\u00e9s nobles de houblon utilis\u00e9es. Couleur jaune dor\u00e9, limpide. Mousse blanche, tr\u00e8s fine et persistante. Au nez, les notes miell\u00e9es et herbac\u00e9es se m\u00e9langent en parfait \u00e9quilibre les unes avec les autres. La gorg\u00e9e a une entr\u00e9e sucr\u00e9e qui est remplac\u00e9e par une amertume balsamique, douce et persistante. Le corps l\u00e9ger et la bonne s\u00e9cheresse finale rendent cette bi\u00e8re tr\u00e8s potable.<\/p>\n<p><strong>Haute<\/strong> Fermentation<br \/>\n\u2026\u2026\u2026\u2026\u2026\u2026\u2026\u2026\u2026\u2026\u2026\u2026\u2026\u2026\u2026\u2026\u2026\u2026..<br \/>\nVolume alcoolis\u00e9 <strong>5%<\/strong><br \/>\n\u2026\u2026\u2026\u2026\u2026\u2026\u2026\u2026\u2026\u2026\u2026\u2026\u2026\u2026\u2026\u2026\u2026\u2026..<br \/>\nCouleur <strong>jaune d\u2019or<\/strong><br \/>\n\u2026\u2026\u2026\u2026\u2026\u2026\u2026\u2026\u2026\u2026\u2026\u2026\u2026\u2026\u2026\u2026\u2026\u2026..<br \/>\nTemp\u00e9rature de service <strong>4 \u00b0 &#8211; 6 \u00b0<\/strong><br \/>\n\u2026\u2026\u2026\u2026\u2026\u2026\u2026\u2026\u2026\u2026\u2026\u2026\u2026\u2026\u2026\u2026\u2026\u2026..<br \/>\nPlaque <strong>11 .<\/strong><br \/>\n\u2026\u2026\u2026\u2026\u2026\u2026\u2026\u2026\u2026\u2026\u2026\u2026\u2026\u2026\u2026\u2026\u2026\u2026..<br \/>\nIbu <strong>24<\/strong><br \/>\n\u2026\u2026\u2026\u2026\u2026\u2026\u2026\u2026\u2026\u2026\u2026\u2026\u2026\u2026\u2026\u2026\u2026\u2026..<br \/>\nDisponibilit\u00e9 <strong>Toute l&#8217;ann\u00e9e<\/strong><\/p>\n<p><em><strong>ACCORDS<\/strong><\/em><\/p>\n<p>&gt; L\u00e9gumes en p\u00e2te frite (aubergines, courgettes et fromages pan\u00e9s)<br \/>\n&gt; Tagliatelles, courgettes et tomates<br \/>\n&gt; Bucatini au potiron et speck<br \/>\n&gt; Rouleaux d&#8217;aubergine, bacon et provolone<br \/>\n&gt; Fettuccine aux fleurs de courge et bacon<br \/>\n&gt; Pizza Margherita&gt; Pizza Capricciosa<br \/>\n&gt; Pizza Verace (tomates cerises frais et mozzarella)<\/p>\n","protected":false},"excerpt":{"rendered":"<p>La plus charmante des blondes<\/p>\n","protected":false},"featured_media":8551,"template":"","meta":[],"product_cat":[106],"product_tag":[124],"class_list":["post-2128","product","type-product","status-publish","has-post-thumbnail","hentry","product_cat-classic-fr","product_tag-italian-ale-fr"],"yoast_head":"<!-- This site is optimized with the Yoast SEO plugin v20.3 - https:\/\/yoast.com\/wordpress\/plugins\/seo\/ -->\n<title>Bi\u00e8re artisanale Marylin - Brasserie Karma<\/title>\n<meta name=\"description\" content=\"Marylin Craft Beer. Bi\u00e8re claire de malt d\u2019orge seulement. Couleur jaune dor\u00e9, clair. Mousse blanche, tr\u00e8s fine et persistante.\" \/>\n<meta name=\"robots\" content=\"index, follow, max-snippet:-1, max-image-preview:large, max-video-preview:-1\" \/>\n<link rel=\"canonical\" href=\"https:\/\/birrakarma.com\/fr\/classic-fr\/marylin\/\" \/>\n<meta property=\"og:locale\" content=\"fr_FR\" \/>\n<meta property=\"og:type\" content=\"article\" \/>\n<meta property=\"og:title\" content=\"Bi\u00e8re artisanale Marylin - Brasserie Karma\" \/>\n<meta property=\"og:description\" content=\"Marylin Craft Beer. Bi\u00e8re claire de malt d\u2019orge seulement. Couleur jaune dor\u00e9, clair. Mousse blanche, tr\u00e8s fine et persistante.\" \/>\n<meta property=\"og:url\" content=\"https:\/\/birrakarma.com\/fr\/classic-fr\/marylin\/\" \/>\n<meta property=\"og:site_name\" content=\"Birrificio Karma\" \/>\n<meta property=\"article:modified_time\" content=\"2020-12-02T20:55:17+00:00\" \/>\n<meta property=\"og:image\" content=\"https:\/\/birrakarma.com\/wp-content\/uploads\/2020\/07\/Marilyn-Karma.png\" \/>\n\t<meta property=\"og:image:width\" content=\"427\" \/>\n\t<meta property=\"og:image:height\" content=\"1102\" \/>\n\t<meta property=\"og:image:type\" content=\"image\/png\" \/>\n<meta name=\"twitter:card\" content=\"summary_large_image\" \/>\n<meta name=\"twitter:label1\" content=\"Dur\u00e9e de lecture estim\u00e9e\" \/>\n\t<meta name=\"twitter:data1\" content=\"1 minute\" \/>\n<script type=\"application\/ld+json\" class=\"yoast-schema-graph\">{\"@context\":\"https:\/\/schema.org\",\"@graph\":[{\"@type\":\"WebPage\",\"@id\":\"https:\/\/birrakarma.com\/fr\/classic-fr\/marylin\/\",\"url\":\"https:\/\/birrakarma.com\/fr\/classic-fr\/marylin\/\",\"name\":\"Bi\u00e8re artisanale Marylin - Brasserie Karma\",\"isPartOf\":{\"@id\":\"https:\/\/birrakarma.com\/#website\"},\"datePublished\":\"2020-07-13T15:28:53+00:00\",\"dateModified\":\"2020-12-02T20:55:17+00:00\",\"description\":\"Marylin Craft Beer. Bi\u00e8re claire de malt d\u2019orge seulement. Couleur jaune dor\u00e9, clair. Mousse blanche, tr\u00e8s fine et persistante.\",\"breadcrumb\":{\"@id\":\"https:\/\/birrakarma.com\/fr\/classic-fr\/marylin\/#breadcrumb\"},\"inLanguage\":\"fr-FR\",\"potentialAction\":[{\"@type\":\"ReadAction\",\"target\":[\"https:\/\/birrakarma.com\/fr\/classic-fr\/marylin\/\"]}]},{\"@type\":\"BreadcrumbList\",\"@id\":\"https:\/\/birrakarma.com\/fr\/classic-fr\/marylin\/#breadcrumb\",\"itemListElement\":[{\"@type\":\"ListItem\",\"position\":1,\"name\":\"Home\",\"item\":\"https:\/\/birrakarma.com\/fr\/\"},{\"@type\":\"ListItem\",\"position\":2,\"name\":\"Shop\",\"item\":\"https:\/\/birrakarma.com\/fr\/shop\/\"},{\"@type\":\"ListItem\",\"position\":3,\"name\":\"Marylin\"}]},{\"@type\":\"WebSite\",\"@id\":\"https:\/\/birrakarma.com\/#website\",\"url\":\"https:\/\/birrakarma.com\/\",\"name\":\"Birrificio Karma\",\"description\":\"Birra artigianale italiana\",\"publisher\":{\"@id\":\"https:\/\/birrakarma.com\/#organization\"},\"potentialAction\":[{\"@type\":\"SearchAction\",\"target\":{\"@type\":\"EntryPoint\",\"urlTemplate\":\"https:\/\/birrakarma.com\/?s={search_term_string}\"},\"query-input\":\"required name=search_term_string\"}],\"inLanguage\":\"fr-FR\"},{\"@type\":\"Organization\",\"@id\":\"https:\/\/birrakarma.com\/#organization\",\"name\":\"Birrificio Karma\",\"url\":\"https:\/\/birrakarma.com\/\",\"logo\":{\"@type\":\"ImageObject\",\"inLanguage\":\"fr-FR\",\"@id\":\"https:\/\/birrakarma.com\/#\/schema\/logo\/image\/\",\"url\":\"https:\/\/birrakarma.com\/wp-content\/uploads\/2020\/05\/karma-logo-naming-1.svg\",\"contentUrl\":\"https:\/\/birrakarma.com\/wp-content\/uploads\/2020\/05\/karma-logo-naming-1.svg\",\"width\":35.25,\"height\":5.41,\"caption\":\"Birrificio Karma\"},\"image\":{\"@id\":\"https:\/\/birrakarma.com\/#\/schema\/logo\/image\/\"}}]}<\/script>\n<!-- \/ Yoast SEO plugin. -->","yoast_head_json":{"title":"Bi\u00e8re artisanale Marylin - Brasserie Karma","description":"Marylin Craft Beer. Bi\u00e8re claire de malt d\u2019orge seulement. Couleur jaune dor\u00e9, clair. Mousse blanche, tr\u00e8s fine et persistante.","robots":{"index":"index","follow":"follow","max-snippet":"max-snippet:-1","max-image-preview":"max-image-preview:large","max-video-preview":"max-video-preview:-1"},"canonical":"https:\/\/birrakarma.com\/fr\/classic-fr\/marylin\/","og_locale":"fr_FR","og_type":"article","og_title":"Bi\u00e8re artisanale Marylin - Brasserie Karma","og_description":"Marylin Craft Beer. Bi\u00e8re claire de malt d\u2019orge seulement. Couleur jaune dor\u00e9, clair. Mousse blanche, tr\u00e8s fine et persistante.","og_url":"https:\/\/birrakarma.com\/fr\/classic-fr\/marylin\/","og_site_name":"Birrificio Karma","article_modified_time":"2020-12-02T20:55:17+00:00","og_image":[{"width":427,"height":1102,"url":"https:\/\/birrakarma.com\/wp-content\/uploads\/2020\/07\/Marilyn-Karma.png","type":"image\/png"}],"twitter_card":"summary_large_image","twitter_misc":{"Dur\u00e9e de lecture estim\u00e9e":"1 minute"},"schema":{"@context":"https:\/\/schema.org","@graph":[{"@type":"WebPage","@id":"https:\/\/birrakarma.com\/fr\/classic-fr\/marylin\/","url":"https:\/\/birrakarma.com\/fr\/classic-fr\/marylin\/","name":"Bi\u00e8re artisanale Marylin - Brasserie Karma","isPartOf":{"@id":"https:\/\/birrakarma.com\/#website"},"datePublished":"2020-07-13T15:28:53+00:00","dateModified":"2020-12-02T20:55:17+00:00","description":"Marylin Craft Beer. Bi\u00e8re claire de malt d\u2019orge seulement. Couleur jaune dor\u00e9, clair. Mousse blanche, tr\u00e8s fine et persistante.","breadcrumb":{"@id":"https:\/\/birrakarma.com\/fr\/classic-fr\/marylin\/#breadcrumb"},"inLanguage":"fr-FR","potentialAction":[{"@type":"ReadAction","target":["https:\/\/birrakarma.com\/fr\/classic-fr\/marylin\/"]}]},{"@type":"BreadcrumbList","@id":"https:\/\/birrakarma.com\/fr\/classic-fr\/marylin\/#breadcrumb","itemListElement":[{"@type":"ListItem","position":1,"name":"Home","item":"https:\/\/birrakarma.com\/fr\/"},{"@type":"ListItem","position":2,"name":"Shop","item":"https:\/\/birrakarma.com\/fr\/shop\/"},{"@type":"ListItem","position":3,"name":"Marylin"}]},{"@type":"WebSite","@id":"https:\/\/birrakarma.com\/#website","url":"https:\/\/birrakarma.com\/","name":"Birrificio Karma","description":"Birra artigianale italiana","publisher":{"@id":"https:\/\/birrakarma.com\/#organization"},"potentialAction":[{"@type":"SearchAction","target":{"@type":"EntryPoint","urlTemplate":"https:\/\/birrakarma.com\/?s={search_term_string}"},"query-input":"required name=search_term_string"}],"inLanguage":"fr-FR"},{"@type":"Organization","@id":"https:\/\/birrakarma.com\/#organization","name":"Birrificio Karma","url":"https:\/\/birrakarma.com\/","logo":{"@type":"ImageObject","inLanguage":"fr-FR","@id":"https:\/\/birrakarma.com\/#\/schema\/logo\/image\/","url":"https:\/\/birrakarma.com\/wp-content\/uploads\/2020\/05\/karma-logo-naming-1.svg","contentUrl":"https:\/\/birrakarma.com\/wp-content\/uploads\/2020\/05\/karma-logo-naming-1.svg","width":35.25,"height":5.41,"caption":"Birrificio Karma"},"image":{"@id":"https:\/\/birrakarma.com\/#\/schema\/logo\/image\/"}}]}},"_links":{"self":[{"href":"https:\/\/birrakarma.com\/fr\/wp-json\/wp\/v2\/product\/2128","targetHints":{"allow":["GET"]}}],"collection":[{"href":"https:\/\/birrakarma.com\/fr\/wp-json\/wp\/v2\/product"}],"about":[{"href":"https:\/\/birrakarma.com\/fr\/wp-json\/wp\/v2\/types\/product"}],"wp:featuredmedia":[{"embeddable":true,"href":"https:\/\/birrakarma.com\/fr\/wp-json\/wp\/v2\/media\/8551"}],"wp:attachment":[{"href":"https:\/\/birrakarma.com\/fr\/wp-json\/wp\/v2\/media?parent=2128"}],"wp:term":[{"taxonomy":"product_cat","embeddable":true,"href":"https:\/\/birrakarma.com\/fr\/wp-json\/wp\/v2\/product_cat?post=2128"},{"taxonomy":"product_tag","embeddable":true,"href":"https:\/\/birrakarma.com\/fr\/wp-json\/wp\/v2\/product_tag?post=2128"}],"curies":[{"name":"wp","href":"https:\/\/api.w.org\/{rel}","templated":true}]}}