{"id":2123,"date":"2020-07-13T15:36:09","date_gmt":"2020-07-13T15:36:09","guid":{"rendered":"https:\/\/birrakarma.com\/non%20class\u00e9\/roxy\/"},"modified":"2020-12-02T20:53:20","modified_gmt":"2020-12-02T20:53:20","slug":"roxy","status":"publish","type":"product","link":"https:\/\/birrakarma.com\/fr\/classic-fr\/roxy\/","title":{"rendered":"Roxy"},"content":{"rendered":"<p>Bi\u00e8re brass\u00e9e avec du malt d&#8217;orge, de bl\u00e9 et d&#8217;avoine. Particuli\u00e8rement le piquant avec l&#8217;ajout de coriandre et de poivre rose. Couleur jaune paille, l\u00e9g\u00e8rement voil\u00e9e. Mousse blanche, fine et persistante. Au nez, de l\u00e9g\u00e8res notes \u00e9pic\u00e9es et florales, \u00e9quilibr\u00e9es entre elles. La gorg\u00e9e a une entr\u00e9e sucr\u00e9e suivie de notes d&#8217;agrumes et d&#8217;\u00e9pices. La bonne s\u00e9cheresse finale, avec une pointe d&#8217;acidit\u00e9, rend cette bi\u00e8re extr\u00eamement d\u00e9salt\u00e9rante.<\/p>\n<p><strong>Haute<\/strong> Fermentation<br \/>\n\u2026\u2026\u2026\u2026\u2026\u2026\u2026\u2026\u2026\u2026\u2026\u2026\u2026\u2026\u2026\u2026\u2026\u2026..<br \/>\nVolume alcoolique <strong>3,5%<\/strong><br \/>\n\u2026\u2026\u2026\u2026\u2026\u2026\u2026\u2026\u2026\u2026\u2026\u2026\u2026\u2026\u2026\u2026\u2026\u2026..<br \/>\nCouleur <strong>jaune couleur paille<\/strong><br \/>\n\u2026\u2026\u2026\u2026\u2026\u2026\u2026\u2026\u2026\u2026\u2026\u2026\u2026\u2026\u2026\u2026\u2026\u2026..<br \/>\nTemp\u00e9rature de service <strong>4 \u00b0 &#8211; 6 \u00b0<\/strong><br \/>\n\u2026\u2026\u2026\u2026\u2026\u2026\u2026\u2026\u2026\u2026\u2026\u2026\u2026\u2026\u2026\u2026\u2026\u2026..<br \/>\nPlaque <strong>10<\/strong><br \/>\n\u2026\u2026\u2026\u2026\u2026\u2026\u2026\u2026\u2026\u2026\u2026\u2026\u2026\u2026\u2026\u2026\u2026\u2026..<br \/>\nIbu <strong>20<\/strong><br \/>\n\u2026\u2026\u2026\u2026\u2026\u2026\u2026\u2026\u2026\u2026\u2026\u2026\u2026\u2026\u2026\u2026\u2026\u2026..<br \/>\nDisponibilit\u00e9 <strong>Toute l&#8217;ann\u00e9e<\/strong><\/p>\n<p><em><strong>ACCORDS<\/strong><\/em><\/p>\n<p>&gt; Hu\u00eetres au fenouil<br \/>\n&gt; Moules en tempura<br \/>\n&gt; Carpaccio de rouget au parfum de citron vert<br \/>\n&gt; Bucatini aux senteurs m\u00e9diterran\u00e9ennes<br \/>\n&gt; Moules poivr\u00e9es ou moules gratin\u00e9es<br \/>\n&gt; Paccheri au four aux crevettes et asperges<br \/>\n&gt; Carpaccio de boeuf aux l\u00e9gumes croustillants<br \/>\n&gt; Saucisse de morue, haricots verts frits et mayonnaise \u00e0 l&#8217;ail doux<br \/>\n&gt; Spaghetti alla chitarra avec sauce \u00e0 la viande du Cilento et pesto au citron<br \/>\n&gt; Pizza Marinara<\/p>\n","protected":false},"excerpt":{"rendered":"<p>Parce que la soif est une cha\u00eene \u00e0 briser<\/p>\n","protected":false},"featured_media":8559,"template":"","meta":[],"product_cat":[106],"product_tag":[126],"class_list":["post-2123","product","type-product","status-publish","has-post-thumbnail","hentry","product_cat-classic-fr","product_tag-italian-saison-fr"],"yoast_head":"<!-- This site is optimized with the Yoast SEO plugin v20.3 - https:\/\/yoast.com\/wordpress\/plugins\/seo\/ -->\n<title>Bi\u00e8re artisanale Roxy - Brasserie Karma<\/title>\n<meta name=\"description\" content=\"Roxy Bi\u00e8re artisanale . Bi\u00e8re produite \u00e0 partir de malt d\u2019orge, de malt de bl\u00e9 et d\u2019avoine. Couleur jaune paille, l\u00e9g\u00e8rement voil\u00e9e.\" \/>\n<meta name=\"robots\" content=\"index, follow, max-snippet:-1, max-image-preview:large, max-video-preview:-1\" \/>\n<link rel=\"canonical\" href=\"https:\/\/birrakarma.com\/fr\/classic-fr\/roxy\/\" \/>\n<meta property=\"og:locale\" content=\"fr_FR\" \/>\n<meta property=\"og:type\" content=\"article\" \/>\n<meta property=\"og:title\" content=\"Bi\u00e8re artisanale Roxy - Brasserie Karma\" \/>\n<meta property=\"og:description\" content=\"Roxy Bi\u00e8re artisanale . Bi\u00e8re produite \u00e0 partir de malt d\u2019orge, de malt de bl\u00e9 et d\u2019avoine. Couleur jaune paille, l\u00e9g\u00e8rement voil\u00e9e.\" \/>\n<meta property=\"og:url\" content=\"https:\/\/birrakarma.com\/fr\/classic-fr\/roxy\/\" \/>\n<meta property=\"og:site_name\" content=\"Birrificio Karma\" \/>\n<meta property=\"article:modified_time\" content=\"2020-12-02T20:53:20+00:00\" \/>\n<meta property=\"og:image\" content=\"https:\/\/birrakarma.com\/wp-content\/uploads\/2020\/07\/roxy-karma.png\" \/>\n\t<meta property=\"og:image:width\" content=\"427\" \/>\n\t<meta property=\"og:image:height\" content=\"1102\" \/>\n\t<meta property=\"og:image:type\" content=\"image\/png\" \/>\n<meta name=\"twitter:card\" content=\"summary_large_image\" \/>\n<meta name=\"twitter:label1\" content=\"Dur\u00e9e de lecture estim\u00e9e\" \/>\n\t<meta name=\"twitter:data1\" content=\"1 minute\" \/>\n<script type=\"application\/ld+json\" class=\"yoast-schema-graph\">{\"@context\":\"https:\/\/schema.org\",\"@graph\":[{\"@type\":\"WebPage\",\"@id\":\"https:\/\/birrakarma.com\/fr\/classic-fr\/roxy\/\",\"url\":\"https:\/\/birrakarma.com\/fr\/classic-fr\/roxy\/\",\"name\":\"Bi\u00e8re artisanale Roxy - Brasserie Karma\",\"isPartOf\":{\"@id\":\"https:\/\/birrakarma.com\/#website\"},\"datePublished\":\"2020-07-13T15:36:09+00:00\",\"dateModified\":\"2020-12-02T20:53:20+00:00\",\"description\":\"Roxy Bi\u00e8re artisanale . Bi\u00e8re produite \u00e0 partir de malt d\u2019orge, de malt de bl\u00e9 et d\u2019avoine. Couleur jaune paille, l\u00e9g\u00e8rement voil\u00e9e.\",\"breadcrumb\":{\"@id\":\"https:\/\/birrakarma.com\/fr\/classic-fr\/roxy\/#breadcrumb\"},\"inLanguage\":\"fr-FR\",\"potentialAction\":[{\"@type\":\"ReadAction\",\"target\":[\"https:\/\/birrakarma.com\/fr\/classic-fr\/roxy\/\"]}]},{\"@type\":\"BreadcrumbList\",\"@id\":\"https:\/\/birrakarma.com\/fr\/classic-fr\/roxy\/#breadcrumb\",\"itemListElement\":[{\"@type\":\"ListItem\",\"position\":1,\"name\":\"Home\",\"item\":\"https:\/\/birrakarma.com\/fr\/\"},{\"@type\":\"ListItem\",\"position\":2,\"name\":\"Shop\",\"item\":\"https:\/\/birrakarma.com\/fr\/shop\/\"},{\"@type\":\"ListItem\",\"position\":3,\"name\":\"Roxy\"}]},{\"@type\":\"WebSite\",\"@id\":\"https:\/\/birrakarma.com\/#website\",\"url\":\"https:\/\/birrakarma.com\/\",\"name\":\"Birrificio Karma\",\"description\":\"Birra artigianale italiana\",\"publisher\":{\"@id\":\"https:\/\/birrakarma.com\/#organization\"},\"potentialAction\":[{\"@type\":\"SearchAction\",\"target\":{\"@type\":\"EntryPoint\",\"urlTemplate\":\"https:\/\/birrakarma.com\/?s={search_term_string}\"},\"query-input\":\"required name=search_term_string\"}],\"inLanguage\":\"fr-FR\"},{\"@type\":\"Organization\",\"@id\":\"https:\/\/birrakarma.com\/#organization\",\"name\":\"Birrificio Karma\",\"url\":\"https:\/\/birrakarma.com\/\",\"logo\":{\"@type\":\"ImageObject\",\"inLanguage\":\"fr-FR\",\"@id\":\"https:\/\/birrakarma.com\/#\/schema\/logo\/image\/\",\"url\":\"https:\/\/birrakarma.com\/wp-content\/uploads\/2020\/05\/karma-logo-naming-1.svg\",\"contentUrl\":\"https:\/\/birrakarma.com\/wp-content\/uploads\/2020\/05\/karma-logo-naming-1.svg\",\"width\":35.25,\"height\":5.41,\"caption\":\"Birrificio Karma\"},\"image\":{\"@id\":\"https:\/\/birrakarma.com\/#\/schema\/logo\/image\/\"}}]}<\/script>\n<!-- \/ Yoast SEO plugin. -->","yoast_head_json":{"title":"Bi\u00e8re artisanale Roxy - Brasserie Karma","description":"Roxy Bi\u00e8re artisanale . Bi\u00e8re produite \u00e0 partir de malt d\u2019orge, de malt de bl\u00e9 et d\u2019avoine. Couleur jaune paille, l\u00e9g\u00e8rement voil\u00e9e.","robots":{"index":"index","follow":"follow","max-snippet":"max-snippet:-1","max-image-preview":"max-image-preview:large","max-video-preview":"max-video-preview:-1"},"canonical":"https:\/\/birrakarma.com\/fr\/classic-fr\/roxy\/","og_locale":"fr_FR","og_type":"article","og_title":"Bi\u00e8re artisanale Roxy - Brasserie Karma","og_description":"Roxy Bi\u00e8re artisanale . Bi\u00e8re produite \u00e0 partir de malt d\u2019orge, de malt de bl\u00e9 et d\u2019avoine. Couleur jaune paille, l\u00e9g\u00e8rement voil\u00e9e.","og_url":"https:\/\/birrakarma.com\/fr\/classic-fr\/roxy\/","og_site_name":"Birrificio Karma","article_modified_time":"2020-12-02T20:53:20+00:00","og_image":[{"width":427,"height":1102,"url":"https:\/\/birrakarma.com\/wp-content\/uploads\/2020\/07\/roxy-karma.png","type":"image\/png"}],"twitter_card":"summary_large_image","twitter_misc":{"Dur\u00e9e de lecture estim\u00e9e":"1 minute"},"schema":{"@context":"https:\/\/schema.org","@graph":[{"@type":"WebPage","@id":"https:\/\/birrakarma.com\/fr\/classic-fr\/roxy\/","url":"https:\/\/birrakarma.com\/fr\/classic-fr\/roxy\/","name":"Bi\u00e8re artisanale Roxy - Brasserie Karma","isPartOf":{"@id":"https:\/\/birrakarma.com\/#website"},"datePublished":"2020-07-13T15:36:09+00:00","dateModified":"2020-12-02T20:53:20+00:00","description":"Roxy Bi\u00e8re artisanale . Bi\u00e8re produite \u00e0 partir de malt d\u2019orge, de malt de bl\u00e9 et d\u2019avoine. Couleur jaune paille, l\u00e9g\u00e8rement voil\u00e9e.","breadcrumb":{"@id":"https:\/\/birrakarma.com\/fr\/classic-fr\/roxy\/#breadcrumb"},"inLanguage":"fr-FR","potentialAction":[{"@type":"ReadAction","target":["https:\/\/birrakarma.com\/fr\/classic-fr\/roxy\/"]}]},{"@type":"BreadcrumbList","@id":"https:\/\/birrakarma.com\/fr\/classic-fr\/roxy\/#breadcrumb","itemListElement":[{"@type":"ListItem","position":1,"name":"Home","item":"https:\/\/birrakarma.com\/fr\/"},{"@type":"ListItem","position":2,"name":"Shop","item":"https:\/\/birrakarma.com\/fr\/shop\/"},{"@type":"ListItem","position":3,"name":"Roxy"}]},{"@type":"WebSite","@id":"https:\/\/birrakarma.com\/#website","url":"https:\/\/birrakarma.com\/","name":"Birrificio Karma","description":"Birra artigianale italiana","publisher":{"@id":"https:\/\/birrakarma.com\/#organization"},"potentialAction":[{"@type":"SearchAction","target":{"@type":"EntryPoint","urlTemplate":"https:\/\/birrakarma.com\/?s={search_term_string}"},"query-input":"required name=search_term_string"}],"inLanguage":"fr-FR"},{"@type":"Organization","@id":"https:\/\/birrakarma.com\/#organization","name":"Birrificio Karma","url":"https:\/\/birrakarma.com\/","logo":{"@type":"ImageObject","inLanguage":"fr-FR","@id":"https:\/\/birrakarma.com\/#\/schema\/logo\/image\/","url":"https:\/\/birrakarma.com\/wp-content\/uploads\/2020\/05\/karma-logo-naming-1.svg","contentUrl":"https:\/\/birrakarma.com\/wp-content\/uploads\/2020\/05\/karma-logo-naming-1.svg","width":35.25,"height":5.41,"caption":"Birrificio Karma"},"image":{"@id":"https:\/\/birrakarma.com\/#\/schema\/logo\/image\/"}}]}},"_links":{"self":[{"href":"https:\/\/birrakarma.com\/fr\/wp-json\/wp\/v2\/product\/2123","targetHints":{"allow":["GET"]}}],"collection":[{"href":"https:\/\/birrakarma.com\/fr\/wp-json\/wp\/v2\/product"}],"about":[{"href":"https:\/\/birrakarma.com\/fr\/wp-json\/wp\/v2\/types\/product"}],"wp:featuredmedia":[{"embeddable":true,"href":"https:\/\/birrakarma.com\/fr\/wp-json\/wp\/v2\/media\/8559"}],"wp:attachment":[{"href":"https:\/\/birrakarma.com\/fr\/wp-json\/wp\/v2\/media?parent=2123"}],"wp:term":[{"taxonomy":"product_cat","embeddable":true,"href":"https:\/\/birrakarma.com\/fr\/wp-json\/wp\/v2\/product_cat?post=2123"},{"taxonomy":"product_tag","embeddable":true,"href":"https:\/\/birrakarma.com\/fr\/wp-json\/wp\/v2\/product_tag?post=2123"}],"curies":[{"name":"wp","href":"https:\/\/api.w.org\/{rel}","templated":true}]}}