{"id":2119,"date":"2020-07-13T15:41:29","date_gmt":"2020-07-13T15:41:29","guid":{"rendered":"https:\/\/birrakarma.com\/non%20class\u00e9\/sumera\/"},"modified":"2020-12-02T20:51:29","modified_gmt":"2020-12-02T20:51:29","slug":"sumera","status":"publish","type":"product","link":"https:\/\/birrakarma.com\/fr\/classic-fr\/sumera\/","title":{"rendered":"Sumera"},"content":{"rendered":"<p>Bi\u00e8re l\u00e9g\u00e8re inspir\u00e9e du triple style belge. Le m\u00e9lange de malts utilis\u00e9 cr\u00e9e la bonne terre pour les \u00e9pices utilis\u00e9es sans \u00eatre trop intrusif. Robe jaune or profond, l\u00e9g\u00e8rement voil\u00e9e. Mousse blanche, fine et persistante. Au nez, des notes de fruits blancs et une l\u00e9g\u00e8re finale \u00e9pic\u00e9e, \u00e9quilibr\u00e9e par un \u00e9thyle \u00e9pic\u00e9 et piquant. La gorg\u00e9e est pleine, avec une douce entr\u00e9e. La chaleur gustative est \u00e9vidente mais elle est bien \u00e9quilibr\u00e9e par une forte s\u00e9cheresse qui laisse la bouche propre et pr\u00eate pour une autre gorg\u00e9e.<\/p>\n<p><strong>Haute<\/strong> Fermentation<br \/>\n\u2026\u2026\u2026\u2026\u2026\u2026\u2026\u2026\u2026\u2026\u2026\u2026\u2026\u2026\u2026\u2026\u2026\u2026..<br \/>\nVolume alcoolis\u00e9 <strong>7,5%<\/strong><br \/>\n\u2026\u2026\u2026\u2026\u2026\u2026\u2026\u2026\u2026\u2026\u2026\u2026\u2026\u2026\u2026\u2026\u2026\u2026..<br \/>\nCouleur <strong>or plein<\/strong><br \/>\n\u2026\u2026\u2026\u2026\u2026\u2026\u2026\u2026\u2026\u2026\u2026\u2026\u2026\u2026\u2026\u2026\u2026\u2026..<br \/>\nTemp\u00e9rature de service <strong>6 \u00b0 &#8211; 8 \u00b0<\/strong><br \/>\n\u2026\u2026\u2026\u2026\u2026\u2026\u2026\u2026\u2026\u2026\u2026\u2026\u2026\u2026\u2026\u2026\u2026\u2026..<br \/>\nPlaque <strong>17<\/strong><br \/>\n\u2026\u2026\u2026\u2026\u2026\u2026\u2026\u2026\u2026\u2026\u2026\u2026\u2026\u2026\u2026\u2026\u2026\u2026..<br \/>\nIbu <strong>22<\/strong><br \/>\n\u2026\u2026\u2026\u2026\u2026\u2026\u2026\u2026\u2026\u2026\u2026\u2026\u2026\u2026\u2026\u2026\u2026\u2026..<br \/>\nDisponibilit\u00e9 <strong>Toute l\u2019ann\u00e9e<\/strong><\/p>\n","protected":false},"excerpt":{"rendered":"<p>Opulente, fruit\u00e9e, \u00e9pic\u00e9e. Quoi d&#8217;autre?<\/p>\n","protected":false},"featured_media":8563,"template":"","meta":[],"product_cat":[106],"product_tag":[],"class_list":["post-2119","product","type-product","status-publish","has-post-thumbnail","hentry","product_cat-classic-fr"],"yoast_head":"<!-- This site is optimized with the Yoast SEO plugin v20.3 - https:\/\/yoast.com\/wordpress\/plugins\/seo\/ -->\n<title>Bi\u00e8re artisanale Sumera - Brasserie Karma<\/title>\n<meta name=\"description\" content=\"Bi\u00e8re artisanale Sumera. Une bi\u00e8re l\u00e9g\u00e8re inspir\u00e9e du triple style belge. Couleur jaune dor\u00e9 charg\u00e9e, l\u00e9g\u00e8rement voil\u00e9e.\" \/>\n<meta name=\"robots\" content=\"index, follow, max-snippet:-1, max-image-preview:large, max-video-preview:-1\" \/>\n<link rel=\"canonical\" href=\"https:\/\/birrakarma.com\/fr\/classic-fr\/sumera\/\" \/>\n<meta property=\"og:locale\" content=\"fr_FR\" \/>\n<meta property=\"og:type\" content=\"article\" \/>\n<meta property=\"og:title\" content=\"Bi\u00e8re artisanale Sumera - Brasserie Karma\" \/>\n<meta property=\"og:description\" content=\"Bi\u00e8re artisanale Sumera. Une bi\u00e8re l\u00e9g\u00e8re inspir\u00e9e du triple style belge. Couleur jaune dor\u00e9 charg\u00e9e, l\u00e9g\u00e8rement voil\u00e9e.\" \/>\n<meta property=\"og:url\" content=\"https:\/\/birrakarma.com\/fr\/classic-fr\/sumera\/\" \/>\n<meta property=\"og:site_name\" content=\"Birrificio Karma\" \/>\n<meta property=\"article:modified_time\" content=\"2020-12-02T20:51:29+00:00\" \/>\n<meta property=\"og:image\" content=\"https:\/\/birrakarma.com\/wp-content\/uploads\/2020\/07\/sumera-karma.png\" \/>\n\t<meta property=\"og:image:width\" content=\"427\" \/>\n\t<meta property=\"og:image:height\" content=\"1102\" \/>\n\t<meta property=\"og:image:type\" content=\"image\/png\" \/>\n<meta name=\"twitter:card\" content=\"summary_large_image\" \/>\n<meta name=\"twitter:label1\" content=\"Dur\u00e9e de lecture estim\u00e9e\" \/>\n\t<meta name=\"twitter:data1\" content=\"1 minute\" \/>\n<script type=\"application\/ld+json\" class=\"yoast-schema-graph\">{\"@context\":\"https:\/\/schema.org\",\"@graph\":[{\"@type\":\"WebPage\",\"@id\":\"https:\/\/birrakarma.com\/fr\/classic-fr\/sumera\/\",\"url\":\"https:\/\/birrakarma.com\/fr\/classic-fr\/sumera\/\",\"name\":\"Bi\u00e8re artisanale Sumera - Brasserie Karma\",\"isPartOf\":{\"@id\":\"https:\/\/birrakarma.com\/#website\"},\"datePublished\":\"2020-07-13T15:41:29+00:00\",\"dateModified\":\"2020-12-02T20:51:29+00:00\",\"description\":\"Bi\u00e8re artisanale Sumera. Une bi\u00e8re l\u00e9g\u00e8re inspir\u00e9e du triple style belge. Couleur jaune dor\u00e9 charg\u00e9e, l\u00e9g\u00e8rement voil\u00e9e.\",\"breadcrumb\":{\"@id\":\"https:\/\/birrakarma.com\/fr\/classic-fr\/sumera\/#breadcrumb\"},\"inLanguage\":\"fr-FR\",\"potentialAction\":[{\"@type\":\"ReadAction\",\"target\":[\"https:\/\/birrakarma.com\/fr\/classic-fr\/sumera\/\"]}]},{\"@type\":\"BreadcrumbList\",\"@id\":\"https:\/\/birrakarma.com\/fr\/classic-fr\/sumera\/#breadcrumb\",\"itemListElement\":[{\"@type\":\"ListItem\",\"position\":1,\"name\":\"Home\",\"item\":\"https:\/\/birrakarma.com\/fr\/\"},{\"@type\":\"ListItem\",\"position\":2,\"name\":\"Shop\",\"item\":\"https:\/\/birrakarma.com\/fr\/shop\/\"},{\"@type\":\"ListItem\",\"position\":3,\"name\":\"Sumera\"}]},{\"@type\":\"WebSite\",\"@id\":\"https:\/\/birrakarma.com\/#website\",\"url\":\"https:\/\/birrakarma.com\/\",\"name\":\"Birrificio Karma\",\"description\":\"Birra artigianale italiana\",\"publisher\":{\"@id\":\"https:\/\/birrakarma.com\/#organization\"},\"potentialAction\":[{\"@type\":\"SearchAction\",\"target\":{\"@type\":\"EntryPoint\",\"urlTemplate\":\"https:\/\/birrakarma.com\/?s={search_term_string}\"},\"query-input\":\"required name=search_term_string\"}],\"inLanguage\":\"fr-FR\"},{\"@type\":\"Organization\",\"@id\":\"https:\/\/birrakarma.com\/#organization\",\"name\":\"Birrificio Karma\",\"url\":\"https:\/\/birrakarma.com\/\",\"logo\":{\"@type\":\"ImageObject\",\"inLanguage\":\"fr-FR\",\"@id\":\"https:\/\/birrakarma.com\/#\/schema\/logo\/image\/\",\"url\":\"https:\/\/birrakarma.com\/wp-content\/uploads\/2020\/05\/karma-logo-naming-1.svg\",\"contentUrl\":\"https:\/\/birrakarma.com\/wp-content\/uploads\/2020\/05\/karma-logo-naming-1.svg\",\"width\":35.25,\"height\":5.41,\"caption\":\"Birrificio Karma\"},\"image\":{\"@id\":\"https:\/\/birrakarma.com\/#\/schema\/logo\/image\/\"}}]}<\/script>\n<!-- \/ Yoast SEO plugin. -->","yoast_head_json":{"title":"Bi\u00e8re artisanale Sumera - Brasserie Karma","description":"Bi\u00e8re artisanale Sumera. Une bi\u00e8re l\u00e9g\u00e8re inspir\u00e9e du triple style belge. Couleur jaune dor\u00e9 charg\u00e9e, l\u00e9g\u00e8rement voil\u00e9e.","robots":{"index":"index","follow":"follow","max-snippet":"max-snippet:-1","max-image-preview":"max-image-preview:large","max-video-preview":"max-video-preview:-1"},"canonical":"https:\/\/birrakarma.com\/fr\/classic-fr\/sumera\/","og_locale":"fr_FR","og_type":"article","og_title":"Bi\u00e8re artisanale Sumera - Brasserie Karma","og_description":"Bi\u00e8re artisanale Sumera. Une bi\u00e8re l\u00e9g\u00e8re inspir\u00e9e du triple style belge. Couleur jaune dor\u00e9 charg\u00e9e, l\u00e9g\u00e8rement voil\u00e9e.","og_url":"https:\/\/birrakarma.com\/fr\/classic-fr\/sumera\/","og_site_name":"Birrificio Karma","article_modified_time":"2020-12-02T20:51:29+00:00","og_image":[{"width":427,"height":1102,"url":"https:\/\/birrakarma.com\/wp-content\/uploads\/2020\/07\/sumera-karma.png","type":"image\/png"}],"twitter_card":"summary_large_image","twitter_misc":{"Dur\u00e9e de lecture estim\u00e9e":"1 minute"},"schema":{"@context":"https:\/\/schema.org","@graph":[{"@type":"WebPage","@id":"https:\/\/birrakarma.com\/fr\/classic-fr\/sumera\/","url":"https:\/\/birrakarma.com\/fr\/classic-fr\/sumera\/","name":"Bi\u00e8re artisanale Sumera - Brasserie Karma","isPartOf":{"@id":"https:\/\/birrakarma.com\/#website"},"datePublished":"2020-07-13T15:41:29+00:00","dateModified":"2020-12-02T20:51:29+00:00","description":"Bi\u00e8re artisanale Sumera. Une bi\u00e8re l\u00e9g\u00e8re inspir\u00e9e du triple style belge. Couleur jaune dor\u00e9 charg\u00e9e, l\u00e9g\u00e8rement voil\u00e9e.","breadcrumb":{"@id":"https:\/\/birrakarma.com\/fr\/classic-fr\/sumera\/#breadcrumb"},"inLanguage":"fr-FR","potentialAction":[{"@type":"ReadAction","target":["https:\/\/birrakarma.com\/fr\/classic-fr\/sumera\/"]}]},{"@type":"BreadcrumbList","@id":"https:\/\/birrakarma.com\/fr\/classic-fr\/sumera\/#breadcrumb","itemListElement":[{"@type":"ListItem","position":1,"name":"Home","item":"https:\/\/birrakarma.com\/fr\/"},{"@type":"ListItem","position":2,"name":"Shop","item":"https:\/\/birrakarma.com\/fr\/shop\/"},{"@type":"ListItem","position":3,"name":"Sumera"}]},{"@type":"WebSite","@id":"https:\/\/birrakarma.com\/#website","url":"https:\/\/birrakarma.com\/","name":"Birrificio Karma","description":"Birra artigianale italiana","publisher":{"@id":"https:\/\/birrakarma.com\/#organization"},"potentialAction":[{"@type":"SearchAction","target":{"@type":"EntryPoint","urlTemplate":"https:\/\/birrakarma.com\/?s={search_term_string}"},"query-input":"required name=search_term_string"}],"inLanguage":"fr-FR"},{"@type":"Organization","@id":"https:\/\/birrakarma.com\/#organization","name":"Birrificio Karma","url":"https:\/\/birrakarma.com\/","logo":{"@type":"ImageObject","inLanguage":"fr-FR","@id":"https:\/\/birrakarma.com\/#\/schema\/logo\/image\/","url":"https:\/\/birrakarma.com\/wp-content\/uploads\/2020\/05\/karma-logo-naming-1.svg","contentUrl":"https:\/\/birrakarma.com\/wp-content\/uploads\/2020\/05\/karma-logo-naming-1.svg","width":35.25,"height":5.41,"caption":"Birrificio Karma"},"image":{"@id":"https:\/\/birrakarma.com\/#\/schema\/logo\/image\/"}}]}},"_links":{"self":[{"href":"https:\/\/birrakarma.com\/fr\/wp-json\/wp\/v2\/product\/2119","targetHints":{"allow":["GET"]}}],"collection":[{"href":"https:\/\/birrakarma.com\/fr\/wp-json\/wp\/v2\/product"}],"about":[{"href":"https:\/\/birrakarma.com\/fr\/wp-json\/wp\/v2\/types\/product"}],"wp:featuredmedia":[{"embeddable":true,"href":"https:\/\/birrakarma.com\/fr\/wp-json\/wp\/v2\/media\/8563"}],"wp:attachment":[{"href":"https:\/\/birrakarma.com\/fr\/wp-json\/wp\/v2\/media?parent=2119"}],"wp:term":[{"taxonomy":"product_cat","embeddable":true,"href":"https:\/\/birrakarma.com\/fr\/wp-json\/wp\/v2\/product_cat?post=2119"},{"taxonomy":"product_tag","embeddable":true,"href":"https:\/\/birrakarma.com\/fr\/wp-json\/wp\/v2\/product_tag?post=2119"}],"curies":[{"name":"wp","href":"https:\/\/api.w.org\/{rel}","templated":true}]}}