{"id":2116,"date":"2020-07-13T15:44:12","date_gmt":"2020-07-13T15:44:12","guid":{"rendered":"https:\/\/birrakarma.com\/non%20class\u00e9\/na-tazzulella-e-cafe\/"},"modified":"2020-12-02T20:49:23","modified_gmt":"2020-12-02T20:49:23","slug":"na-tazzulella-e-cafe","status":"publish","type":"product","link":"https:\/\/birrakarma.com\/fr\/classic-fr\/na-tazzulella-e-cafe\/","title":{"rendered":"NA\u2019 TAZZULELLA \u2018E CAF\u00c8"},"content":{"rendered":"<p>Bi\u00e8re forte et tr\u00e8s sp\u00e9ciale produite avec des malts caram\u00e9lis\u00e9s et grill\u00e9s et une utilisation particuli\u00e8re du caf\u00e9 kimbo dans les grains moulus et le moka avec la cafeti\u00e8re napolitaine classique. Couleur noire. Mousse brune, fine et persistante. Au nez, les notes grill\u00e9es rappellent le cacao et le caf\u00e9, avec une finale qui rappelle les fruits rouges dans l&#8217;alcool. A la gorg\u00e9e les notes grill\u00e9s sont doux, avec un corps structur\u00e9 et velout\u00e9. La finale r\u00e9serve une l\u00e9g\u00e8re amertume et des notes balsamiques rappelant la r\u00e9glisse.<br \/>\n<strong>Haute<\/strong> Fermentation<br \/>\n\u2026\u2026\u2026\u2026\u2026\u2026\u2026\u2026\u2026\u2026\u2026\u2026\u2026\u2026\u2026\u2026\u2026\u2026..<br \/>\nVolume d&#8217;alcool <strong>8,5%<br \/>\n<\/strong>\u2026\u2026\u2026\u2026\u2026\u2026\u2026\u2026\u2026\u2026\u2026\u2026\u2026\u2026\u2026\u2026\u2026\u2026..<br \/>\nCouleur <strong>noire<\/strong><br \/>\n\u2026\u2026\u2026\u2026\u2026\u2026\u2026\u2026\u2026\u2026\u2026\u2026\u2026\u2026\u2026\u2026\u2026\u2026..<br \/>\nTemp\u00e9rature de service <strong>8 \u00b0 &#8211; 10 \u00b0<\/strong><br \/>\n\u2026\u2026\u2026\u2026\u2026\u2026\u2026\u2026\u2026\u2026\u2026\u2026\u2026\u2026\u2026\u2026\u2026\u2026..<br \/>\nPlaque <strong>18<\/strong><br \/>\n\u2026\u2026\u2026\u2026\u2026\u2026\u2026\u2026\u2026\u2026\u2026\u2026\u2026\u2026\u2026\u2026\u2026\u2026..<br \/>\nIbu <strong>30<\/strong><br \/>\n\u2026\u2026\u2026\u2026\u2026\u2026\u2026\u2026\u2026\u2026\u2026\u2026\u2026\u2026\u2026\u2026\u2026\u2026..<br \/>\nDisponibilit\u00e9 <strong>limit\u00e9e<br \/>\n<\/strong><br \/>\n<strong>ACCORDS<\/strong><br \/>\n&gt; Scamorza fum\u00e9e<br \/>\n&gt; Tarte au chocolat<br \/>\n&gt; G\u00e2teau caprese<br \/>\n&gt; Cigare<\/p>\n<p><img loading=\"lazy\" decoding=\"async\" class=\"alignnone size-medium wp-image-403\" src=\"https:\/\/birrakarma.com\/wp-content\/uploads\/2020\/05\/Karma-Carmina-premi-300x39.png\" alt=\"\" width=\"300\" height=\"39\" srcset=\"https:\/\/birrakarma.com\/wp-content\/uploads\/2020\/05\/Karma-Carmina-premi-300x39.png 300w, https:\/\/birrakarma.com\/wp-content\/uploads\/2020\/05\/Karma-Carmina-premi-600x78.png 600w, https:\/\/birrakarma.com\/wp-content\/uploads\/2020\/05\/Karma-Carmina-premi-768x100.png 768w, https:\/\/birrakarma.com\/wp-content\/uploads\/2020\/05\/Karma-Carmina-premi.png 847w\" sizes=\"auto, (max-width: 300px) 100vw, 300px\" \/><\/p>\n","protected":false},"excerpt":{"rendered":"<p>Kimbo, veux-tu m&#8217;\u00e9pouser?<\/p>\n","protected":false},"featured_media":8555,"template":"","meta":[],"product_cat":[106],"product_tag":[120],"class_list":["post-2116","product","type-product","status-publish","has-post-thumbnail","hentry","product_cat-classic-fr","product_tag-imperial-cofee-stout-fr"],"yoast_head":"<!-- This site is optimized with the Yoast SEO plugin v20.3 - https:\/\/yoast.com\/wordpress\/plugins\/seo\/ -->\n<title>Bi\u00e8re artisanale Na&#039; Tazzulella &#039;E Caf\u00e8 - Brasserie Karma<\/title>\n<meta name=\"description\" content=\"Bi\u00e8re artisanale Na&#039; Tazzulella &#039;E Caf\u00e9. Bi\u00e8re forte, produite avec des malts caram\u00e9lis\u00e9s et grill\u00e9s et une utilisation particuli\u00e8re de caf\u00e9 kimbo\" \/>\n<meta name=\"robots\" content=\"index, follow, max-snippet:-1, max-image-preview:large, max-video-preview:-1\" \/>\n<link rel=\"canonical\" href=\"https:\/\/birrakarma.com\/fr\/classic-fr\/na-tazzulella-e-cafe\/\" \/>\n<meta property=\"og:locale\" content=\"fr_FR\" \/>\n<meta property=\"og:type\" content=\"article\" \/>\n<meta property=\"og:title\" content=\"Bi\u00e8re artisanale Na&#039; Tazzulella &#039;E Caf\u00e8 - Brasserie Karma\" \/>\n<meta property=\"og:description\" content=\"Bi\u00e8re artisanale Na&#039; Tazzulella &#039;E Caf\u00e9. Bi\u00e8re forte, produite avec des malts caram\u00e9lis\u00e9s et grill\u00e9s et une utilisation particuli\u00e8re de caf\u00e9 kimbo\" \/>\n<meta property=\"og:url\" content=\"https:\/\/birrakarma.com\/fr\/classic-fr\/na-tazzulella-e-cafe\/\" \/>\n<meta property=\"og:site_name\" content=\"Birrificio Karma\" \/>\n<meta property=\"article:modified_time\" content=\"2020-12-02T20:49:23+00:00\" \/>\n<meta property=\"og:image\" content=\"https:\/\/birrakarma.com\/wp-content\/uploads\/2020\/07\/na-tazzulella-e-cafe-karma-1.png\" \/>\n\t<meta property=\"og:image:width\" content=\"427\" \/>\n\t<meta property=\"og:image:height\" content=\"1105\" \/>\n\t<meta property=\"og:image:type\" content=\"image\/png\" \/>\n<meta name=\"twitter:card\" content=\"summary_large_image\" \/>\n<meta name=\"twitter:label1\" content=\"Dur\u00e9e de lecture estim\u00e9e\" \/>\n\t<meta name=\"twitter:data1\" content=\"1 minute\" \/>\n<script type=\"application\/ld+json\" class=\"yoast-schema-graph\">{\"@context\":\"https:\/\/schema.org\",\"@graph\":[{\"@type\":\"WebPage\",\"@id\":\"https:\/\/birrakarma.com\/fr\/classic-fr\/na-tazzulella-e-cafe\/\",\"url\":\"https:\/\/birrakarma.com\/fr\/classic-fr\/na-tazzulella-e-cafe\/\",\"name\":\"Bi\u00e8re artisanale Na' Tazzulella 'E Caf\u00e8 - Brasserie Karma\",\"isPartOf\":{\"@id\":\"https:\/\/birrakarma.com\/#website\"},\"datePublished\":\"2020-07-13T15:44:12+00:00\",\"dateModified\":\"2020-12-02T20:49:23+00:00\",\"description\":\"Bi\u00e8re artisanale Na' Tazzulella 'E Caf\u00e9. Bi\u00e8re forte, produite avec des malts caram\u00e9lis\u00e9s et grill\u00e9s et une utilisation particuli\u00e8re de caf\u00e9 kimbo\",\"breadcrumb\":{\"@id\":\"https:\/\/birrakarma.com\/fr\/classic-fr\/na-tazzulella-e-cafe\/#breadcrumb\"},\"inLanguage\":\"fr-FR\",\"potentialAction\":[{\"@type\":\"ReadAction\",\"target\":[\"https:\/\/birrakarma.com\/fr\/classic-fr\/na-tazzulella-e-cafe\/\"]}]},{\"@type\":\"BreadcrumbList\",\"@id\":\"https:\/\/birrakarma.com\/fr\/classic-fr\/na-tazzulella-e-cafe\/#breadcrumb\",\"itemListElement\":[{\"@type\":\"ListItem\",\"position\":1,\"name\":\"Home\",\"item\":\"https:\/\/birrakarma.com\/fr\/\"},{\"@type\":\"ListItem\",\"position\":2,\"name\":\"Shop\",\"item\":\"https:\/\/birrakarma.com\/fr\/shop\/\"},{\"@type\":\"ListItem\",\"position\":3,\"name\":\"NA\u2019 TAZZULELLA \u2018E CAF\u00c8\"}]},{\"@type\":\"WebSite\",\"@id\":\"https:\/\/birrakarma.com\/#website\",\"url\":\"https:\/\/birrakarma.com\/\",\"name\":\"Birrificio Karma\",\"description\":\"Birra artigianale italiana\",\"publisher\":{\"@id\":\"https:\/\/birrakarma.com\/#organization\"},\"potentialAction\":[{\"@type\":\"SearchAction\",\"target\":{\"@type\":\"EntryPoint\",\"urlTemplate\":\"https:\/\/birrakarma.com\/?s={search_term_string}\"},\"query-input\":\"required name=search_term_string\"}],\"inLanguage\":\"fr-FR\"},{\"@type\":\"Organization\",\"@id\":\"https:\/\/birrakarma.com\/#organization\",\"name\":\"Birrificio Karma\",\"url\":\"https:\/\/birrakarma.com\/\",\"logo\":{\"@type\":\"ImageObject\",\"inLanguage\":\"fr-FR\",\"@id\":\"https:\/\/birrakarma.com\/#\/schema\/logo\/image\/\",\"url\":\"https:\/\/birrakarma.com\/wp-content\/uploads\/2020\/05\/karma-logo-naming-1.svg\",\"contentUrl\":\"https:\/\/birrakarma.com\/wp-content\/uploads\/2020\/05\/karma-logo-naming-1.svg\",\"width\":35.25,\"height\":5.41,\"caption\":\"Birrificio Karma\"},\"image\":{\"@id\":\"https:\/\/birrakarma.com\/#\/schema\/logo\/image\/\"}}]}<\/script>\n<!-- \/ Yoast SEO plugin. -->","yoast_head_json":{"title":"Bi\u00e8re artisanale Na' Tazzulella 'E Caf\u00e8 - Brasserie Karma","description":"Bi\u00e8re artisanale Na' Tazzulella 'E Caf\u00e9. Bi\u00e8re forte, produite avec des malts caram\u00e9lis\u00e9s et grill\u00e9s et une utilisation particuli\u00e8re de caf\u00e9 kimbo","robots":{"index":"index","follow":"follow","max-snippet":"max-snippet:-1","max-image-preview":"max-image-preview:large","max-video-preview":"max-video-preview:-1"},"canonical":"https:\/\/birrakarma.com\/fr\/classic-fr\/na-tazzulella-e-cafe\/","og_locale":"fr_FR","og_type":"article","og_title":"Bi\u00e8re artisanale Na' Tazzulella 'E Caf\u00e8 - Brasserie Karma","og_description":"Bi\u00e8re artisanale Na' Tazzulella 'E Caf\u00e9. Bi\u00e8re forte, produite avec des malts caram\u00e9lis\u00e9s et grill\u00e9s et une utilisation particuli\u00e8re de caf\u00e9 kimbo","og_url":"https:\/\/birrakarma.com\/fr\/classic-fr\/na-tazzulella-e-cafe\/","og_site_name":"Birrificio Karma","article_modified_time":"2020-12-02T20:49:23+00:00","og_image":[{"width":427,"height":1105,"url":"https:\/\/birrakarma.com\/wp-content\/uploads\/2020\/07\/na-tazzulella-e-cafe-karma-1.png","type":"image\/png"}],"twitter_card":"summary_large_image","twitter_misc":{"Dur\u00e9e de lecture estim\u00e9e":"1 minute"},"schema":{"@context":"https:\/\/schema.org","@graph":[{"@type":"WebPage","@id":"https:\/\/birrakarma.com\/fr\/classic-fr\/na-tazzulella-e-cafe\/","url":"https:\/\/birrakarma.com\/fr\/classic-fr\/na-tazzulella-e-cafe\/","name":"Bi\u00e8re artisanale Na' Tazzulella 'E Caf\u00e8 - Brasserie Karma","isPartOf":{"@id":"https:\/\/birrakarma.com\/#website"},"datePublished":"2020-07-13T15:44:12+00:00","dateModified":"2020-12-02T20:49:23+00:00","description":"Bi\u00e8re artisanale Na' Tazzulella 'E Caf\u00e9. Bi\u00e8re forte, produite avec des malts caram\u00e9lis\u00e9s et grill\u00e9s et une utilisation particuli\u00e8re de caf\u00e9 kimbo","breadcrumb":{"@id":"https:\/\/birrakarma.com\/fr\/classic-fr\/na-tazzulella-e-cafe\/#breadcrumb"},"inLanguage":"fr-FR","potentialAction":[{"@type":"ReadAction","target":["https:\/\/birrakarma.com\/fr\/classic-fr\/na-tazzulella-e-cafe\/"]}]},{"@type":"BreadcrumbList","@id":"https:\/\/birrakarma.com\/fr\/classic-fr\/na-tazzulella-e-cafe\/#breadcrumb","itemListElement":[{"@type":"ListItem","position":1,"name":"Home","item":"https:\/\/birrakarma.com\/fr\/"},{"@type":"ListItem","position":2,"name":"Shop","item":"https:\/\/birrakarma.com\/fr\/shop\/"},{"@type":"ListItem","position":3,"name":"NA\u2019 TAZZULELLA \u2018E CAF\u00c8"}]},{"@type":"WebSite","@id":"https:\/\/birrakarma.com\/#website","url":"https:\/\/birrakarma.com\/","name":"Birrificio Karma","description":"Birra artigianale italiana","publisher":{"@id":"https:\/\/birrakarma.com\/#organization"},"potentialAction":[{"@type":"SearchAction","target":{"@type":"EntryPoint","urlTemplate":"https:\/\/birrakarma.com\/?s={search_term_string}"},"query-input":"required name=search_term_string"}],"inLanguage":"fr-FR"},{"@type":"Organization","@id":"https:\/\/birrakarma.com\/#organization","name":"Birrificio Karma","url":"https:\/\/birrakarma.com\/","logo":{"@type":"ImageObject","inLanguage":"fr-FR","@id":"https:\/\/birrakarma.com\/#\/schema\/logo\/image\/","url":"https:\/\/birrakarma.com\/wp-content\/uploads\/2020\/05\/karma-logo-naming-1.svg","contentUrl":"https:\/\/birrakarma.com\/wp-content\/uploads\/2020\/05\/karma-logo-naming-1.svg","width":35.25,"height":5.41,"caption":"Birrificio Karma"},"image":{"@id":"https:\/\/birrakarma.com\/#\/schema\/logo\/image\/"}}]}},"_links":{"self":[{"href":"https:\/\/birrakarma.com\/fr\/wp-json\/wp\/v2\/product\/2116","targetHints":{"allow":["GET"]}}],"collection":[{"href":"https:\/\/birrakarma.com\/fr\/wp-json\/wp\/v2\/product"}],"about":[{"href":"https:\/\/birrakarma.com\/fr\/wp-json\/wp\/v2\/types\/product"}],"wp:featuredmedia":[{"embeddable":true,"href":"https:\/\/birrakarma.com\/fr\/wp-json\/wp\/v2\/media\/8555"}],"wp:attachment":[{"href":"https:\/\/birrakarma.com\/fr\/wp-json\/wp\/v2\/media?parent=2116"}],"wp:term":[{"taxonomy":"product_cat","embeddable":true,"href":"https:\/\/birrakarma.com\/fr\/wp-json\/wp\/v2\/product_cat?post=2116"},{"taxonomy":"product_tag","embeddable":true,"href":"https:\/\/birrakarma.com\/fr\/wp-json\/wp\/v2\/product_tag?post=2116"}],"curies":[{"name":"wp","href":"https:\/\/api.w.org\/{rel}","templated":true}]}}