{"id":2542,"date":"2020-11-28T17:29:27","date_gmt":"2020-11-28T17:29:27","guid":{"rendered":"https:\/\/birrakarma.com\/por-campania-fesr\/"},"modified":"2020-12-02T10:31:19","modified_gmt":"2020-12-02T10:31:19","slug":"por-campania-fesr","status":"publish","type":"page","link":"https:\/\/birrakarma.com\/fr\/por-campania-fesr\/","title":{"rendered":"POR Campania FESR"},"content":{"rendered":"\t\t<div data-elementor-type=\"wp-page\" data-elementor-id=\"2542\" class=\"elementor elementor-2542 elementor-912\">\n\t\t\t\t\t\t<div class=\"elementor-inner\">\n\t\t\t\t<div class=\"elementor-section-wrap\">\n\t\t\t\t\t\t\t\t\t<section class=\"elementor-section elementor-top-section elementor-element elementor-element-f1709a3 elementor-section-boxed elementor-section-height-default elementor-section-height-default\" data-id=\"f1709a3\" data-element_type=\"section\" data-settings=\"{&quot;jet_parallax_layout_list&quot;:[{&quot;jet_parallax_layout_image&quot;:{&quot;url&quot;:&quot;&quot;,&quot;id&quot;:&quot;&quot;,&quot;size&quot;:&quot;&quot;},&quot;_id&quot;:&quot;3740bba&quot;,&quot;jet_parallax_layout_image_tablet&quot;:{&quot;url&quot;:&quot;&quot;,&quot;id&quot;:&quot;&quot;,&quot;size&quot;:&quot;&quot;},&quot;jet_parallax_layout_image_mobile&quot;:{&quot;url&quot;:&quot;&quot;,&quot;id&quot;:&quot;&quot;,&quot;size&quot;:&quot;&quot;},&quot;jet_parallax_layout_speed&quot;:{&quot;unit&quot;:&quot;%&quot;,&quot;size&quot;:50,&quot;sizes&quot;:[]},&quot;jet_parallax_layout_type&quot;:&quot;scroll&quot;,&quot;jet_parallax_layout_direction&quot;:null,&quot;jet_parallax_layout_fx_direction&quot;:null,&quot;jet_parallax_layout_z_index&quot;:&quot;&quot;,&quot;jet_parallax_layout_bg_x&quot;:50,&quot;jet_parallax_layout_bg_y&quot;:50,&quot;jet_parallax_layout_bg_size&quot;:&quot;auto&quot;,&quot;jet_parallax_layout_animation_prop&quot;:&quot;transform&quot;,&quot;jet_parallax_layout_on&quot;:[&quot;desktop&quot;,&quot;tablet&quot;],&quot;jet_parallax_layout_bg_x_tablet&quot;:&quot;&quot;,&quot;jet_parallax_layout_bg_x_mobile&quot;:&quot;&quot;,&quot;jet_parallax_layout_bg_y_tablet&quot;:&quot;&quot;,&quot;jet_parallax_layout_bg_y_mobile&quot;:&quot;&quot;,&quot;jet_parallax_layout_bg_size_tablet&quot;:&quot;&quot;,&quot;jet_parallax_layout_bg_size_mobile&quot;:&quot;&quot;}],&quot;_ha_eqh_enable&quot;:false}\">\n\t\t\t\t\t\t<div class=\"elementor-container elementor-column-gap-default\">\n\t\t\t\t\t\t\t<div class=\"elementor-row\">\n\t\t\t\t\t<div class=\"elementor-column elementor-col-100 elementor-top-column elementor-element elementor-element-48b97d1\" data-id=\"48b97d1\" data-element_type=\"column\">\n\t\t\t<div class=\"elementor-column-wrap elementor-element-populated\">\n\t\t\t\t\t\t\t<div class=\"elementor-widget-wrap\">\n\t\t\t\t\t\t<div class=\"elementor-element elementor-element-027c604 elementor-widget elementor-widget-image\" data-id=\"027c604\" data-element_type=\"widget\" data-widget_type=\"image.default\">\n\t\t\t\t<div class=\"elementor-widget-container\">\n\t\t\t\t\t\t\t\t<div class=\"elementor-image\">\n\t\t\t\t\t\t\t\t\t\t\t\t<img decoding=\"async\" src=\"https:\/\/birrakarma.com\/wp-content\/uploads\/2020\/07\/karma-fondi-fer.svg\" title=\"karma-fondi-fer\" alt=\"karma-fondi-fer\" loading=\"lazy\" \/>\t\t\t\t\t\t\t\t\t\t\t\t\t\t<\/div>\n\t\t\t\t\t\t<\/div>\n\t\t\t\t<\/div>\n\t\t\t\t<div class=\"elementor-element elementor-element-de39c8d elementor-widget elementor-widget-heading\" data-id=\"de39c8d\" data-element_type=\"widget\" data-widget_type=\"heading.default\">\n\t\t\t\t<div class=\"elementor-widget-container\">\n\t\t\t<h1 class=\"elementor-heading-title elementor-size-default\">POR Campania <br>FESR 2014-2020<\/h1>\t\t<\/div>\n\t\t\t\t<\/div>\n\t\t\t\t<div class=\"elementor-element elementor-element-47b6e11 elementor-widget elementor-widget-text-editor\" data-id=\"47b6e11\" data-element_type=\"widget\" data-widget_type=\"text-editor.default\">\n\t\t\t\t<div class=\"elementor-widget-container\">\n\t\t\t\t\t\t\t\t<div class=\"elementor-text-editor elementor-clearfix\">\n\t\t\t\t<p>Ce site est cofinanc\u00e9 par l&#8217;Union europ\u00e9enne, l&#8217;\u00c9tat italien et la r\u00e9gion de Campanie, dans le champ d\u2019application du POR Campania FESR 2014-2020. Le POR Campania FESR 2014-2020 est le champ d&#8217;application de r\u00e9f\u00e9rence pour l&#8217;utilisation en Campania des ressources du Fonds europ\u00e9en de d\u00e9veloppement r\u00e9gional. Le programme op\u00e9rationnel r\u00e9gional (POR) pr\u00e9voit une dotation financi\u00e8re totale de 4.113.545.843 \u20ac et est d\u00e9velopp\u00e9 selon 11 axes, avec des ressources allou\u00e9es \u00e0 9 des 11 objectifs th\u00e9matiquesidentifi\u00e9s par la strat\u00e9gie Europe 2020, divis\u00e9s en 46 objectifs sp\u00e9cifiques (r\u00e9sultats attendus) pour un complexe de 75 actions.<br \/>Le POR finance des interventions connexes: recherche et innovation, TIC et agenda num\u00e9rique, comp\u00e9titivit\u00e9. du syst\u00e8me de production, \u00e9nergie durable, pr\u00e9vention des risques naturels et anthropiques, protection et valorisation du patrimoine naturel et culturel, transports, inclusion sociale, infrastructures pour le syst\u00e8me \u00e9ducatif r\u00e9gional, d\u00e9veloppement urbain durable.<br \/>Les objectifs de ce projet peuvent \u00eatre retrac\u00e9s dans le d\u00e9sir de transmettre l&#8217;identit\u00e9 enogastronomique de l&#8217;excellence du sud de l&#8217;Italie, avec une r\u00e9f\u00e9rence particuli\u00e8re au brassage avec des \u00e9l\u00e9ments naturels.<\/p>\n<p>8000 \u20ac + TVA ont \u00e9t\u00e9 allou\u00e9s pour le projet.<br \/><strong>\u00c9tat de mise en oeuvre du projet<\/strong>: termin\u00e9.<\/p>\n\t\t\t\t\t<\/div>\n\t\t\t\t\t\t<\/div>\n\t\t\t\t<\/div>\n\t\t\t\t\t\t<\/div>\n\t\t\t\t\t<\/div>\n\t\t<\/div>\n\t\t\t\t\t\t\t\t<\/div>\n\t\t\t\t\t<\/div>\n\t\t<\/section>\n\t\t\t\t\t\t\t\t\t<\/div>\n\t\t\t<\/div>\n\t\t\t\t\t<\/div>\n\t\t","protected":false},"excerpt":{"rendered":"<p>POR Campania FESR 2014-2020 Ce site est cofinanc\u00e9 par l&#8217;Union europ\u00e9enne, l&#8217;\u00c9tat italien et la r\u00e9gion de Campanie, dans le champ d\u2019application du POR Campania FESR 2014-2020. Le POR Campania FESR 2014-2020 est le champ d&#8217;application de r\u00e9f\u00e9rence pour l&#8217;utilisation en Campania des ressources du Fonds europ\u00e9en de d\u00e9veloppement r\u00e9gional. Le programme op\u00e9rationnel r\u00e9gional (POR) [&hellip;]<\/p>\n","protected":false},"author":6,"featured_media":0,"parent":0,"menu_order":0,"comment_status":"closed","ping_status":"closed","template":"","meta":{"footnotes":""},"class_list":["post-2542","page","type-page","status-publish","hentry"],"yoast_head":"<!-- This site is optimized with the Yoast SEO plugin v20.3 - https:\/\/yoast.com\/wordpress\/plugins\/seo\/ -->\n<title>POR Campania FESR - Brasserie Karma<\/title>\n<meta name=\"robots\" content=\"noindex, nofollow\" \/>\n<meta property=\"og:locale\" content=\"fr_FR\" \/>\n<meta property=\"og:type\" content=\"article\" \/>\n<meta property=\"og:title\" content=\"POR Campania FESR - Brasserie Karma\" \/>\n<meta property=\"og:description\" content=\"POR Campania FESR 2014-2020 Ce site est cofinanc\u00e9 par l&#8217;Union europ\u00e9enne, l&#8217;\u00c9tat italien et la r\u00e9gion de Campanie, dans le champ d\u2019application du POR Campania FESR 2014-2020. Le POR Campania FESR 2014-2020 est le champ d&#8217;application de r\u00e9f\u00e9rence pour l&#8217;utilisation en Campania des ressources du Fonds europ\u00e9en de d\u00e9veloppement r\u00e9gional. Le programme op\u00e9rationnel r\u00e9gional (POR) [&hellip;]\" \/>\n<meta property=\"og:url\" content=\"https:\/\/birrakarma.com\/fr\/por-campania-fesr\/\" \/>\n<meta property=\"og:site_name\" content=\"Birrificio Karma\" \/>\n<meta property=\"article:modified_time\" content=\"2020-12-02T10:31:19+00:00\" \/>\n<meta property=\"og:image\" content=\"https:\/\/birrakarma.com\/wp-content\/uploads\/2020\/07\/karma-fondi-fer.svg\" \/>\n<meta name=\"twitter:card\" content=\"summary_large_image\" \/>\n<meta name=\"twitter:label1\" content=\"Dur\u00e9e de lecture estim\u00e9e\" \/>\n\t<meta name=\"twitter:data1\" content=\"1 minute\" \/>\n<script type=\"application\/ld+json\" class=\"yoast-schema-graph\">{\"@context\":\"https:\/\/schema.org\",\"@graph\":[{\"@type\":\"WebPage\",\"@id\":\"https:\/\/birrakarma.com\/fr\/por-campania-fesr\/\",\"url\":\"https:\/\/birrakarma.com\/fr\/por-campania-fesr\/\",\"name\":\"POR Campania FESR - Brasserie Karma\",\"isPartOf\":{\"@id\":\"https:\/\/birrakarma.com\/#website\"},\"datePublished\":\"2020-11-28T17:29:27+00:00\",\"dateModified\":\"2020-12-02T10:31:19+00:00\",\"breadcrumb\":{\"@id\":\"https:\/\/birrakarma.com\/fr\/por-campania-fesr\/#breadcrumb\"},\"inLanguage\":\"fr-FR\",\"potentialAction\":[{\"@type\":\"ReadAction\",\"target\":[\"https:\/\/birrakarma.com\/fr\/por-campania-fesr\/\"]}]},{\"@type\":\"BreadcrumbList\",\"@id\":\"https:\/\/birrakarma.com\/fr\/por-campania-fesr\/#breadcrumb\",\"itemListElement\":[{\"@type\":\"ListItem\",\"position\":1,\"name\":\"Home\",\"item\":\"https:\/\/birrakarma.com\/fr\/\"},{\"@type\":\"ListItem\",\"position\":2,\"name\":\"POR Campania FESR\"}]},{\"@type\":\"WebSite\",\"@id\":\"https:\/\/birrakarma.com\/#website\",\"url\":\"https:\/\/birrakarma.com\/\",\"name\":\"Birrificio Karma\",\"description\":\"Birra artigianale italiana\",\"publisher\":{\"@id\":\"https:\/\/birrakarma.com\/#organization\"},\"potentialAction\":[{\"@type\":\"SearchAction\",\"target\":{\"@type\":\"EntryPoint\",\"urlTemplate\":\"https:\/\/birrakarma.com\/?s={search_term_string}\"},\"query-input\":\"required name=search_term_string\"}],\"inLanguage\":\"fr-FR\"},{\"@type\":\"Organization\",\"@id\":\"https:\/\/birrakarma.com\/#organization\",\"name\":\"Birrificio Karma\",\"url\":\"https:\/\/birrakarma.com\/\",\"logo\":{\"@type\":\"ImageObject\",\"inLanguage\":\"fr-FR\",\"@id\":\"https:\/\/birrakarma.com\/#\/schema\/logo\/image\/\",\"url\":\"https:\/\/birrakarma.com\/wp-content\/uploads\/2020\/05\/karma-logo-naming-1.svg\",\"contentUrl\":\"https:\/\/birrakarma.com\/wp-content\/uploads\/2020\/05\/karma-logo-naming-1.svg\",\"width\":35.25,\"height\":5.41,\"caption\":\"Birrificio Karma\"},\"image\":{\"@id\":\"https:\/\/birrakarma.com\/#\/schema\/logo\/image\/\"}}]}<\/script>\n<!-- \/ Yoast SEO plugin. -->","yoast_head_json":{"title":"POR Campania FESR - Brasserie Karma","robots":{"index":"noindex","follow":"nofollow"},"og_locale":"fr_FR","og_type":"article","og_title":"POR Campania FESR - Brasserie Karma","og_description":"POR Campania FESR 2014-2020 Ce site est cofinanc\u00e9 par l&#8217;Union europ\u00e9enne, l&#8217;\u00c9tat italien et la r\u00e9gion de Campanie, dans le champ d\u2019application du POR Campania FESR 2014-2020. Le POR Campania FESR 2014-2020 est le champ d&#8217;application de r\u00e9f\u00e9rence pour l&#8217;utilisation en Campania des ressources du Fonds europ\u00e9en de d\u00e9veloppement r\u00e9gional. Le programme op\u00e9rationnel r\u00e9gional (POR) [&hellip;]","og_url":"https:\/\/birrakarma.com\/fr\/por-campania-fesr\/","og_site_name":"Birrificio Karma","article_modified_time":"2020-12-02T10:31:19+00:00","og_image":[{"url":"https:\/\/birrakarma.com\/wp-content\/uploads\/2020\/07\/karma-fondi-fer.svg"}],"twitter_card":"summary_large_image","twitter_misc":{"Dur\u00e9e de lecture estim\u00e9e":"1 minute"},"schema":{"@context":"https:\/\/schema.org","@graph":[{"@type":"WebPage","@id":"https:\/\/birrakarma.com\/fr\/por-campania-fesr\/","url":"https:\/\/birrakarma.com\/fr\/por-campania-fesr\/","name":"POR Campania FESR - Brasserie Karma","isPartOf":{"@id":"https:\/\/birrakarma.com\/#website"},"datePublished":"2020-11-28T17:29:27+00:00","dateModified":"2020-12-02T10:31:19+00:00","breadcrumb":{"@id":"https:\/\/birrakarma.com\/fr\/por-campania-fesr\/#breadcrumb"},"inLanguage":"fr-FR","potentialAction":[{"@type":"ReadAction","target":["https:\/\/birrakarma.com\/fr\/por-campania-fesr\/"]}]},{"@type":"BreadcrumbList","@id":"https:\/\/birrakarma.com\/fr\/por-campania-fesr\/#breadcrumb","itemListElement":[{"@type":"ListItem","position":1,"name":"Home","item":"https:\/\/birrakarma.com\/fr\/"},{"@type":"ListItem","position":2,"name":"POR Campania FESR"}]},{"@type":"WebSite","@id":"https:\/\/birrakarma.com\/#website","url":"https:\/\/birrakarma.com\/","name":"Birrificio Karma","description":"Birra artigianale italiana","publisher":{"@id":"https:\/\/birrakarma.com\/#organization"},"potentialAction":[{"@type":"SearchAction","target":{"@type":"EntryPoint","urlTemplate":"https:\/\/birrakarma.com\/?s={search_term_string}"},"query-input":"required name=search_term_string"}],"inLanguage":"fr-FR"},{"@type":"Organization","@id":"https:\/\/birrakarma.com\/#organization","name":"Birrificio Karma","url":"https:\/\/birrakarma.com\/","logo":{"@type":"ImageObject","inLanguage":"fr-FR","@id":"https:\/\/birrakarma.com\/#\/schema\/logo\/image\/","url":"https:\/\/birrakarma.com\/wp-content\/uploads\/2020\/05\/karma-logo-naming-1.svg","contentUrl":"https:\/\/birrakarma.com\/wp-content\/uploads\/2020\/05\/karma-logo-naming-1.svg","width":35.25,"height":5.41,"caption":"Birrificio Karma"},"image":{"@id":"https:\/\/birrakarma.com\/#\/schema\/logo\/image\/"}}]}},"_links":{"self":[{"href":"https:\/\/birrakarma.com\/fr\/wp-json\/wp\/v2\/pages\/2542","targetHints":{"allow":["GET"]}}],"collection":[{"href":"https:\/\/birrakarma.com\/fr\/wp-json\/wp\/v2\/pages"}],"about":[{"href":"https:\/\/birrakarma.com\/fr\/wp-json\/wp\/v2\/types\/page"}],"author":[{"embeddable":true,"href":"https:\/\/birrakarma.com\/fr\/wp-json\/wp\/v2\/users\/6"}],"replies":[{"embeddable":true,"href":"https:\/\/birrakarma.com\/fr\/wp-json\/wp\/v2\/comments?post=2542"}],"version-history":[{"count":2,"href":"https:\/\/birrakarma.com\/fr\/wp-json\/wp\/v2\/pages\/2542\/revisions"}],"predecessor-version":[{"id":2946,"href":"https:\/\/birrakarma.com\/fr\/wp-json\/wp\/v2\/pages\/2542\/revisions\/2946"}],"wp:attachment":[{"href":"https:\/\/birrakarma.com\/fr\/wp-json\/wp\/v2\/media?parent=2542"}],"curies":[{"name":"wp","href":"https:\/\/api.w.org\/{rel}","templated":true}]}}