{"id":2110,"date":"2020-11-19T14:16:38","date_gmt":"2020-11-19T14:16:38","guid":{"rendered":"https:\/\/birrakarma.com\/politique-de-confidentialite\/"},"modified":"2020-12-01T17:44:09","modified_gmt":"2020-12-01T17:44:09","slug":"politique-de-confidentialite","status":"publish","type":"page","link":"https:\/\/birrakarma.com\/fr\/politique-de-confidentialite\/","title":{"rendered":"Privacy Policy"},"content":{"rendered":"\r\n<p>Cette politique de confidentialit\u00e9, adapt\u00e9e au r\u00e8glement UE 2016\/679 dit RGPD (R\u00e8glement g\u00e9n\u00e9ral sur la protection des donn\u00e9es), a pour but d&#8217;informer les utilisateurs du site www.birrakarma.com (ci-apr\u00e8s d\u00e9nomm\u00e9 le \u00absite\u00bb) de la politique adopt\u00e9e concernant la r\u00e9f\u00e9rence de les donn\u00e9es personnelles, en respectant \u00e0 tout moment la r\u00e9glementation pr\u00e9cit\u00e9e. Cette politique de confidentialit\u00e9 est valable \u00e0 la fois pour les utilisateurs qui ont simplement l&#8217;intention de visiter le site et pour les utilisateurs qui ont l&#8217;intention de faire des achats via la section d&#8217;achat en ligne \u00e0 travers tous les modes et canaux.<\/p>\r\n\r\n\r\n\r\n<p>La navigation sur le site est gratuite et n&#8217;implique aucune inscription \u00e0 l&#8217;exception du processus d&#8217;achat, pour lequel il est indispensable de fournir vos donn\u00e9es personnelles et la cr\u00e9ation d&#8217;un compte est facultative. Dans ce cas, les donn\u00e9es personnelles seront trait\u00e9es conform\u00e9ment au d\u00e9cret l\u00e9gislatif du 30 juin 2003, n. 196, \u00abCode concernant la protection des donn\u00e9es personnelles\u00bb, et du r\u00e8glement UE 679\/2016 \u00abR\u00e8glement g\u00e9n\u00e9ral sur la protection des donn\u00e9es\u00bb par Nirvana S.r.l. aux fins du traitement et du traitement des commandes. L&#8217;utilisateur a le droit de demander les donn\u00e9es personnelles trait\u00e9es ou leur modification en envoyant une demande \u00e0 l&#8217;adresse email info@birrakarma.com ainsi que de les annuler d\u00e9finitivement en garantissant le droit \u00e0 l&#8217;oubli.<\/p>\r\n\r\n\r\n\r\n<p>Conform\u00e9ment au code et aux r\u00e8glements et aux fins de ceux-ci, les informations suivantes sont fournies:<\/p>\r\n\r\n\r\n\r\n<p>1. Le responsable du traitement et les sous-traitants<br \/>Le responsable du traitement des donn\u00e9es personnelles est Mario Cipriano en tant que repr\u00e9sentant l\u00e9gal de la soci\u00e9t\u00e9 Nirvana S.r.l. dont le si\u00e8ge social est Corso Umberto I, 297 &#8211; 81012 Alvignano (CE) Num\u00e9ro de TVA 04065610612 &#8211; mail: info@birrakarma.com (ci-apr\u00e8s \u00abMario Cipriano\u00bb, le \u00abPropri\u00e9taire\u00bb).<\/p>\r\n<p>\r\n\r\n<\/p>\r\n<p>2. Types de donn\u00e9es personnelles trait\u00e9es<br \/>Pour acc\u00e9der au site, il n&#8217;est pas n\u00e9cessaire de fournir des donn\u00e9es personnelles. Pour passer des commandes ou pour consulter les commandes envoy\u00e9es, une inscription sur le site Internet est \u00e9ventuellement requise. Les donn\u00e9es demand\u00e9es sont de type non sensible et semblent \u00eatre le nom, le pr\u00e9nom, l&#8217;adresse de facturation et de livraison, le num\u00e9ro de t\u00e9l\u00e9phone et l&#8217;e-mail. Des<br \/>donn\u00e9es de m\u00eame nature et non sensibles sont \u00e9galement n\u00e9cessaires pour contacter l&#8217;action via le formulaire de contact appropri\u00e9.<\/p>\r\n<p>\r\n\r\n<\/p>\r\n<p>3. Finalit\u00e9<br \/>Les donn\u00e9es personnelles sont trait\u00e9es uniquement et exclusivement pour traiter les commandes pass\u00e9es en ligne ou pour faire un recontact en cas de remplissage du formulaire de contact.<\/p>\r\n<p>\r\n\r\n<\/p>\r\n<p>4. M\u00e9thodes, dur\u00e9e du traitement des donn\u00e9es et \u00e9tendue de la communication<br \/>Les donn\u00e9es seront stock\u00e9es exclusivement en ligne, il n&#8217;y a pas de m\u00e9thode papier de collecte de donn\u00e9es. Ils ne seront trait\u00e9s que pendant le temps n\u00e9cessaire au au traitement de la commande et jusqu&#8217;\u00e0 ce que l&#8217;utilisateur d\u00e9cide de demander le droit \u00e0 l\u2019oubli.<\/p>\r\n<p>\r\n\r\n<\/p>\r\n<p>5. Liens vers d&#8217;autres sites<br \/>Ces informations ne sont valables que pour le site www.birrakarma.com Le site peut contenir des liens vers des liens vers d&#8217;autres sites. Le propri\u00e9taire n&#8217;est pas responsable des sites autres que www.birrakarma.com.<\/p>\r\n<p>\r\n\r\n<\/p>\r\n<p>6. Outils de \u00abprofilage\u00bb et \/ ou de personnalisation<br \/>Le site ne r\u00e9alise pas d&#8217;activit\u00e9s de profilage personnel des utilisateurs. Le site Web peut signaler, si n\u00e9cessaire, l&#8217;abonnement facultatif de l&#8217;utilisateur \u00e0 la newsletter ou, si indiqu\u00e9, l&#8217;utilisateur peut donner son consentement aux donn\u00e9es publi\u00e9es pendant la phase de commande pour les activit\u00e9s de marketing effectu\u00e9es \u00e0 des fins publicitaires des produits vendus exclusivement par Nirvana Srl Dans ce cas, et si n\u00e9cessaire, la case \u00e0 cocher appara\u00eetra sans le contr\u00f4le pr\u00e9d\u00e9fini o\u00f9 l&#8217;utilisateur d\u00e9clarera le souhait expr\u00e8s de traiter les donn\u00e9es. Les communications commerciales peuvent \u00eatre effectu\u00e9es par e-mail, sms, WhatsApp, courrier ordinaire. Le responsable du traitement ne transf\u00e9rera pas les donn\u00e9es \u00e0 des tiers.\u00a0<\/p>\r\n<p>\r\n\r\n<\/p>\r\n<p>Le site utilise des cookies n\u00e9cessaires au bon fonctionnement de celui-ci. Dans ce cas, il est fait r\u00e9f\u00e9rence \u00e0 la Politique relative aux cookies, qui peut \u00eatre consult\u00e9e en cliquant <a href=\"https:\/\/birrakarma.com\/fr\/politique-relative-aux-cookies\/\"> ici<\/a>.<\/p>\r\n<p>\r\n\r\n<\/p>\r\n<p>7. Lieu de traitement des donn\u00e9es<\/p>\r\n<p>\r\n\r\n<\/p>\r\n<p>Les donn\u00e9es seront trait\u00e9es exclusivement par le contr\u00f4leur de donn\u00e9es de Nirvana S.r.l. avec si\u00e8ge social \u00e0 Corso Umberto I, 297-81012 Alvignano (CE) Num\u00e9ro de TVA 04065610612 &#8211; mail: info@birrakarma.com. Les donn\u00e9es seront stock\u00e9es sur une base de donn\u00e9es \u00e9lectronique appartenant au site lui-m\u00eame ainsi que dans un r\u00e9pertoire s\u00e9par\u00e9 sur l&#8217;espace Web dont le propri\u00e9taire est le contr\u00f4leur des donn\u00e9es.<\/p>\r\n<p>\r\n\r\n<\/p>\r\n<p>8. Droits des parties int\u00e9ress\u00e9es<br \/>L&#8217;utilisateur a le droit de demander les donn\u00e9es personnelles trait\u00e9es ou leur modification en envoyant une demande \u00e0 l&#8217;adresse e-mail info@birrakarma.com exclusivement \u00e0 partir de l&#8217;email utilis\u00e9 sur le site et associ\u00e9 \u00e0 son compte. L&#8217;utilisateur a \u00e9galement la possibilit\u00e9 de supprimer des donn\u00e9es personnelles sur le site m\u00eame sans supprimer son compte. Dans ce cas, vous devez envoyer un email exclusivement \u00e0 partir de l&#8217;email utilis\u00e9 sur le site et associ\u00e9 \u00e0 votre compte en pr\u00e9cisant cette demande. L&#8217;utilisateur peut \u00e9galement supprimer son compte sur le site en cliquant sur l&#8217;\u00e9l\u00e9ment \u00absupprimer le compte\u00bb de son espace personnel. Si le client souhaite \u00e9galement supprimer ses propres donn\u00e9es, il doit adresser la demande ci-dessus avant ou apr\u00e8s la suppression de son compte. concernant l&#8217;annulation des donn\u00e9es personnelles.<\/p>\r\n<p>\r\n\r\n<\/p>\r\n<p>9. R\u00e9clamations<br \/>Si vous n&#8217;\u00eates pas satisfait de ce qui pr\u00e9c\u00e8de, vous pouvez contacter le garant pour la protection des donn\u00e9es personnelles (www.garanteprivacy.it), ou le garant du pays o\u00f9 vous r\u00e9sidez habituellement, travaillez ou o\u00f9 vous vous trouvez. v\u00e9rifi\u00e9 la violation all\u00e9gu\u00e9e.<\/p>\r\n<p><\/p>","protected":false},"excerpt":{"rendered":"<p>Cette politique de confidentialit\u00e9, adapt\u00e9e au r\u00e8glement UE 2016\/679 dit RGPD (R\u00e8glement g\u00e9n\u00e9ral sur la protection des donn\u00e9es), a pour but d&#8217;informer les utilisateurs du site www.birrakarma.com (ci-apr\u00e8s d\u00e9nomm\u00e9 le \u00absite\u00bb) de la politique adopt\u00e9e concernant la r\u00e9f\u00e9rence de les donn\u00e9es personnelles, en respectant \u00e0 tout moment la r\u00e9glementation pr\u00e9cit\u00e9e. Cette politique de confidentialit\u00e9 est [&hellip;]<\/p>\n","protected":false},"author":6,"featured_media":0,"parent":0,"menu_order":0,"comment_status":"closed","ping_status":"open","template":"","meta":{"footnotes":""},"class_list":["post-2110","page","type-page","status-publish","hentry"],"yoast_head":"<!-- This site is optimized with the Yoast SEO plugin v20.3 - https:\/\/yoast.com\/wordpress\/plugins\/seo\/ -->\n<title>Privacy Policy - Brasserie Karma<\/title>\n<meta name=\"robots\" content=\"noindex, nofollow\" \/>\n<meta property=\"og:locale\" content=\"fr_FR\" \/>\n<meta property=\"og:type\" content=\"article\" \/>\n<meta property=\"og:title\" content=\"Privacy Policy - Brasserie Karma\" \/>\n<meta property=\"og:description\" content=\"Cette politique de confidentialit\u00e9, adapt\u00e9e au r\u00e8glement UE 2016\/679 dit RGPD (R\u00e8glement g\u00e9n\u00e9ral sur la protection des donn\u00e9es), a pour but d&#8217;informer les utilisateurs du site www.birrakarma.com (ci-apr\u00e8s d\u00e9nomm\u00e9 le \u00absite\u00bb) de la politique adopt\u00e9e concernant la r\u00e9f\u00e9rence de les donn\u00e9es personnelles, en respectant \u00e0 tout moment la r\u00e9glementation pr\u00e9cit\u00e9e. Cette politique de confidentialit\u00e9 est [&hellip;]\" \/>\n<meta property=\"og:url\" content=\"https:\/\/birrakarma.com\/fr\/politique-de-confidentialite\/\" \/>\n<meta property=\"og:site_name\" content=\"Birrificio Karma\" \/>\n<meta property=\"article:modified_time\" content=\"2020-12-01T17:44:09+00:00\" \/>\n<meta name=\"twitter:card\" content=\"summary_large_image\" \/>\n<meta name=\"twitter:label1\" content=\"Dur\u00e9e de lecture estim\u00e9e\" \/>\n\t<meta name=\"twitter:data1\" content=\"5 minutes\" \/>\n<script type=\"application\/ld+json\" class=\"yoast-schema-graph\">{\"@context\":\"https:\/\/schema.org\",\"@graph\":[{\"@type\":\"WebPage\",\"@id\":\"https:\/\/birrakarma.com\/fr\/politique-de-confidentialite\/\",\"url\":\"https:\/\/birrakarma.com\/fr\/politique-de-confidentialite\/\",\"name\":\"Privacy Policy - Brasserie Karma\",\"isPartOf\":{\"@id\":\"https:\/\/birrakarma.com\/#website\"},\"datePublished\":\"2020-11-19T14:16:38+00:00\",\"dateModified\":\"2020-12-01T17:44:09+00:00\",\"breadcrumb\":{\"@id\":\"https:\/\/birrakarma.com\/fr\/politique-de-confidentialite\/#breadcrumb\"},\"inLanguage\":\"fr-FR\",\"potentialAction\":[{\"@type\":\"ReadAction\",\"target\":[\"https:\/\/birrakarma.com\/fr\/politique-de-confidentialite\/\"]}]},{\"@type\":\"BreadcrumbList\",\"@id\":\"https:\/\/birrakarma.com\/fr\/politique-de-confidentialite\/#breadcrumb\",\"itemListElement\":[{\"@type\":\"ListItem\",\"position\":1,\"name\":\"Home\",\"item\":\"https:\/\/birrakarma.com\/fr\/\"},{\"@type\":\"ListItem\",\"position\":2,\"name\":\"Privacy Policy\"}]},{\"@type\":\"WebSite\",\"@id\":\"https:\/\/birrakarma.com\/#website\",\"url\":\"https:\/\/birrakarma.com\/\",\"name\":\"Birrificio Karma\",\"description\":\"Birra artigianale italiana\",\"publisher\":{\"@id\":\"https:\/\/birrakarma.com\/#organization\"},\"potentialAction\":[{\"@type\":\"SearchAction\",\"target\":{\"@type\":\"EntryPoint\",\"urlTemplate\":\"https:\/\/birrakarma.com\/?s={search_term_string}\"},\"query-input\":\"required name=search_term_string\"}],\"inLanguage\":\"fr-FR\"},{\"@type\":\"Organization\",\"@id\":\"https:\/\/birrakarma.com\/#organization\",\"name\":\"Birrificio Karma\",\"url\":\"https:\/\/birrakarma.com\/\",\"logo\":{\"@type\":\"ImageObject\",\"inLanguage\":\"fr-FR\",\"@id\":\"https:\/\/birrakarma.com\/#\/schema\/logo\/image\/\",\"url\":\"https:\/\/birrakarma.com\/wp-content\/uploads\/2020\/05\/karma-logo-naming-1.svg\",\"contentUrl\":\"https:\/\/birrakarma.com\/wp-content\/uploads\/2020\/05\/karma-logo-naming-1.svg\",\"width\":35.25,\"height\":5.41,\"caption\":\"Birrificio Karma\"},\"image\":{\"@id\":\"https:\/\/birrakarma.com\/#\/schema\/logo\/image\/\"}}]}<\/script>\n<!-- \/ Yoast SEO plugin. -->","yoast_head_json":{"title":"Privacy Policy - Brasserie Karma","robots":{"index":"noindex","follow":"nofollow"},"og_locale":"fr_FR","og_type":"article","og_title":"Privacy Policy - Brasserie Karma","og_description":"Cette politique de confidentialit\u00e9, adapt\u00e9e au r\u00e8glement UE 2016\/679 dit RGPD (R\u00e8glement g\u00e9n\u00e9ral sur la protection des donn\u00e9es), a pour but d&#8217;informer les utilisateurs du site www.birrakarma.com (ci-apr\u00e8s d\u00e9nomm\u00e9 le \u00absite\u00bb) de la politique adopt\u00e9e concernant la r\u00e9f\u00e9rence de les donn\u00e9es personnelles, en respectant \u00e0 tout moment la r\u00e9glementation pr\u00e9cit\u00e9e. Cette politique de confidentialit\u00e9 est [&hellip;]","og_url":"https:\/\/birrakarma.com\/fr\/politique-de-confidentialite\/","og_site_name":"Birrificio Karma","article_modified_time":"2020-12-01T17:44:09+00:00","twitter_card":"summary_large_image","twitter_misc":{"Dur\u00e9e de lecture estim\u00e9e":"5 minutes"},"schema":{"@context":"https:\/\/schema.org","@graph":[{"@type":"WebPage","@id":"https:\/\/birrakarma.com\/fr\/politique-de-confidentialite\/","url":"https:\/\/birrakarma.com\/fr\/politique-de-confidentialite\/","name":"Privacy Policy - Brasserie Karma","isPartOf":{"@id":"https:\/\/birrakarma.com\/#website"},"datePublished":"2020-11-19T14:16:38+00:00","dateModified":"2020-12-01T17:44:09+00:00","breadcrumb":{"@id":"https:\/\/birrakarma.com\/fr\/politique-de-confidentialite\/#breadcrumb"},"inLanguage":"fr-FR","potentialAction":[{"@type":"ReadAction","target":["https:\/\/birrakarma.com\/fr\/politique-de-confidentialite\/"]}]},{"@type":"BreadcrumbList","@id":"https:\/\/birrakarma.com\/fr\/politique-de-confidentialite\/#breadcrumb","itemListElement":[{"@type":"ListItem","position":1,"name":"Home","item":"https:\/\/birrakarma.com\/fr\/"},{"@type":"ListItem","position":2,"name":"Privacy Policy"}]},{"@type":"WebSite","@id":"https:\/\/birrakarma.com\/#website","url":"https:\/\/birrakarma.com\/","name":"Birrificio Karma","description":"Birra artigianale italiana","publisher":{"@id":"https:\/\/birrakarma.com\/#organization"},"potentialAction":[{"@type":"SearchAction","target":{"@type":"EntryPoint","urlTemplate":"https:\/\/birrakarma.com\/?s={search_term_string}"},"query-input":"required name=search_term_string"}],"inLanguage":"fr-FR"},{"@type":"Organization","@id":"https:\/\/birrakarma.com\/#organization","name":"Birrificio Karma","url":"https:\/\/birrakarma.com\/","logo":{"@type":"ImageObject","inLanguage":"fr-FR","@id":"https:\/\/birrakarma.com\/#\/schema\/logo\/image\/","url":"https:\/\/birrakarma.com\/wp-content\/uploads\/2020\/05\/karma-logo-naming-1.svg","contentUrl":"https:\/\/birrakarma.com\/wp-content\/uploads\/2020\/05\/karma-logo-naming-1.svg","width":35.25,"height":5.41,"caption":"Birrificio Karma"},"image":{"@id":"https:\/\/birrakarma.com\/#\/schema\/logo\/image\/"}}]}},"_links":{"self":[{"href":"https:\/\/birrakarma.com\/fr\/wp-json\/wp\/v2\/pages\/2110","targetHints":{"allow":["GET"]}}],"collection":[{"href":"https:\/\/birrakarma.com\/fr\/wp-json\/wp\/v2\/pages"}],"about":[{"href":"https:\/\/birrakarma.com\/fr\/wp-json\/wp\/v2\/types\/page"}],"author":[{"embeddable":true,"href":"https:\/\/birrakarma.com\/fr\/wp-json\/wp\/v2\/users\/6"}],"replies":[{"embeddable":true,"href":"https:\/\/birrakarma.com\/fr\/wp-json\/wp\/v2\/comments?post=2110"}],"version-history":[{"count":4,"href":"https:\/\/birrakarma.com\/fr\/wp-json\/wp\/v2\/pages\/2110\/revisions"}],"predecessor-version":[{"id":2976,"href":"https:\/\/birrakarma.com\/fr\/wp-json\/wp\/v2\/pages\/2110\/revisions\/2976"}],"wp:attachment":[{"href":"https:\/\/birrakarma.com\/fr\/wp-json\/wp\/v2\/media?parent=2110"}],"curies":[{"name":"wp","href":"https:\/\/api.w.org\/{rel}","templated":true}]}}