{"id":2108,"date":"2020-11-19T13:51:55","date_gmt":"2020-11-19T13:51:55","guid":{"rendered":"https:\/\/birrakarma.com\/politique-relative-aux-cookies\/"},"modified":"2020-12-01T17:43:02","modified_gmt":"2020-12-01T17:43:02","slug":"politique-relative-aux-cookies","status":"publish","type":"page","link":"https:\/\/birrakarma.com\/fr\/politique-relative-aux-cookies\/","title":{"rendered":"Politique relative aux cookies"},"content":{"rendered":"\r\n<p>Cette politique de cookies veut vous informer les utilisateurs sur la nature des cookies utilis\u00e9s sur le site www.birrakarma.com, \u00e0 partir d\u2019ici d\u00e9nomm\u00e9 le site, et est mise \u00e0 jour avec les dispositions du r\u00e8glement UE 2016\/679 dit RGPD (R\u00e8glement g\u00e9n\u00e9ral sur la protection des donn\u00e9es). Les cookies sont de petits fichiers texte et sont stock\u00e9s sur le terminal de l&#8217;utilisateur qui visite un site<br \/>Web sp\u00e9cifique, chaque site Web contient certains cookies. Les cookies sont utiles pour permettre une exp\u00e9rience meilleure de navigation sur le site Web, en fait, ils sont utilis\u00e9s pour acc\u00e9l\u00e9rer l&#8217;authentification de connexion, pour stocker et r\u00e9cup\u00e9rer les informations sur les habitudes de navigation de l&#8217;utilisateur ou sur l&#8217;appareil utilis\u00e9. Ces informations sont g\u00e9n\u00e9ralement trait\u00e9es anonymement. Le site utilise donc des cookies qui sont stock\u00e9s sur l&#8217;appareil de l&#8217;utilisateur et sont de type technique ou de tiers. Le site n&#8217;utilise actuellement pas de cookies de profilage.<\/p>\r\n<p>\r\n\r\n<\/p>\r\n<p><strong>Cookies techniques et de tiers<br \/><\/strong>Le site utilise des cookies techniques, par r\u00e8glement ils ont le but de \u00abtransmettre une communication sur un r\u00e9seau de communications \u00e9lectroniques, ou dans la mesure strictement n\u00e9cessaire pour le fournisseur d&#8217;un service de la soci\u00e9t\u00e9 informations explicitement demand\u00e9es par l&#8217;abonn\u00e9 ou par l&#8217;utilisateur pour fournir ce service \u00bb(voir article 122, paragraphe 1, du code<br \/>de la vie priv\u00e9e). Les cookies techniques pr\u00e9sents sur le site peuvent \u00eatre de session ou persistants. Les cookies de session sont des cookies temporaires qui durent jusqu&#8217;\u00e0 ce que l&#8217;utilisateur ferme le navigateur.<br \/>Les cookies persistants sont plut\u00f4t stock\u00e9s sur l&#8217;appareil de l&#8217;utilisateur et durent jusqu&#8217;\u00e0 leur expiration, ou jusqu&#8217;\u00e0 ce que l&#8217;utilisateur les supprime. Ces cookies sont indispensables pour une bonne navigation au sein du site et pour profiter de toutes ses fonctionnalit\u00e9s. Le site utilise \u00e9galement des cookies de tiers, c&#8217;est-\u00e0-dire g\u00e9r\u00e9s par des tiers qui sont cr\u00e9\u00e9s et soumis \u00e0 des domaines externes. Le site n&#8217;a aucun contr\u00f4le sur ces cookies. Les cookies tiers sont divis\u00e9s en deux cat\u00e9gories:<strong><br \/><\/strong><\/p>\r\n<p>\r\n\r\n<\/p>\r\n<ul class=\"wp-block-list\">\r\n<li>Cookies n\u00e9cessaires au bon fonctionnement de certaines zones du site.<\/li>\r\n<li>Les cookies de performance, c&#8217;est-\u00e0-dire ceux qui collectent de mani\u00e8re anonyme des informations sur le nombre de visiteurs qui utilisent le site et qui vous permettent de savoir combien de visiteurs interagissent avec lui, en fournissant des informations sur les zones visit\u00e9es, le temps pass\u00e9 et les \u00e9ventuels probl\u00e8mes rencontr\u00e9s.<\/li>\r\n<\/ul>\r\n<p>\r\n\r\n<\/p>\r\n<p>Selon les indications du Garant de la Confidentialit\u00e9, &#8220;dans le cas o\u00f9 un site contient \u00e9galement des cookies de tiers, l&#8217;information et l&#8217;acquisition du consentement sont de la responsabilit\u00e9 du tiers&#8221;.<\/p>\r\n<p>\r\n\r\n<\/p>\r\n<ul class=\"wp-block-list\">\r\n<li>Cookies fonctionnels, c&#8217;est-\u00e0-dire ceux qui am\u00e9liorent l&#8217;exp\u00e9rience du visiteur sur le site et qui peuvent stocker des informations telles que la langue, afin de fournir \u00e0 l&#8217;utilisateur des fonctions meilleures et personnalis\u00e9es.<\/li>\r\n<\/ul>\r\n<p>\r\n\r\n<\/p>\r\n<p><strong>Cookies tiers utilis\u00e9s par le site<\/strong><\/p>\r\n<p>\r\n\r\n<\/p>\r\n<p><strong>Google Analytics<\/strong><br \/>Le site utilise Google Analytics pour surveiller de mani\u00e8re anonyme le nombre de visites, les pages visit\u00e9es, le temps que les utilisateurs restent sur une page sp\u00e9cifique.<\/p>\r\n<p><strong>Google Font<\/strong><br \/>Google Font est un service de visualisation de style de caract\u00e8res g\u00e9r\u00e9 par Google Inc.<\/p>\r\n<p><strong>YouTube<br \/><\/strong>Le cookies de YouTube sont essentiels pour le bon fonctionnement du site, ou pour faire appara\u00eetre des vid\u00e9os sp\u00e9cifiques de YouTube sur le site lui-m\u00eame.<\/p>\r\n<p>\r\n\r\n<\/p>\r\n<p><strong>Autres cookies<\/strong><br \/>Le site utilise des boutons d&#8217;acc\u00e8s direct aux r\u00e9seaux sociaux et peut utiliser des boutons\u00abJ&#8217;aime\u00bb ou \u00abPartager\u00bb qui contiennent des connections avec Facebook, Linkedin ou Instagram. L&#8217;utilisation de ces boutons implique la transmission de cookies vers et depuis tous les sites g\u00e9r\u00e9s par ces parties, dont les informations et l&#8217;utilisation des donn\u00e9es se r\u00e9f\u00e8rent aux sites euxm\u00eames<br \/>et plus particuli\u00e8rement aux sites des boutons pr\u00e9sents ou qui seront pr\u00e9sents sur \u00e0 l&#8217;int\u00e9rieur du site.<\/p>\r\n<p>\r\n\r\n<\/p>\r\n<p><strong>Comment d\u00e9sactiver les cookies<\/strong><br \/>Dans le cas o\u00f9 l&#8217;utilisateur ne d\u00e9ciderait pas d&#8217;accepter les cookies, certaines fonctions, services ou fonctionnalit\u00e9s du site peuvent ne pas \u00eatre disponibles. Dans le cas o\u00f9 l&#8217;utilisateur souhaiterait d\u00e9sactiver les cookies de tiers, une fois accept\u00e9s, il devra acc\u00e9der directement aux param\u00e8tres du navigateur aux adresses indiqu\u00e9es ci-dessous:<\/p>\r\n<p>\r\n\r\n<\/p>\r\n<ul class=\"wp-block-list\">\r\n<li>\r\n<p><strong>EXPLORATEUR INTERNET<\/strong>: http:\/\/windows.microsoft.com\/it-it\/internet-explorer\/delete-managecookies<\/p>\r\n<\/li>\r\n<li>\r\n<p><strong>FIREFOX<\/strong> http:\/\/support.mozilla.org\/it\/kb\/Gestione%20dei%20cookie?redirectlocale=en-US&amp;redirectslug=Cookies<br \/><br \/><\/p>\r\n<\/li>\r\n<li>\r\n<p><strong>CHROME<\/strong> https:\/\/support.google.com\/chrome\/answer\/95647?hl=it<\/p>\r\n<\/li>\r\n<li><strong>SAFARI:<\/strong>\u00a0http:\/\/www.apple.com\/it\/privacy\/use-of-cookies\/<\/li>\r\n<\/ul>\r\n<p>\r\n\r\n<\/p>\r\n<p>Pour la politique de confidentialit\u00e9, veuillez vous r\u00e9f\u00e9rer \u00e0 la page de politique de confidentialit\u00e9.<\/p>\r\n<p><\/p>","protected":false},"excerpt":{"rendered":"<p>Cette politique de cookies veut vous informer les utilisateurs sur la nature des cookies utilis\u00e9s sur le site www.birrakarma.com, \u00e0 partir d\u2019ici d\u00e9nomm\u00e9 le site, et est mise \u00e0 jour avec les dispositions du r\u00e8glement UE 2016\/679 dit RGPD (R\u00e8glement g\u00e9n\u00e9ral sur la protection des donn\u00e9es). Les cookies sont de petits fichiers texte et sont [&hellip;]<\/p>\n","protected":false},"author":6,"featured_media":0,"parent":0,"menu_order":0,"comment_status":"closed","ping_status":"closed","template":"","meta":{"footnotes":""},"class_list":["post-2108","page","type-page","status-publish","hentry"],"yoast_head":"<!-- This site is optimized with the Yoast SEO plugin v20.3 - https:\/\/yoast.com\/wordpress\/plugins\/seo\/ -->\n<title>Politique relative aux cookies - Brasserie Karma<\/title>\n<meta name=\"robots\" content=\"index, follow, max-snippet:-1, max-image-preview:large, max-video-preview:-1\" \/>\n<link rel=\"canonical\" href=\"https:\/\/birrakarma.com\/fr\/politique-relative-aux-cookies\/\" \/>\n<meta property=\"og:locale\" content=\"fr_FR\" \/>\n<meta property=\"og:type\" content=\"article\" \/>\n<meta property=\"og:title\" content=\"Politique relative aux cookies - Brasserie Karma\" \/>\n<meta property=\"og:description\" content=\"Cette politique de cookies veut vous informer les utilisateurs sur la nature des cookies utilis\u00e9s sur le site www.birrakarma.com, \u00e0 partir d\u2019ici d\u00e9nomm\u00e9 le site, et est mise \u00e0 jour avec les dispositions du r\u00e8glement UE 2016\/679 dit RGPD (R\u00e8glement g\u00e9n\u00e9ral sur la protection des donn\u00e9es). Les cookies sont de petits fichiers texte et sont [&hellip;]\" \/>\n<meta property=\"og:url\" content=\"https:\/\/birrakarma.com\/fr\/politique-relative-aux-cookies\/\" \/>\n<meta property=\"og:site_name\" content=\"Birrificio Karma\" \/>\n<meta property=\"article:modified_time\" content=\"2020-12-01T17:43:02+00:00\" \/>\n<meta name=\"twitter:card\" content=\"summary_large_image\" \/>\n<meta name=\"twitter:label1\" content=\"Dur\u00e9e de lecture estim\u00e9e\" \/>\n\t<meta name=\"twitter:data1\" content=\"4 minutes\" \/>\n<script type=\"application\/ld+json\" class=\"yoast-schema-graph\">{\"@context\":\"https:\/\/schema.org\",\"@graph\":[{\"@type\":\"WebPage\",\"@id\":\"https:\/\/birrakarma.com\/fr\/politique-relative-aux-cookies\/\",\"url\":\"https:\/\/birrakarma.com\/fr\/politique-relative-aux-cookies\/\",\"name\":\"Politique relative aux cookies - Brasserie Karma\",\"isPartOf\":{\"@id\":\"https:\/\/birrakarma.com\/#website\"},\"datePublished\":\"2020-11-19T13:51:55+00:00\",\"dateModified\":\"2020-12-01T17:43:02+00:00\",\"breadcrumb\":{\"@id\":\"https:\/\/birrakarma.com\/fr\/politique-relative-aux-cookies\/#breadcrumb\"},\"inLanguage\":\"fr-FR\",\"potentialAction\":[{\"@type\":\"ReadAction\",\"target\":[\"https:\/\/birrakarma.com\/fr\/politique-relative-aux-cookies\/\"]}]},{\"@type\":\"BreadcrumbList\",\"@id\":\"https:\/\/birrakarma.com\/fr\/politique-relative-aux-cookies\/#breadcrumb\",\"itemListElement\":[{\"@type\":\"ListItem\",\"position\":1,\"name\":\"Home\",\"item\":\"https:\/\/birrakarma.com\/fr\/\"},{\"@type\":\"ListItem\",\"position\":2,\"name\":\"Politique relative aux cookies\"}]},{\"@type\":\"WebSite\",\"@id\":\"https:\/\/birrakarma.com\/#website\",\"url\":\"https:\/\/birrakarma.com\/\",\"name\":\"Birrificio Karma\",\"description\":\"Birra artigianale italiana\",\"publisher\":{\"@id\":\"https:\/\/birrakarma.com\/#organization\"},\"potentialAction\":[{\"@type\":\"SearchAction\",\"target\":{\"@type\":\"EntryPoint\",\"urlTemplate\":\"https:\/\/birrakarma.com\/?s={search_term_string}\"},\"query-input\":\"required name=search_term_string\"}],\"inLanguage\":\"fr-FR\"},{\"@type\":\"Organization\",\"@id\":\"https:\/\/birrakarma.com\/#organization\",\"name\":\"Birrificio Karma\",\"url\":\"https:\/\/birrakarma.com\/\",\"logo\":{\"@type\":\"ImageObject\",\"inLanguage\":\"fr-FR\",\"@id\":\"https:\/\/birrakarma.com\/#\/schema\/logo\/image\/\",\"url\":\"https:\/\/birrakarma.com\/wp-content\/uploads\/2020\/05\/karma-logo-naming-1.svg\",\"contentUrl\":\"https:\/\/birrakarma.com\/wp-content\/uploads\/2020\/05\/karma-logo-naming-1.svg\",\"width\":35.25,\"height\":5.41,\"caption\":\"Birrificio Karma\"},\"image\":{\"@id\":\"https:\/\/birrakarma.com\/#\/schema\/logo\/image\/\"}}]}<\/script>\n<!-- \/ Yoast SEO plugin. -->","yoast_head_json":{"title":"Politique relative aux cookies - Brasserie Karma","robots":{"index":"index","follow":"follow","max-snippet":"max-snippet:-1","max-image-preview":"max-image-preview:large","max-video-preview":"max-video-preview:-1"},"canonical":"https:\/\/birrakarma.com\/fr\/politique-relative-aux-cookies\/","og_locale":"fr_FR","og_type":"article","og_title":"Politique relative aux cookies - Brasserie Karma","og_description":"Cette politique de cookies veut vous informer les utilisateurs sur la nature des cookies utilis\u00e9s sur le site www.birrakarma.com, \u00e0 partir d\u2019ici d\u00e9nomm\u00e9 le site, et est mise \u00e0 jour avec les dispositions du r\u00e8glement UE 2016\/679 dit RGPD (R\u00e8glement g\u00e9n\u00e9ral sur la protection des donn\u00e9es). Les cookies sont de petits fichiers texte et sont [&hellip;]","og_url":"https:\/\/birrakarma.com\/fr\/politique-relative-aux-cookies\/","og_site_name":"Birrificio Karma","article_modified_time":"2020-12-01T17:43:02+00:00","twitter_card":"summary_large_image","twitter_misc":{"Dur\u00e9e de lecture estim\u00e9e":"4 minutes"},"schema":{"@context":"https:\/\/schema.org","@graph":[{"@type":"WebPage","@id":"https:\/\/birrakarma.com\/fr\/politique-relative-aux-cookies\/","url":"https:\/\/birrakarma.com\/fr\/politique-relative-aux-cookies\/","name":"Politique relative aux cookies - Brasserie Karma","isPartOf":{"@id":"https:\/\/birrakarma.com\/#website"},"datePublished":"2020-11-19T13:51:55+00:00","dateModified":"2020-12-01T17:43:02+00:00","breadcrumb":{"@id":"https:\/\/birrakarma.com\/fr\/politique-relative-aux-cookies\/#breadcrumb"},"inLanguage":"fr-FR","potentialAction":[{"@type":"ReadAction","target":["https:\/\/birrakarma.com\/fr\/politique-relative-aux-cookies\/"]}]},{"@type":"BreadcrumbList","@id":"https:\/\/birrakarma.com\/fr\/politique-relative-aux-cookies\/#breadcrumb","itemListElement":[{"@type":"ListItem","position":1,"name":"Home","item":"https:\/\/birrakarma.com\/fr\/"},{"@type":"ListItem","position":2,"name":"Politique relative aux cookies"}]},{"@type":"WebSite","@id":"https:\/\/birrakarma.com\/#website","url":"https:\/\/birrakarma.com\/","name":"Birrificio Karma","description":"Birra artigianale italiana","publisher":{"@id":"https:\/\/birrakarma.com\/#organization"},"potentialAction":[{"@type":"SearchAction","target":{"@type":"EntryPoint","urlTemplate":"https:\/\/birrakarma.com\/?s={search_term_string}"},"query-input":"required name=search_term_string"}],"inLanguage":"fr-FR"},{"@type":"Organization","@id":"https:\/\/birrakarma.com\/#organization","name":"Birrificio Karma","url":"https:\/\/birrakarma.com\/","logo":{"@type":"ImageObject","inLanguage":"fr-FR","@id":"https:\/\/birrakarma.com\/#\/schema\/logo\/image\/","url":"https:\/\/birrakarma.com\/wp-content\/uploads\/2020\/05\/karma-logo-naming-1.svg","contentUrl":"https:\/\/birrakarma.com\/wp-content\/uploads\/2020\/05\/karma-logo-naming-1.svg","width":35.25,"height":5.41,"caption":"Birrificio Karma"},"image":{"@id":"https:\/\/birrakarma.com\/#\/schema\/logo\/image\/"}}]}},"_links":{"self":[{"href":"https:\/\/birrakarma.com\/fr\/wp-json\/wp\/v2\/pages\/2108","targetHints":{"allow":["GET"]}}],"collection":[{"href":"https:\/\/birrakarma.com\/fr\/wp-json\/wp\/v2\/pages"}],"about":[{"href":"https:\/\/birrakarma.com\/fr\/wp-json\/wp\/v2\/types\/page"}],"author":[{"embeddable":true,"href":"https:\/\/birrakarma.com\/fr\/wp-json\/wp\/v2\/users\/6"}],"replies":[{"embeddable":true,"href":"https:\/\/birrakarma.com\/fr\/wp-json\/wp\/v2\/comments?post=2108"}],"version-history":[{"count":2,"href":"https:\/\/birrakarma.com\/fr\/wp-json\/wp\/v2\/pages\/2108\/revisions"}],"predecessor-version":[{"id":2975,"href":"https:\/\/birrakarma.com\/fr\/wp-json\/wp\/v2\/pages\/2108\/revisions\/2975"}],"wp:attachment":[{"href":"https:\/\/birrakarma.com\/fr\/wp-json\/wp\/v2\/media?parent=2108"}],"curies":[{"name":"wp","href":"https:\/\/api.w.org\/{rel}","templated":true}]}}