{"id":2610,"date":"2020-10-29T14:20:01","date_gmt":"2020-10-29T14:20:01","guid":{"rendered":"https:\/\/birrakarma.com\/sin%20categor\u00eda\/shannon\/"},"modified":"2020-12-12T15:56:44","modified_gmt":"2020-12-12T15:56:44","slug":"shannon","status":"publish","type":"product","link":"https:\/\/birrakarma.com\/es\/la-vagabonda-es\/shannon\/","title":{"rendered":"Shannon"},"content":{"rendered":"<p>San Patricio es verde una vez al a\u00f1o. Por el resto &#8230; es negro como estas noches inolvidables.<\/p>\n<p>Una Stout con un sabor largo como el Shannon, el r\u00edo m\u00e1s largo de Irlanda. Me recuerda a un pu\u00f1ado de amigos revolc\u00e1ndose en su densa espuma, a ese inconfundible negro \u00fanico en el mundo. Amigos, historias nocturnas extra\u00f1as y algo malditas. Hecho de pubs, compa\u00f1eros de viaje ocasionales y esa lluvia espesa y densa t\u00edpica del oto\u00f1o irland\u00e9s.<\/p>\n","protected":false},"excerpt":{"rendered":"<p>San Patricio es verde una vez al a\u00f1o. Por el resto &#8230; es negro como estas noches inolvidables. Una Stout con un sabor largo como el Shannon, el r\u00edo m\u00e1s largo de Irlanda. Me recuerda a un pu\u00f1ado de amigos revolc\u00e1ndose en su densa espuma, a ese inconfundible negro \u00fanico en el mundo. Amigos, historias [&hellip;]<\/p>\n","protected":false},"featured_media":4099,"template":"","meta":[],"product_cat":[140],"product_tag":[143],"class_list":["post-2610","product","type-product","status-publish","has-post-thumbnail","hentry","product_cat-la-vagabonda-es","product_tag-stout-es"],"yoast_head":"<!-- This site is optimized with the Yoast SEO plugin v20.3 - https:\/\/yoast.com\/wordpress\/plugins\/seo\/ -->\n<title>Cerveza Artesanal Shannon - Cervecer\u00eca Karma<\/title>\n<meta name=\"description\" content=\"Un Stout con un largo sabor como el Shannon, el r\u00edo m\u00e1s largo de Irlanda. Cerveza artesanal Shannon.\" \/>\n<meta name=\"robots\" content=\"index, follow, max-snippet:-1, max-image-preview:large, max-video-preview:-1\" \/>\n<link rel=\"canonical\" href=\"https:\/\/birrakarma.com\/es\/la-vagabonda-es\/shannon\/\" \/>\n<meta property=\"og:locale\" content=\"es_ES\" \/>\n<meta property=\"og:type\" content=\"article\" \/>\n<meta property=\"og:title\" content=\"Cerveza Artesanal Shannon - Cervecer\u00eca Karma\" \/>\n<meta property=\"og:description\" content=\"Un Stout con un largo sabor como el Shannon, el r\u00edo m\u00e1s largo de Irlanda. Cerveza artesanal Shannon.\" \/>\n<meta property=\"og:url\" content=\"https:\/\/birrakarma.com\/es\/la-vagabonda-es\/shannon\/\" \/>\n<meta property=\"og:site_name\" content=\"Birrificio Karma\" \/>\n<meta property=\"article:modified_time\" content=\"2020-12-12T15:56:44+00:00\" \/>\n<meta property=\"og:image\" content=\"https:\/\/birrakarma.com\/wp-content\/uploads\/2020\/10\/shannon-up-1.png\" \/>\n\t<meta property=\"og:image:width\" content=\"1277\" \/>\n\t<meta property=\"og:image:height\" content=\"2391\" \/>\n\t<meta property=\"og:image:type\" content=\"image\/png\" \/>\n<meta name=\"twitter:card\" content=\"summary_large_image\" \/>\n<script type=\"application\/ld+json\" class=\"yoast-schema-graph\">{\"@context\":\"https:\/\/schema.org\",\"@graph\":[{\"@type\":\"WebPage\",\"@id\":\"https:\/\/birrakarma.com\/es\/la-vagabonda-es\/shannon\/\",\"url\":\"https:\/\/birrakarma.com\/es\/la-vagabonda-es\/shannon\/\",\"name\":\"Cerveza Artesanal Shannon - Cervecer\u00eca Karma\",\"isPartOf\":{\"@id\":\"https:\/\/birrakarma.com\/#website\"},\"datePublished\":\"2020-10-29T14:20:01+00:00\",\"dateModified\":\"2020-12-12T15:56:44+00:00\",\"description\":\"Un Stout con un largo sabor como el Shannon, el r\u00edo m\u00e1s largo de Irlanda. Cerveza artesanal Shannon.\",\"breadcrumb\":{\"@id\":\"https:\/\/birrakarma.com\/es\/la-vagabonda-es\/shannon\/#breadcrumb\"},\"inLanguage\":\"es\",\"potentialAction\":[{\"@type\":\"ReadAction\",\"target\":[\"https:\/\/birrakarma.com\/es\/la-vagabonda-es\/shannon\/\"]}]},{\"@type\":\"BreadcrumbList\",\"@id\":\"https:\/\/birrakarma.com\/es\/la-vagabonda-es\/shannon\/#breadcrumb\",\"itemListElement\":[{\"@type\":\"ListItem\",\"position\":1,\"name\":\"Home\",\"item\":\"https:\/\/birrakarma.com\/es\/\"},{\"@type\":\"ListItem\",\"position\":2,\"name\":\"Shop\",\"item\":\"https:\/\/birrakarma.com\/es\/shop\/\"},{\"@type\":\"ListItem\",\"position\":3,\"name\":\"Shannon\"}]},{\"@type\":\"WebSite\",\"@id\":\"https:\/\/birrakarma.com\/#website\",\"url\":\"https:\/\/birrakarma.com\/\",\"name\":\"Birrificio Karma\",\"description\":\"Birra artigianale italiana\",\"publisher\":{\"@id\":\"https:\/\/birrakarma.com\/#organization\"},\"potentialAction\":[{\"@type\":\"SearchAction\",\"target\":{\"@type\":\"EntryPoint\",\"urlTemplate\":\"https:\/\/birrakarma.com\/?s={search_term_string}\"},\"query-input\":\"required name=search_term_string\"}],\"inLanguage\":\"es\"},{\"@type\":\"Organization\",\"@id\":\"https:\/\/birrakarma.com\/#organization\",\"name\":\"Birrificio Karma\",\"url\":\"https:\/\/birrakarma.com\/\",\"logo\":{\"@type\":\"ImageObject\",\"inLanguage\":\"es\",\"@id\":\"https:\/\/birrakarma.com\/#\/schema\/logo\/image\/\",\"url\":\"https:\/\/birrakarma.com\/wp-content\/uploads\/2020\/05\/karma-logo-naming-1.svg\",\"contentUrl\":\"https:\/\/birrakarma.com\/wp-content\/uploads\/2020\/05\/karma-logo-naming-1.svg\",\"width\":35.25,\"height\":5.41,\"caption\":\"Birrificio Karma\"},\"image\":{\"@id\":\"https:\/\/birrakarma.com\/#\/schema\/logo\/image\/\"}}]}<\/script>\n<!-- \/ Yoast SEO plugin. -->","yoast_head_json":{"title":"Cerveza Artesanal Shannon - Cervecer\u00eca Karma","description":"Un Stout con un largo sabor como el Shannon, el r\u00edo m\u00e1s largo de Irlanda. Cerveza artesanal Shannon.","robots":{"index":"index","follow":"follow","max-snippet":"max-snippet:-1","max-image-preview":"max-image-preview:large","max-video-preview":"max-video-preview:-1"},"canonical":"https:\/\/birrakarma.com\/es\/la-vagabonda-es\/shannon\/","og_locale":"es_ES","og_type":"article","og_title":"Cerveza Artesanal Shannon - Cervecer\u00eca Karma","og_description":"Un Stout con un largo sabor como el Shannon, el r\u00edo m\u00e1s largo de Irlanda. Cerveza artesanal Shannon.","og_url":"https:\/\/birrakarma.com\/es\/la-vagabonda-es\/shannon\/","og_site_name":"Birrificio Karma","article_modified_time":"2020-12-12T15:56:44+00:00","og_image":[{"width":1277,"height":2391,"url":"https:\/\/birrakarma.com\/wp-content\/uploads\/2020\/10\/shannon-up-1.png","type":"image\/png"}],"twitter_card":"summary_large_image","schema":{"@context":"https:\/\/schema.org","@graph":[{"@type":"WebPage","@id":"https:\/\/birrakarma.com\/es\/la-vagabonda-es\/shannon\/","url":"https:\/\/birrakarma.com\/es\/la-vagabonda-es\/shannon\/","name":"Cerveza Artesanal Shannon - Cervecer\u00eca Karma","isPartOf":{"@id":"https:\/\/birrakarma.com\/#website"},"datePublished":"2020-10-29T14:20:01+00:00","dateModified":"2020-12-12T15:56:44+00:00","description":"Un Stout con un largo sabor como el Shannon, el r\u00edo m\u00e1s largo de Irlanda. Cerveza artesanal Shannon.","breadcrumb":{"@id":"https:\/\/birrakarma.com\/es\/la-vagabonda-es\/shannon\/#breadcrumb"},"inLanguage":"es","potentialAction":[{"@type":"ReadAction","target":["https:\/\/birrakarma.com\/es\/la-vagabonda-es\/shannon\/"]}]},{"@type":"BreadcrumbList","@id":"https:\/\/birrakarma.com\/es\/la-vagabonda-es\/shannon\/#breadcrumb","itemListElement":[{"@type":"ListItem","position":1,"name":"Home","item":"https:\/\/birrakarma.com\/es\/"},{"@type":"ListItem","position":2,"name":"Shop","item":"https:\/\/birrakarma.com\/es\/shop\/"},{"@type":"ListItem","position":3,"name":"Shannon"}]},{"@type":"WebSite","@id":"https:\/\/birrakarma.com\/#website","url":"https:\/\/birrakarma.com\/","name":"Birrificio Karma","description":"Birra artigianale italiana","publisher":{"@id":"https:\/\/birrakarma.com\/#organization"},"potentialAction":[{"@type":"SearchAction","target":{"@type":"EntryPoint","urlTemplate":"https:\/\/birrakarma.com\/?s={search_term_string}"},"query-input":"required name=search_term_string"}],"inLanguage":"es"},{"@type":"Organization","@id":"https:\/\/birrakarma.com\/#organization","name":"Birrificio Karma","url":"https:\/\/birrakarma.com\/","logo":{"@type":"ImageObject","inLanguage":"es","@id":"https:\/\/birrakarma.com\/#\/schema\/logo\/image\/","url":"https:\/\/birrakarma.com\/wp-content\/uploads\/2020\/05\/karma-logo-naming-1.svg","contentUrl":"https:\/\/birrakarma.com\/wp-content\/uploads\/2020\/05\/karma-logo-naming-1.svg","width":35.25,"height":5.41,"caption":"Birrificio Karma"},"image":{"@id":"https:\/\/birrakarma.com\/#\/schema\/logo\/image\/"}}]}},"_links":{"self":[{"href":"https:\/\/birrakarma.com\/es\/wp-json\/wp\/v2\/product\/2610","targetHints":{"allow":["GET"]}}],"collection":[{"href":"https:\/\/birrakarma.com\/es\/wp-json\/wp\/v2\/product"}],"about":[{"href":"https:\/\/birrakarma.com\/es\/wp-json\/wp\/v2\/types\/product"}],"wp:featuredmedia":[{"embeddable":true,"href":"https:\/\/birrakarma.com\/es\/wp-json\/wp\/v2\/media\/4099"}],"wp:attachment":[{"href":"https:\/\/birrakarma.com\/es\/wp-json\/wp\/v2\/media?parent=2610"}],"wp:term":[{"taxonomy":"product_cat","embeddable":true,"href":"https:\/\/birrakarma.com\/es\/wp-json\/wp\/v2\/product_cat?post=2610"},{"taxonomy":"product_tag","embeddable":true,"href":"https:\/\/birrakarma.com\/es\/wp-json\/wp\/v2\/product_tag?post=2610"}],"curies":[{"name":"wp","href":"https:\/\/api.w.org\/{rel}","templated":true}]}}