{"id":2604,"date":"2020-10-29T15:07:49","date_gmt":"2020-10-29T15:07:49","guid":{"rendered":"https:\/\/birrakarma.com\/sin%20categor\u00eda\/karibe\/"},"modified":"2020-12-12T15:56:21","modified_gmt":"2020-12-12T15:56:21","slug":"karibe","status":"publish","type":"product","link":"https:\/\/birrakarma.com\/es\/la-vagabonda-es\/karibe\/","title":{"rendered":"Karibe"},"content":{"rendered":"<p>\u00bfPero c\u00f3mo llegu\u00e9 a este barco?<\/p>\n<p>Una Sesi\u00f3n IPA llena de flores, frutas, colores y una luz que nunca hab\u00eda visto en toda mi vida. Un barco me llev\u00f3 all\u00ed, a esa isla del tr\u00f3pico. Un viaje formado por piratas blandos, buenos para hacerme descubrir un cofre lleno de tesoros. Para disfrutar sin medida.<\/p>\n","protected":false},"excerpt":{"rendered":"<p>\u00bfPero c\u00f3mo llegu\u00e9 a este barco? Una Sesi\u00f3n IPA llena de flores, frutas, colores y una luz que nunca hab\u00eda visto en toda mi vida. Un barco me llev\u00f3 all\u00ed, a esa isla del tr\u00f3pico. Un viaje formado por piratas blandos, buenos para hacerme descubrir un cofre lleno de tesoros. Para disfrutar sin medida.<\/p>\n","protected":false},"featured_media":5129,"template":"","meta":[],"product_cat":[140],"product_tag":[141],"class_list":["post-2604","product","type-product","status-publish","has-post-thumbnail","hentry","product_cat-la-vagabonda-es","product_tag-session-ipa-es"],"yoast_head":"<!-- This site is optimized with the Yoast SEO plugin v20.3 - https:\/\/yoast.com\/wordpress\/plugins\/seo\/ -->\n<title>Cerveza Artesanal Karibe - Cervecer\u00eca Karma<\/title>\n<meta name=\"description\" content=\"Una sesi\u00f3n IPA llena de flores, frutas, colores y una luz que nunca hab\u00eda visto en toda mi vida.\" \/>\n<meta name=\"robots\" content=\"index, follow, max-snippet:-1, max-image-preview:large, max-video-preview:-1\" \/>\n<link rel=\"canonical\" href=\"https:\/\/birrakarma.com\/es\/la-vagabonda-es\/karibe\/\" \/>\n<meta property=\"og:locale\" content=\"es_ES\" \/>\n<meta property=\"og:type\" content=\"article\" \/>\n<meta property=\"og:title\" content=\"Cerveza Artesanal Karibe - Cervecer\u00eca Karma\" \/>\n<meta property=\"og:description\" content=\"Una sesi\u00f3n IPA llena de flores, frutas, colores y una luz que nunca hab\u00eda visto en toda mi vida.\" \/>\n<meta property=\"og:url\" content=\"https:\/\/birrakarma.com\/es\/la-vagabonda-es\/karibe\/\" \/>\n<meta property=\"og:site_name\" content=\"Birrificio Karma\" \/>\n<meta property=\"article:modified_time\" content=\"2020-12-12T15:56:21+00:00\" \/>\n<meta property=\"og:image\" content=\"https:\/\/birrakarma.com\/wp-content\/uploads\/2020\/10\/karibe-up-600x1123-1.png\" \/>\n\t<meta property=\"og:image:width\" content=\"600\" \/>\n\t<meta property=\"og:image:height\" content=\"1123\" \/>\n\t<meta property=\"og:image:type\" content=\"image\/png\" \/>\n<meta name=\"twitter:card\" content=\"summary_large_image\" \/>\n<script type=\"application\/ld+json\" class=\"yoast-schema-graph\">{\"@context\":\"https:\/\/schema.org\",\"@graph\":[{\"@type\":\"WebPage\",\"@id\":\"https:\/\/birrakarma.com\/es\/la-vagabonda-es\/karibe\/\",\"url\":\"https:\/\/birrakarma.com\/es\/la-vagabonda-es\/karibe\/\",\"name\":\"Cerveza Artesanal Karibe - Cervecer\u00eca Karma\",\"isPartOf\":{\"@id\":\"https:\/\/birrakarma.com\/#website\"},\"datePublished\":\"2020-10-29T15:07:49+00:00\",\"dateModified\":\"2020-12-12T15:56:21+00:00\",\"description\":\"Una sesi\u00f3n IPA llena de flores, frutas, colores y una luz que nunca hab\u00eda visto en toda mi vida.\",\"breadcrumb\":{\"@id\":\"https:\/\/birrakarma.com\/es\/la-vagabonda-es\/karibe\/#breadcrumb\"},\"inLanguage\":\"es\",\"potentialAction\":[{\"@type\":\"ReadAction\",\"target\":[\"https:\/\/birrakarma.com\/es\/la-vagabonda-es\/karibe\/\"]}]},{\"@type\":\"BreadcrumbList\",\"@id\":\"https:\/\/birrakarma.com\/es\/la-vagabonda-es\/karibe\/#breadcrumb\",\"itemListElement\":[{\"@type\":\"ListItem\",\"position\":1,\"name\":\"Home\",\"item\":\"https:\/\/birrakarma.com\/es\/\"},{\"@type\":\"ListItem\",\"position\":2,\"name\":\"Shop\",\"item\":\"https:\/\/birrakarma.com\/es\/shop\/\"},{\"@type\":\"ListItem\",\"position\":3,\"name\":\"Karibe\"}]},{\"@type\":\"WebSite\",\"@id\":\"https:\/\/birrakarma.com\/#website\",\"url\":\"https:\/\/birrakarma.com\/\",\"name\":\"Birrificio Karma\",\"description\":\"Birra artigianale italiana\",\"publisher\":{\"@id\":\"https:\/\/birrakarma.com\/#organization\"},\"potentialAction\":[{\"@type\":\"SearchAction\",\"target\":{\"@type\":\"EntryPoint\",\"urlTemplate\":\"https:\/\/birrakarma.com\/?s={search_term_string}\"},\"query-input\":\"required name=search_term_string\"}],\"inLanguage\":\"es\"},{\"@type\":\"Organization\",\"@id\":\"https:\/\/birrakarma.com\/#organization\",\"name\":\"Birrificio Karma\",\"url\":\"https:\/\/birrakarma.com\/\",\"logo\":{\"@type\":\"ImageObject\",\"inLanguage\":\"es\",\"@id\":\"https:\/\/birrakarma.com\/#\/schema\/logo\/image\/\",\"url\":\"https:\/\/birrakarma.com\/wp-content\/uploads\/2020\/05\/karma-logo-naming-1.svg\",\"contentUrl\":\"https:\/\/birrakarma.com\/wp-content\/uploads\/2020\/05\/karma-logo-naming-1.svg\",\"width\":35.25,\"height\":5.41,\"caption\":\"Birrificio Karma\"},\"image\":{\"@id\":\"https:\/\/birrakarma.com\/#\/schema\/logo\/image\/\"}}]}<\/script>\n<!-- \/ Yoast SEO plugin. -->","yoast_head_json":{"title":"Cerveza Artesanal Karibe - Cervecer\u00eca Karma","description":"Una sesi\u00f3n IPA llena de flores, frutas, colores y una luz que nunca hab\u00eda visto en toda mi vida.","robots":{"index":"index","follow":"follow","max-snippet":"max-snippet:-1","max-image-preview":"max-image-preview:large","max-video-preview":"max-video-preview:-1"},"canonical":"https:\/\/birrakarma.com\/es\/la-vagabonda-es\/karibe\/","og_locale":"es_ES","og_type":"article","og_title":"Cerveza Artesanal Karibe - Cervecer\u00eca Karma","og_description":"Una sesi\u00f3n IPA llena de flores, frutas, colores y una luz que nunca hab\u00eda visto en toda mi vida.","og_url":"https:\/\/birrakarma.com\/es\/la-vagabonda-es\/karibe\/","og_site_name":"Birrificio Karma","article_modified_time":"2020-12-12T15:56:21+00:00","og_image":[{"width":600,"height":1123,"url":"https:\/\/birrakarma.com\/wp-content\/uploads\/2020\/10\/karibe-up-600x1123-1.png","type":"image\/png"}],"twitter_card":"summary_large_image","schema":{"@context":"https:\/\/schema.org","@graph":[{"@type":"WebPage","@id":"https:\/\/birrakarma.com\/es\/la-vagabonda-es\/karibe\/","url":"https:\/\/birrakarma.com\/es\/la-vagabonda-es\/karibe\/","name":"Cerveza Artesanal Karibe - Cervecer\u00eca Karma","isPartOf":{"@id":"https:\/\/birrakarma.com\/#website"},"datePublished":"2020-10-29T15:07:49+00:00","dateModified":"2020-12-12T15:56:21+00:00","description":"Una sesi\u00f3n IPA llena de flores, frutas, colores y una luz que nunca hab\u00eda visto en toda mi vida.","breadcrumb":{"@id":"https:\/\/birrakarma.com\/es\/la-vagabonda-es\/karibe\/#breadcrumb"},"inLanguage":"es","potentialAction":[{"@type":"ReadAction","target":["https:\/\/birrakarma.com\/es\/la-vagabonda-es\/karibe\/"]}]},{"@type":"BreadcrumbList","@id":"https:\/\/birrakarma.com\/es\/la-vagabonda-es\/karibe\/#breadcrumb","itemListElement":[{"@type":"ListItem","position":1,"name":"Home","item":"https:\/\/birrakarma.com\/es\/"},{"@type":"ListItem","position":2,"name":"Shop","item":"https:\/\/birrakarma.com\/es\/shop\/"},{"@type":"ListItem","position":3,"name":"Karibe"}]},{"@type":"WebSite","@id":"https:\/\/birrakarma.com\/#website","url":"https:\/\/birrakarma.com\/","name":"Birrificio Karma","description":"Birra artigianale italiana","publisher":{"@id":"https:\/\/birrakarma.com\/#organization"},"potentialAction":[{"@type":"SearchAction","target":{"@type":"EntryPoint","urlTemplate":"https:\/\/birrakarma.com\/?s={search_term_string}"},"query-input":"required name=search_term_string"}],"inLanguage":"es"},{"@type":"Organization","@id":"https:\/\/birrakarma.com\/#organization","name":"Birrificio Karma","url":"https:\/\/birrakarma.com\/","logo":{"@type":"ImageObject","inLanguage":"es","@id":"https:\/\/birrakarma.com\/#\/schema\/logo\/image\/","url":"https:\/\/birrakarma.com\/wp-content\/uploads\/2020\/05\/karma-logo-naming-1.svg","contentUrl":"https:\/\/birrakarma.com\/wp-content\/uploads\/2020\/05\/karma-logo-naming-1.svg","width":35.25,"height":5.41,"caption":"Birrificio Karma"},"image":{"@id":"https:\/\/birrakarma.com\/#\/schema\/logo\/image\/"}}]}},"_links":{"self":[{"href":"https:\/\/birrakarma.com\/es\/wp-json\/wp\/v2\/product\/2604","targetHints":{"allow":["GET"]}}],"collection":[{"href":"https:\/\/birrakarma.com\/es\/wp-json\/wp\/v2\/product"}],"about":[{"href":"https:\/\/birrakarma.com\/es\/wp-json\/wp\/v2\/types\/product"}],"wp:featuredmedia":[{"embeddable":true,"href":"https:\/\/birrakarma.com\/es\/wp-json\/wp\/v2\/media\/5129"}],"wp:attachment":[{"href":"https:\/\/birrakarma.com\/es\/wp-json\/wp\/v2\/media?parent=2604"}],"wp:term":[{"taxonomy":"product_cat","embeddable":true,"href":"https:\/\/birrakarma.com\/es\/wp-json\/wp\/v2\/product_cat?post=2604"},{"taxonomy":"product_tag","embeddable":true,"href":"https:\/\/birrakarma.com\/es\/wp-json\/wp\/v2\/product_tag?post=2604"}],"curies":[{"name":"wp","href":"https:\/\/api.w.org\/{rel}","templated":true}]}}