{"id":2593,"date":"2020-07-13T13:19:35","date_gmt":"2020-07-13T13:19:35","guid":{"rendered":"https:\/\/birrakarma.com\/sin%20categor\u00eda\/carminia\/"},"modified":"2020-12-12T16:03:24","modified_gmt":"2020-12-12T16:03:24","slug":"carminia","status":"publish","type":"product","link":"https:\/\/birrakarma.com\/es\/classic-es\/carminia\/","title":{"rendered":"Carminia"},"content":{"rendered":"<p>Cerveza con fuertes notas c\u00edtricas y tropicales debido a la adici\u00f3n de cinco l\u00fapulos americanos diferentes. Color ambarino, claro. Espuma marfil, fina y persistente. En nariz, las notas caramelizadas de las maltas se acompa\u00f1an de las notas c\u00edtricas y herb\u00e1ceas del l\u00fapulo. \u00a0El sorbo tiene una entrada dulce y suave, que recuerda al caramelo y al bizcocho. Al final llega un amargor redondo, c\u00edtrico y bals\u00e1mico, que se prolonga en el retrogusto.<\/p>\n<p><strong>Alta<\/strong> fermentaci\u00f3n<\/p>\n<p>\u2026\u2026\u2026\u2026\u2026\u2026\u2026\u2026\u2026\u2026\u2026\u2026\u2026\u2026\u2026\u2026\u2026\u2026<\/p>\n<p>Volumen alcoh\u00f3lico <strong>6%<\/strong><\/p>\n<p>\u2026\u2026\u2026\u2026\u2026\u2026\u2026\u2026\u2026\u2026\u2026\u2026\u2026\u2026\u2026\u2026\u2026\u2026<\/p>\n<p>color <strong>\u00e1mbar<\/strong><\/p>\n<p>\u2026\u2026\u2026\u2026\u2026\u2026\u2026\u2026\u2026\u2026\u2026\u2026\u2026\u2026\u2026\u2026\u2026\u2026<\/p>\n<p>Temperatura de servicio <strong>6 \u00b0 -8 \u00b0<\/strong><\/p>\n<p>\u2026\u2026\u2026\u2026\u2026\u2026\u2026\u2026\u2026\u2026\u2026\u2026\u2026\u2026\u2026\u2026\u2026\u2026<\/p>\n<p>Plat\u00f3n <strong>13.5<\/strong><\/p>\n<p>\u2026\u2026\u2026\u2026\u2026\u2026\u2026\u2026\u2026\u2026\u2026\u2026\u2026\u2026\u2026\u2026\u2026\u2026<\/p>\n<p>IBU <strong>35<\/strong><\/p>\n<p>\u2026\u2026\u2026\u2026\u2026\u2026\u2026\u2026\u2026\u2026\u2026\u2026\u2026\u2026\u2026\u2026\u2026\u2026<\/p>\n<p>Disponible <strong>todo el a\u00f1o<\/strong><\/p>\n<p><strong>Maridajes<\/strong><\/p>\n<p>&gt; Espaguetis con r\u00facula y guindillas<\/p>\n<p>&gt; Alb\u00f3ndigas de pimienta en hojaldre<\/p>\n<p>&gt; Rosbif y coquetas de patata con mota<\/p>\n<p>&gt; Paccheri con salsa a la bolo\u00f1esa de cordero y r\u00facula<\/p>\n<p>&gt; Crepes de cerveza con hongos porcini y calabacines<\/p>\n<p>&gt; Raviolis rellenos de frijoles de verano y mejillones en sopa de apio y manteca de cerdo<\/p>\n","protected":false},"excerpt":{"rendered":"<p>El suave balanceo de una hamaca campestre<\/p>\n","protected":false},"featured_media":8536,"template":"","meta":[],"product_cat":[118],"product_tag":[],"class_list":["post-2593","product","type-product","status-publish","has-post-thumbnail","hentry","product_cat-classic-es"],"yoast_head":"<!-- This site is optimized with the Yoast SEO plugin v20.3 - https:\/\/yoast.com\/wordpress\/plugins\/seo\/ -->\n<title>Cerveza Artesanal Carminia - Cervecer\u00eca Karma<\/title>\n<meta name=\"description\" content=\"Cerveza Artesanal Carminia. Cerveza con fuertes referencias c\u00edtricas y tropicales. Color \u00e1mbar, claro. Espuma de marfil, fina y persistente.\" \/>\n<meta name=\"robots\" content=\"index, follow, max-snippet:-1, max-image-preview:large, max-video-preview:-1\" \/>\n<link rel=\"canonical\" href=\"https:\/\/birrakarma.com\/es\/classic-es\/carminia\/\" \/>\n<meta property=\"og:locale\" content=\"es_ES\" \/>\n<meta property=\"og:type\" content=\"article\" \/>\n<meta property=\"og:title\" content=\"Cerveza Artesanal Carminia - Cervecer\u00eca Karma\" \/>\n<meta property=\"og:description\" content=\"Cerveza Artesanal Carminia. Cerveza con fuertes referencias c\u00edtricas y tropicales. Color \u00e1mbar, claro. Espuma de marfil, fina y persistente.\" \/>\n<meta property=\"og:url\" content=\"https:\/\/birrakarma.com\/es\/classic-es\/carminia\/\" \/>\n<meta property=\"og:site_name\" content=\"Birrificio Karma\" \/>\n<meta property=\"article:modified_time\" content=\"2020-12-12T16:03:24+00:00\" \/>\n<meta property=\"og:image\" content=\"https:\/\/birrakarma.com\/wp-content\/uploads\/2020\/07\/carminia-karma-1.png\" \/>\n\t<meta property=\"og:image:width\" content=\"427\" \/>\n\t<meta property=\"og:image:height\" content=\"1102\" \/>\n\t<meta property=\"og:image:type\" content=\"image\/png\" \/>\n<meta name=\"twitter:card\" content=\"summary_large_image\" \/>\n<meta name=\"twitter:label1\" content=\"Tiempo de lectura\" \/>\n\t<meta name=\"twitter:data1\" content=\"1 minuto\" \/>\n<script type=\"application\/ld+json\" class=\"yoast-schema-graph\">{\"@context\":\"https:\/\/schema.org\",\"@graph\":[{\"@type\":\"WebPage\",\"@id\":\"https:\/\/birrakarma.com\/es\/classic-es\/carminia\/\",\"url\":\"https:\/\/birrakarma.com\/es\/classic-es\/carminia\/\",\"name\":\"Cerveza Artesanal Carminia - Cervecer\u00eca Karma\",\"isPartOf\":{\"@id\":\"https:\/\/birrakarma.com\/#website\"},\"datePublished\":\"2020-07-13T13:19:35+00:00\",\"dateModified\":\"2020-12-12T16:03:24+00:00\",\"description\":\"Cerveza Artesanal Carminia. Cerveza con fuertes referencias c\u00edtricas y tropicales. Color \u00e1mbar, claro. Espuma de marfil, fina y persistente.\",\"breadcrumb\":{\"@id\":\"https:\/\/birrakarma.com\/es\/classic-es\/carminia\/#breadcrumb\"},\"inLanguage\":\"es\",\"potentialAction\":[{\"@type\":\"ReadAction\",\"target\":[\"https:\/\/birrakarma.com\/es\/classic-es\/carminia\/\"]}]},{\"@type\":\"BreadcrumbList\",\"@id\":\"https:\/\/birrakarma.com\/es\/classic-es\/carminia\/#breadcrumb\",\"itemListElement\":[{\"@type\":\"ListItem\",\"position\":1,\"name\":\"Home\",\"item\":\"https:\/\/birrakarma.com\/es\/\"},{\"@type\":\"ListItem\",\"position\":2,\"name\":\"Shop\",\"item\":\"https:\/\/birrakarma.com\/es\/shop\/\"},{\"@type\":\"ListItem\",\"position\":3,\"name\":\"Carminia\"}]},{\"@type\":\"WebSite\",\"@id\":\"https:\/\/birrakarma.com\/#website\",\"url\":\"https:\/\/birrakarma.com\/\",\"name\":\"Birrificio Karma\",\"description\":\"Birra artigianale italiana\",\"publisher\":{\"@id\":\"https:\/\/birrakarma.com\/#organization\"},\"potentialAction\":[{\"@type\":\"SearchAction\",\"target\":{\"@type\":\"EntryPoint\",\"urlTemplate\":\"https:\/\/birrakarma.com\/?s={search_term_string}\"},\"query-input\":\"required name=search_term_string\"}],\"inLanguage\":\"es\"},{\"@type\":\"Organization\",\"@id\":\"https:\/\/birrakarma.com\/#organization\",\"name\":\"Birrificio Karma\",\"url\":\"https:\/\/birrakarma.com\/\",\"logo\":{\"@type\":\"ImageObject\",\"inLanguage\":\"es\",\"@id\":\"https:\/\/birrakarma.com\/#\/schema\/logo\/image\/\",\"url\":\"https:\/\/birrakarma.com\/wp-content\/uploads\/2020\/05\/karma-logo-naming-1.svg\",\"contentUrl\":\"https:\/\/birrakarma.com\/wp-content\/uploads\/2020\/05\/karma-logo-naming-1.svg\",\"width\":35.25,\"height\":5.41,\"caption\":\"Birrificio Karma\"},\"image\":{\"@id\":\"https:\/\/birrakarma.com\/#\/schema\/logo\/image\/\"}}]}<\/script>\n<!-- \/ Yoast SEO plugin. -->","yoast_head_json":{"title":"Cerveza Artesanal Carminia - Cervecer\u00eca Karma","description":"Cerveza Artesanal Carminia. Cerveza con fuertes referencias c\u00edtricas y tropicales. Color \u00e1mbar, claro. Espuma de marfil, fina y persistente.","robots":{"index":"index","follow":"follow","max-snippet":"max-snippet:-1","max-image-preview":"max-image-preview:large","max-video-preview":"max-video-preview:-1"},"canonical":"https:\/\/birrakarma.com\/es\/classic-es\/carminia\/","og_locale":"es_ES","og_type":"article","og_title":"Cerveza Artesanal Carminia - Cervecer\u00eca Karma","og_description":"Cerveza Artesanal Carminia. Cerveza con fuertes referencias c\u00edtricas y tropicales. Color \u00e1mbar, claro. Espuma de marfil, fina y persistente.","og_url":"https:\/\/birrakarma.com\/es\/classic-es\/carminia\/","og_site_name":"Birrificio Karma","article_modified_time":"2020-12-12T16:03:24+00:00","og_image":[{"width":427,"height":1102,"url":"https:\/\/birrakarma.com\/wp-content\/uploads\/2020\/07\/carminia-karma-1.png","type":"image\/png"}],"twitter_card":"summary_large_image","twitter_misc":{"Tiempo de lectura":"1 minuto"},"schema":{"@context":"https:\/\/schema.org","@graph":[{"@type":"WebPage","@id":"https:\/\/birrakarma.com\/es\/classic-es\/carminia\/","url":"https:\/\/birrakarma.com\/es\/classic-es\/carminia\/","name":"Cerveza Artesanal Carminia - Cervecer\u00eca Karma","isPartOf":{"@id":"https:\/\/birrakarma.com\/#website"},"datePublished":"2020-07-13T13:19:35+00:00","dateModified":"2020-12-12T16:03:24+00:00","description":"Cerveza Artesanal Carminia. Cerveza con fuertes referencias c\u00edtricas y tropicales. Color \u00e1mbar, claro. Espuma de marfil, fina y persistente.","breadcrumb":{"@id":"https:\/\/birrakarma.com\/es\/classic-es\/carminia\/#breadcrumb"},"inLanguage":"es","potentialAction":[{"@type":"ReadAction","target":["https:\/\/birrakarma.com\/es\/classic-es\/carminia\/"]}]},{"@type":"BreadcrumbList","@id":"https:\/\/birrakarma.com\/es\/classic-es\/carminia\/#breadcrumb","itemListElement":[{"@type":"ListItem","position":1,"name":"Home","item":"https:\/\/birrakarma.com\/es\/"},{"@type":"ListItem","position":2,"name":"Shop","item":"https:\/\/birrakarma.com\/es\/shop\/"},{"@type":"ListItem","position":3,"name":"Carminia"}]},{"@type":"WebSite","@id":"https:\/\/birrakarma.com\/#website","url":"https:\/\/birrakarma.com\/","name":"Birrificio Karma","description":"Birra artigianale italiana","publisher":{"@id":"https:\/\/birrakarma.com\/#organization"},"potentialAction":[{"@type":"SearchAction","target":{"@type":"EntryPoint","urlTemplate":"https:\/\/birrakarma.com\/?s={search_term_string}"},"query-input":"required name=search_term_string"}],"inLanguage":"es"},{"@type":"Organization","@id":"https:\/\/birrakarma.com\/#organization","name":"Birrificio Karma","url":"https:\/\/birrakarma.com\/","logo":{"@type":"ImageObject","inLanguage":"es","@id":"https:\/\/birrakarma.com\/#\/schema\/logo\/image\/","url":"https:\/\/birrakarma.com\/wp-content\/uploads\/2020\/05\/karma-logo-naming-1.svg","contentUrl":"https:\/\/birrakarma.com\/wp-content\/uploads\/2020\/05\/karma-logo-naming-1.svg","width":35.25,"height":5.41,"caption":"Birrificio Karma"},"image":{"@id":"https:\/\/birrakarma.com\/#\/schema\/logo\/image\/"}}]}},"_links":{"self":[{"href":"https:\/\/birrakarma.com\/es\/wp-json\/wp\/v2\/product\/2593","targetHints":{"allow":["GET"]}}],"collection":[{"href":"https:\/\/birrakarma.com\/es\/wp-json\/wp\/v2\/product"}],"about":[{"href":"https:\/\/birrakarma.com\/es\/wp-json\/wp\/v2\/types\/product"}],"wp:featuredmedia":[{"embeddable":true,"href":"https:\/\/birrakarma.com\/es\/wp-json\/wp\/v2\/media\/8536"}],"wp:attachment":[{"href":"https:\/\/birrakarma.com\/es\/wp-json\/wp\/v2\/media?parent=2593"}],"wp:term":[{"taxonomy":"product_cat","embeddable":true,"href":"https:\/\/birrakarma.com\/es\/wp-json\/wp\/v2\/product_cat?post=2593"},{"taxonomy":"product_tag","embeddable":true,"href":"https:\/\/birrakarma.com\/es\/wp-json\/wp\/v2\/product_tag?post=2593"}],"curies":[{"name":"wp","href":"https:\/\/api.w.org\/{rel}","templated":true}]}}