{"id":2583,"date":"2020-07-13T13:27:14","date_gmt":"2020-07-13T13:27:14","guid":{"rendered":"https:\/\/birrakarma.com\/sin%20categor\u00eda\/cubulteria\/"},"modified":"2020-12-12T16:02:27","modified_gmt":"2020-12-12T16:02:27","slug":"cubulteria","status":"publish","type":"product","link":"https:\/\/birrakarma.com\/es\/classic-es\/cubulteria\/","title":{"rendered":"Cubulteria"},"content":{"rendered":"<p>Cerveza rubia elaborada con una mezcla de cebada y malta de trigo y condimentada con c\u00edtricos. Color amarillo dorado con reflejos anaranjados. Espuma blanca. En nariz, notas afrutadas y especiadas, muy suaves y bien integradas entre s\u00ed. El sorbo tiene una entrada dulce, con presencia del afrutado ya presente en nariz, al que se le a\u00f1ade una buena sequedad y una ligera nota \u00e1cida en el final que ayuda a limpiar el paladar. Cerveza compleja, elegante e intrigante.<\/p>\n<p><strong>Alta<\/strong> fermentaci\u00f3n<\/p>\n<p>\u2026\u2026\u2026\u2026\u2026\u2026\u2026\u2026\u2026\u2026\u2026\u2026\u2026\u2026\u2026\u2026\u2026\u2026<\/p>\n<p>Volumen de alcohol <strong>6.5%<\/strong><\/p>\n<p>\u2026\u2026\u2026\u2026\u2026\u2026\u2026\u2026\u2026\u2026\u2026\u2026\u2026\u2026\u2026\u2026\u2026\u2026<\/p>\n<p>Color <strong>amarillo dorado<\/strong><\/p>\n<p>\u2026\u2026\u2026\u2026\u2026\u2026\u2026\u2026\u2026\u2026\u2026\u2026\u2026\u2026\u2026\u2026\u2026\u2026<\/p>\n<p>Temperatura de servicio <strong>6 \u00b0<\/strong><\/p>\n<p>\u2026\u2026\u2026\u2026\u2026\u2026\u2026\u2026\u2026\u2026\u2026\u2026\u2026\u2026\u2026\u2026\u2026\u2026<\/p>\n<p>Plat\u00f3n <strong>15<\/strong><\/p>\n<p>\u2026\u2026\u2026\u2026\u2026\u2026\u2026\u2026\u2026\u2026\u2026\u2026\u2026\u2026\u2026\u2026\u2026\u2026<\/p>\n<p>IBU <strong>25<\/strong><\/p>\n<p>\u2026\u2026\u2026\u2026\u2026\u2026\u2026\u2026\u2026\u2026\u2026\u2026\u2026\u2026\u2026\u2026\u2026\u2026.<\/p>\n<p>Disponible <strong>todo el a\u00f1o<\/strong><\/p>\n<p><strong>Maridajes<\/strong><\/p>\n<p>&gt; Conejo agridulce y verduras gratinadas<\/p>\n<p>&gt; Cortada de jam\u00f3n cocido en horno de le\u00f1a con patatas a las hierbas<\/p>\n<p>&gt; Ensalada de pollo y caciocavallo de Cilento con crema de berenjena<\/p>\n<p>&gt; Rollitos de queso y pimienta con r\u00facula<\/p>\n<p>&gt; Salm\u00f3n salvaje crujiente con hierbas, crema de patatas y puerro<\/p>\n<p>&gt; Solomillo de cerdo con azafr\u00e1n<\/p>\n<p>&gt; Calzone Napoli (ricotta, mozzarella, salami y tomate)<\/p>\n<p>&gt; Calzone con Escarola<\/p>\n<p>&gt; Pizza frita<\/p>\n","protected":false},"excerpt":{"rendered":"<p>Un placer antiguo, elegante e intrigante<\/p>\n","protected":false},"featured_media":8544,"template":"","meta":[],"product_cat":[118],"product_tag":[131],"class_list":["post-2583","product","type-product","status-publish","has-post-thumbnail","hentry","product_cat-classic-es","product_tag-italian-wheat-es"],"yoast_head":"<!-- This site is optimized with the Yoast SEO plugin v20.3 - https:\/\/yoast.com\/wordpress\/plugins\/seo\/ -->\n<title>Cerveza Artesanal Cubulteria - Cervecer\u00eca Karma<\/title>\n<meta name=\"description\" content=\"Cerveza Artesanal Cubulteria. Cerveza transparente producida con una mezcla de malta de cebada. Color amarillo dorado cargado con reflejos anaranjados.\" \/>\n<meta name=\"robots\" content=\"index, follow, max-snippet:-1, max-image-preview:large, max-video-preview:-1\" \/>\n<link rel=\"canonical\" href=\"https:\/\/birrakarma.com\/es\/classic-es\/cubulteria\/\" \/>\n<meta property=\"og:locale\" content=\"es_ES\" \/>\n<meta property=\"og:type\" content=\"article\" \/>\n<meta property=\"og:title\" content=\"Cerveza Artesanal Cubulteria - Cervecer\u00eca Karma\" \/>\n<meta property=\"og:description\" content=\"Cerveza Artesanal Cubulteria. Cerveza transparente producida con una mezcla de malta de cebada. Color amarillo dorado cargado con reflejos anaranjados.\" \/>\n<meta property=\"og:url\" content=\"https:\/\/birrakarma.com\/es\/classic-es\/cubulteria\/\" \/>\n<meta property=\"og:site_name\" content=\"Birrificio Karma\" \/>\n<meta property=\"article:modified_time\" content=\"2020-12-12T16:02:27+00:00\" \/>\n<meta property=\"og:image\" content=\"https:\/\/birrakarma.com\/wp-content\/uploads\/2020\/07\/cubulteria-karma.png\" \/>\n\t<meta property=\"og:image:width\" content=\"427\" \/>\n\t<meta property=\"og:image:height\" content=\"1102\" \/>\n\t<meta property=\"og:image:type\" content=\"image\/png\" \/>\n<meta name=\"twitter:card\" content=\"summary_large_image\" \/>\n<meta name=\"twitter:label1\" content=\"Tiempo de lectura\" \/>\n\t<meta name=\"twitter:data1\" content=\"1 minuto\" \/>\n<script type=\"application\/ld+json\" class=\"yoast-schema-graph\">{\"@context\":\"https:\/\/schema.org\",\"@graph\":[{\"@type\":\"WebPage\",\"@id\":\"https:\/\/birrakarma.com\/es\/classic-es\/cubulteria\/\",\"url\":\"https:\/\/birrakarma.com\/es\/classic-es\/cubulteria\/\",\"name\":\"Cerveza Artesanal Cubulteria - Cervecer\u00eca Karma\",\"isPartOf\":{\"@id\":\"https:\/\/birrakarma.com\/#website\"},\"datePublished\":\"2020-07-13T13:27:14+00:00\",\"dateModified\":\"2020-12-12T16:02:27+00:00\",\"description\":\"Cerveza Artesanal Cubulteria. Cerveza transparente producida con una mezcla de malta de cebada. Color amarillo dorado cargado con reflejos anaranjados.\",\"breadcrumb\":{\"@id\":\"https:\/\/birrakarma.com\/es\/classic-es\/cubulteria\/#breadcrumb\"},\"inLanguage\":\"es\",\"potentialAction\":[{\"@type\":\"ReadAction\",\"target\":[\"https:\/\/birrakarma.com\/es\/classic-es\/cubulteria\/\"]}]},{\"@type\":\"BreadcrumbList\",\"@id\":\"https:\/\/birrakarma.com\/es\/classic-es\/cubulteria\/#breadcrumb\",\"itemListElement\":[{\"@type\":\"ListItem\",\"position\":1,\"name\":\"Home\",\"item\":\"https:\/\/birrakarma.com\/es\/\"},{\"@type\":\"ListItem\",\"position\":2,\"name\":\"Shop\",\"item\":\"https:\/\/birrakarma.com\/es\/shop\/\"},{\"@type\":\"ListItem\",\"position\":3,\"name\":\"Cubulteria\"}]},{\"@type\":\"WebSite\",\"@id\":\"https:\/\/birrakarma.com\/#website\",\"url\":\"https:\/\/birrakarma.com\/\",\"name\":\"Birrificio Karma\",\"description\":\"Birra artigianale italiana\",\"publisher\":{\"@id\":\"https:\/\/birrakarma.com\/#organization\"},\"potentialAction\":[{\"@type\":\"SearchAction\",\"target\":{\"@type\":\"EntryPoint\",\"urlTemplate\":\"https:\/\/birrakarma.com\/?s={search_term_string}\"},\"query-input\":\"required name=search_term_string\"}],\"inLanguage\":\"es\"},{\"@type\":\"Organization\",\"@id\":\"https:\/\/birrakarma.com\/#organization\",\"name\":\"Birrificio Karma\",\"url\":\"https:\/\/birrakarma.com\/\",\"logo\":{\"@type\":\"ImageObject\",\"inLanguage\":\"es\",\"@id\":\"https:\/\/birrakarma.com\/#\/schema\/logo\/image\/\",\"url\":\"https:\/\/birrakarma.com\/wp-content\/uploads\/2020\/05\/karma-logo-naming-1.svg\",\"contentUrl\":\"https:\/\/birrakarma.com\/wp-content\/uploads\/2020\/05\/karma-logo-naming-1.svg\",\"width\":35.25,\"height\":5.41,\"caption\":\"Birrificio Karma\"},\"image\":{\"@id\":\"https:\/\/birrakarma.com\/#\/schema\/logo\/image\/\"}}]}<\/script>\n<!-- \/ Yoast SEO plugin. -->","yoast_head_json":{"title":"Cerveza Artesanal Cubulteria - Cervecer\u00eca Karma","description":"Cerveza Artesanal Cubulteria. Cerveza transparente producida con una mezcla de malta de cebada. Color amarillo dorado cargado con reflejos anaranjados.","robots":{"index":"index","follow":"follow","max-snippet":"max-snippet:-1","max-image-preview":"max-image-preview:large","max-video-preview":"max-video-preview:-1"},"canonical":"https:\/\/birrakarma.com\/es\/classic-es\/cubulteria\/","og_locale":"es_ES","og_type":"article","og_title":"Cerveza Artesanal Cubulteria - Cervecer\u00eca Karma","og_description":"Cerveza Artesanal Cubulteria. Cerveza transparente producida con una mezcla de malta de cebada. Color amarillo dorado cargado con reflejos anaranjados.","og_url":"https:\/\/birrakarma.com\/es\/classic-es\/cubulteria\/","og_site_name":"Birrificio Karma","article_modified_time":"2020-12-12T16:02:27+00:00","og_image":[{"width":427,"height":1102,"url":"https:\/\/birrakarma.com\/wp-content\/uploads\/2020\/07\/cubulteria-karma.png","type":"image\/png"}],"twitter_card":"summary_large_image","twitter_misc":{"Tiempo de lectura":"1 minuto"},"schema":{"@context":"https:\/\/schema.org","@graph":[{"@type":"WebPage","@id":"https:\/\/birrakarma.com\/es\/classic-es\/cubulteria\/","url":"https:\/\/birrakarma.com\/es\/classic-es\/cubulteria\/","name":"Cerveza Artesanal Cubulteria - Cervecer\u00eca Karma","isPartOf":{"@id":"https:\/\/birrakarma.com\/#website"},"datePublished":"2020-07-13T13:27:14+00:00","dateModified":"2020-12-12T16:02:27+00:00","description":"Cerveza Artesanal Cubulteria. Cerveza transparente producida con una mezcla de malta de cebada. Color amarillo dorado cargado con reflejos anaranjados.","breadcrumb":{"@id":"https:\/\/birrakarma.com\/es\/classic-es\/cubulteria\/#breadcrumb"},"inLanguage":"es","potentialAction":[{"@type":"ReadAction","target":["https:\/\/birrakarma.com\/es\/classic-es\/cubulteria\/"]}]},{"@type":"BreadcrumbList","@id":"https:\/\/birrakarma.com\/es\/classic-es\/cubulteria\/#breadcrumb","itemListElement":[{"@type":"ListItem","position":1,"name":"Home","item":"https:\/\/birrakarma.com\/es\/"},{"@type":"ListItem","position":2,"name":"Shop","item":"https:\/\/birrakarma.com\/es\/shop\/"},{"@type":"ListItem","position":3,"name":"Cubulteria"}]},{"@type":"WebSite","@id":"https:\/\/birrakarma.com\/#website","url":"https:\/\/birrakarma.com\/","name":"Birrificio Karma","description":"Birra artigianale italiana","publisher":{"@id":"https:\/\/birrakarma.com\/#organization"},"potentialAction":[{"@type":"SearchAction","target":{"@type":"EntryPoint","urlTemplate":"https:\/\/birrakarma.com\/?s={search_term_string}"},"query-input":"required name=search_term_string"}],"inLanguage":"es"},{"@type":"Organization","@id":"https:\/\/birrakarma.com\/#organization","name":"Birrificio Karma","url":"https:\/\/birrakarma.com\/","logo":{"@type":"ImageObject","inLanguage":"es","@id":"https:\/\/birrakarma.com\/#\/schema\/logo\/image\/","url":"https:\/\/birrakarma.com\/wp-content\/uploads\/2020\/05\/karma-logo-naming-1.svg","contentUrl":"https:\/\/birrakarma.com\/wp-content\/uploads\/2020\/05\/karma-logo-naming-1.svg","width":35.25,"height":5.41,"caption":"Birrificio Karma"},"image":{"@id":"https:\/\/birrakarma.com\/#\/schema\/logo\/image\/"}}]}},"_links":{"self":[{"href":"https:\/\/birrakarma.com\/es\/wp-json\/wp\/v2\/product\/2583","targetHints":{"allow":["GET"]}}],"collection":[{"href":"https:\/\/birrakarma.com\/es\/wp-json\/wp\/v2\/product"}],"about":[{"href":"https:\/\/birrakarma.com\/es\/wp-json\/wp\/v2\/types\/product"}],"wp:featuredmedia":[{"embeddable":true,"href":"https:\/\/birrakarma.com\/es\/wp-json\/wp\/v2\/media\/8544"}],"wp:attachment":[{"href":"https:\/\/birrakarma.com\/es\/wp-json\/wp\/v2\/media?parent=2583"}],"wp:term":[{"taxonomy":"product_cat","embeddable":true,"href":"https:\/\/birrakarma.com\/es\/wp-json\/wp\/v2\/product_cat?post=2583"},{"taxonomy":"product_tag","embeddable":true,"href":"https:\/\/birrakarma.com\/es\/wp-json\/wp\/v2\/product_tag?post=2583"}],"curies":[{"name":"wp","href":"https:\/\/api.w.org\/{rel}","templated":true}]}}