{"id":2579,"date":"2020-07-13T15:23:23","date_gmt":"2020-07-13T15:23:23","guid":{"rendered":"https:\/\/birrakarma.com\/sin%20categor\u00eda\/lemonale\/"},"modified":"2020-12-12T16:01:59","modified_gmt":"2020-12-12T16:01:59","slug":"lemonale","status":"publish","type":"product","link":"https:\/\/birrakarma.com\/es\/classic-es\/lemonale\/","title":{"rendered":"Lemonale"},"content":{"rendered":"<p>Cerveza rubia elaborada con malta de cebada, trigo y centeno con un particular picante de cilantro y c\u00edtricos de la costa de Amalfi. Color amarillo pajizo, ligeramente velado. La espuma es blanca, muy fina y persistente. Las notas especiadas y c\u00edtricas son claramente evidentes en nariz. El sorbo tiene una entrada ligeramente dulce y contin\u00faa con una buena acidez acompa\u00f1ada de notas c\u00edtricas y sequedad final, que junto con un ligero destello, hace que la bebida sea refrescante y saciante.<\/p>\n<p><strong>Alta<\/strong> fermentaci\u00f3n<\/p>\n<p><strong>&#8230;&#8230;&#8230;&#8230;&#8230;&#8230;&#8230;&#8230;&#8230;&#8230;&#8230;&#8230;&#8230;&#8230;&#8230;&#8230;&#8230;&#8230;..<\/strong><\/p>\n<p>Volumen de alcohol <strong>5,5%<\/strong><\/p>\n<p><strong>&#8230;&#8230;&#8230;&#8230;&#8230;&#8230;&#8230;&#8230;&#8230;&#8230;&#8230;&#8230;&#8230;&#8230;&#8230;&#8230;&#8230;&#8230;..<\/strong><\/p>\n<p>Color <strong>amarillo pajizo<\/strong><\/p>\n<p><strong>&#8230;&#8230;&#8230;&#8230;&#8230;&#8230;&#8230;&#8230;&#8230;&#8230;&#8230;&#8230;&#8230;&#8230;&#8230;&#8230;&#8230;&#8230;..<\/strong><\/p>\n<p>Temperatura de servicio <strong>4 \u00b0 &#8211; 6 \u00b0<\/strong><\/p>\n<p><strong>&#8230;&#8230;&#8230;&#8230;&#8230;&#8230;&#8230;&#8230;&#8230;&#8230;&#8230;&#8230;&#8230;&#8230;&#8230;&#8230;&#8230;&#8230;..<\/strong><\/p>\n<p>Plat\u00f3n <strong>12<\/strong><\/p>\n<p><strong>&#8230;&#8230;&#8230;&#8230;&#8230;&#8230;&#8230;&#8230;&#8230;&#8230;&#8230;&#8230;&#8230;&#8230;&#8230;&#8230;&#8230;&#8230;..<\/strong><\/p>\n<p>IBU <strong>15<\/strong><\/p>\n<p><strong>&#8230;&#8230;&#8230;&#8230;&#8230;&#8230;&#8230;&#8230;&#8230;&#8230;&#8230;&#8230;&#8230;&#8230;&#8230;&#8230;&#8230;&#8230;..<\/strong><\/p>\n<p>Disponible en <strong>abril \u2013 septiembre<\/strong><\/p>\n<p><strong>Maridajes<\/strong><\/p>\n<p>&gt; Ostras con hinojo<\/p>\n<p>&gt; Mejillones en tempura<\/p>\n<p>&gt; Carpaccio de salmonete con olor a lima<\/p>\n<p>&gt; Bucatini con aromas mediterr\u00e1neos<\/p>\n<p>&gt; Mejillones a la pimienta o gratinados<\/p>\n<p>&gt; Paccheri al horno en papel de aluminio con gambas y esp\u00e1rragos<\/p>\n<p>&gt; Carpaccio de ternera con verduras crujientes<\/p>\n<p>&gt; Salchicha \u200b\u200bde bacalao, jud\u00edas verdes fritas y mahonesa de ajetes<\/p>\n<p>&gt; Espaguetis a la chitarra con salsa de carne de Cilento y pesto de lim\u00f3n<\/p>\n<p>&gt; Pizza Marinara<\/p>\n<p>&nbsp;<\/p>\n","protected":false},"excerpt":{"rendered":"<p>Joven, salvaje y libre<\/p>\n","protected":false},"featured_media":8548,"template":"","meta":[],"product_cat":[118],"product_tag":[129],"class_list":["post-2579","product","type-product","status-publish","has-post-thumbnail","hentry","product_cat-classic-es","product_tag-italian-blanche-es"],"yoast_head":"<!-- This site is optimized with the Yoast SEO plugin v20.3 - https:\/\/yoast.com\/wordpress\/plugins\/seo\/ -->\n<title>Cerveza Artesanal Lemonale - Cervecer\u00eca Karma<\/title>\n<meta name=\"description\" content=\"Cerveza Artesanal Lemonale. Cerveza transparente a base de malta de cebada. Color amarillo pajizo, ligeramente velado.\" \/>\n<meta name=\"robots\" content=\"index, follow, max-snippet:-1, max-image-preview:large, max-video-preview:-1\" \/>\n<link rel=\"canonical\" href=\"https:\/\/birrakarma.com\/es\/classic-es\/lemonale\/\" \/>\n<meta property=\"og:locale\" content=\"es_ES\" \/>\n<meta property=\"og:type\" content=\"article\" \/>\n<meta property=\"og:title\" content=\"Cerveza Artesanal Lemonale - Cervecer\u00eca Karma\" \/>\n<meta property=\"og:description\" content=\"Cerveza Artesanal Lemonale. Cerveza transparente a base de malta de cebada. Color amarillo pajizo, ligeramente velado.\" \/>\n<meta property=\"og:url\" content=\"https:\/\/birrakarma.com\/es\/classic-es\/lemonale\/\" \/>\n<meta property=\"og:site_name\" content=\"Birrificio Karma\" \/>\n<meta property=\"article:modified_time\" content=\"2020-12-12T16:01:59+00:00\" \/>\n<meta property=\"og:image\" content=\"https:\/\/birrakarma.com\/wp-content\/uploads\/2020\/07\/lemonale-karma.png\" \/>\n\t<meta property=\"og:image:width\" content=\"427\" \/>\n\t<meta property=\"og:image:height\" content=\"1102\" \/>\n\t<meta property=\"og:image:type\" content=\"image\/png\" \/>\n<meta name=\"twitter:card\" content=\"summary_large_image\" \/>\n<meta name=\"twitter:label1\" content=\"Tiempo de lectura\" \/>\n\t<meta name=\"twitter:data1\" content=\"1 minuto\" \/>\n<script type=\"application\/ld+json\" class=\"yoast-schema-graph\">{\"@context\":\"https:\/\/schema.org\",\"@graph\":[{\"@type\":\"WebPage\",\"@id\":\"https:\/\/birrakarma.com\/es\/classic-es\/lemonale\/\",\"url\":\"https:\/\/birrakarma.com\/es\/classic-es\/lemonale\/\",\"name\":\"Cerveza Artesanal Lemonale - Cervecer\u00eca Karma\",\"isPartOf\":{\"@id\":\"https:\/\/birrakarma.com\/#website\"},\"datePublished\":\"2020-07-13T15:23:23+00:00\",\"dateModified\":\"2020-12-12T16:01:59+00:00\",\"description\":\"Cerveza Artesanal Lemonale. Cerveza transparente a base de malta de cebada. Color amarillo pajizo, ligeramente velado.\",\"breadcrumb\":{\"@id\":\"https:\/\/birrakarma.com\/es\/classic-es\/lemonale\/#breadcrumb\"},\"inLanguage\":\"es\",\"potentialAction\":[{\"@type\":\"ReadAction\",\"target\":[\"https:\/\/birrakarma.com\/es\/classic-es\/lemonale\/\"]}]},{\"@type\":\"BreadcrumbList\",\"@id\":\"https:\/\/birrakarma.com\/es\/classic-es\/lemonale\/#breadcrumb\",\"itemListElement\":[{\"@type\":\"ListItem\",\"position\":1,\"name\":\"Home\",\"item\":\"https:\/\/birrakarma.com\/es\/\"},{\"@type\":\"ListItem\",\"position\":2,\"name\":\"Shop\",\"item\":\"https:\/\/birrakarma.com\/es\/shop\/\"},{\"@type\":\"ListItem\",\"position\":3,\"name\":\"Lemonale\"}]},{\"@type\":\"WebSite\",\"@id\":\"https:\/\/birrakarma.com\/#website\",\"url\":\"https:\/\/birrakarma.com\/\",\"name\":\"Birrificio Karma\",\"description\":\"Birra artigianale italiana\",\"publisher\":{\"@id\":\"https:\/\/birrakarma.com\/#organization\"},\"potentialAction\":[{\"@type\":\"SearchAction\",\"target\":{\"@type\":\"EntryPoint\",\"urlTemplate\":\"https:\/\/birrakarma.com\/?s={search_term_string}\"},\"query-input\":\"required name=search_term_string\"}],\"inLanguage\":\"es\"},{\"@type\":\"Organization\",\"@id\":\"https:\/\/birrakarma.com\/#organization\",\"name\":\"Birrificio Karma\",\"url\":\"https:\/\/birrakarma.com\/\",\"logo\":{\"@type\":\"ImageObject\",\"inLanguage\":\"es\",\"@id\":\"https:\/\/birrakarma.com\/#\/schema\/logo\/image\/\",\"url\":\"https:\/\/birrakarma.com\/wp-content\/uploads\/2020\/05\/karma-logo-naming-1.svg\",\"contentUrl\":\"https:\/\/birrakarma.com\/wp-content\/uploads\/2020\/05\/karma-logo-naming-1.svg\",\"width\":35.25,\"height\":5.41,\"caption\":\"Birrificio Karma\"},\"image\":{\"@id\":\"https:\/\/birrakarma.com\/#\/schema\/logo\/image\/\"}}]}<\/script>\n<!-- \/ Yoast SEO plugin. -->","yoast_head_json":{"title":"Cerveza Artesanal Lemonale - Cervecer\u00eca Karma","description":"Cerveza Artesanal Lemonale. Cerveza transparente a base de malta de cebada. Color amarillo pajizo, ligeramente velado.","robots":{"index":"index","follow":"follow","max-snippet":"max-snippet:-1","max-image-preview":"max-image-preview:large","max-video-preview":"max-video-preview:-1"},"canonical":"https:\/\/birrakarma.com\/es\/classic-es\/lemonale\/","og_locale":"es_ES","og_type":"article","og_title":"Cerveza Artesanal Lemonale - Cervecer\u00eca Karma","og_description":"Cerveza Artesanal Lemonale. Cerveza transparente a base de malta de cebada. Color amarillo pajizo, ligeramente velado.","og_url":"https:\/\/birrakarma.com\/es\/classic-es\/lemonale\/","og_site_name":"Birrificio Karma","article_modified_time":"2020-12-12T16:01:59+00:00","og_image":[{"width":427,"height":1102,"url":"https:\/\/birrakarma.com\/wp-content\/uploads\/2020\/07\/lemonale-karma.png","type":"image\/png"}],"twitter_card":"summary_large_image","twitter_misc":{"Tiempo de lectura":"1 minuto"},"schema":{"@context":"https:\/\/schema.org","@graph":[{"@type":"WebPage","@id":"https:\/\/birrakarma.com\/es\/classic-es\/lemonale\/","url":"https:\/\/birrakarma.com\/es\/classic-es\/lemonale\/","name":"Cerveza Artesanal Lemonale - Cervecer\u00eca Karma","isPartOf":{"@id":"https:\/\/birrakarma.com\/#website"},"datePublished":"2020-07-13T15:23:23+00:00","dateModified":"2020-12-12T16:01:59+00:00","description":"Cerveza Artesanal Lemonale. Cerveza transparente a base de malta de cebada. Color amarillo pajizo, ligeramente velado.","breadcrumb":{"@id":"https:\/\/birrakarma.com\/es\/classic-es\/lemonale\/#breadcrumb"},"inLanguage":"es","potentialAction":[{"@type":"ReadAction","target":["https:\/\/birrakarma.com\/es\/classic-es\/lemonale\/"]}]},{"@type":"BreadcrumbList","@id":"https:\/\/birrakarma.com\/es\/classic-es\/lemonale\/#breadcrumb","itemListElement":[{"@type":"ListItem","position":1,"name":"Home","item":"https:\/\/birrakarma.com\/es\/"},{"@type":"ListItem","position":2,"name":"Shop","item":"https:\/\/birrakarma.com\/es\/shop\/"},{"@type":"ListItem","position":3,"name":"Lemonale"}]},{"@type":"WebSite","@id":"https:\/\/birrakarma.com\/#website","url":"https:\/\/birrakarma.com\/","name":"Birrificio Karma","description":"Birra artigianale italiana","publisher":{"@id":"https:\/\/birrakarma.com\/#organization"},"potentialAction":[{"@type":"SearchAction","target":{"@type":"EntryPoint","urlTemplate":"https:\/\/birrakarma.com\/?s={search_term_string}"},"query-input":"required name=search_term_string"}],"inLanguage":"es"},{"@type":"Organization","@id":"https:\/\/birrakarma.com\/#organization","name":"Birrificio Karma","url":"https:\/\/birrakarma.com\/","logo":{"@type":"ImageObject","inLanguage":"es","@id":"https:\/\/birrakarma.com\/#\/schema\/logo\/image\/","url":"https:\/\/birrakarma.com\/wp-content\/uploads\/2020\/05\/karma-logo-naming-1.svg","contentUrl":"https:\/\/birrakarma.com\/wp-content\/uploads\/2020\/05\/karma-logo-naming-1.svg","width":35.25,"height":5.41,"caption":"Birrificio Karma"},"image":{"@id":"https:\/\/birrakarma.com\/#\/schema\/logo\/image\/"}}]}},"_links":{"self":[{"href":"https:\/\/birrakarma.com\/es\/wp-json\/wp\/v2\/product\/2579","targetHints":{"allow":["GET"]}}],"collection":[{"href":"https:\/\/birrakarma.com\/es\/wp-json\/wp\/v2\/product"}],"about":[{"href":"https:\/\/birrakarma.com\/es\/wp-json\/wp\/v2\/types\/product"}],"wp:featuredmedia":[{"embeddable":true,"href":"https:\/\/birrakarma.com\/es\/wp-json\/wp\/v2\/media\/8548"}],"wp:attachment":[{"href":"https:\/\/birrakarma.com\/es\/wp-json\/wp\/v2\/media?parent=2579"}],"wp:term":[{"taxonomy":"product_cat","embeddable":true,"href":"https:\/\/birrakarma.com\/es\/wp-json\/wp\/v2\/product_cat?post=2579"},{"taxonomy":"product_tag","embeddable":true,"href":"https:\/\/birrakarma.com\/es\/wp-json\/wp\/v2\/product_tag?post=2579"}],"curies":[{"name":"wp","href":"https:\/\/api.w.org\/{rel}","templated":true}]}}