{"id":2574,"date":"2020-07-13T15:28:53","date_gmt":"2020-07-13T15:28:53","guid":{"rendered":"https:\/\/birrakarma.com\/sin%20categor\u00eda\/marylin\/"},"modified":"2020-12-12T15:59:29","modified_gmt":"2020-12-12T15:59:29","slug":"marylin","status":"publish","type":"product","link":"https:\/\/birrakarma.com\/es\/classic-es\/marylin\/","title":{"rendered":"Marylin"},"content":{"rendered":"<p>Cerveza ligera elaborada \u00fanicamente con malta de cebada con suaves matices de malta y notas herb\u00e1ceas, c\u00edtricas y florales propias de las variedades nobles de l\u00fapulo utilizadas. Color amarillo dorado, claro. Espuma blanca, muy fina y persistente. En nariz, las notas melosas y herb\u00e1ceas se funden en perfecto equilibrio entre s\u00ed. El sorbo tiene una entrada dulce que se sustituye por un amargor bals\u00e1mico suave y persistente. El cuerpo ligero y la buena sequedad final hacen que esta cerveza sea muy potable.<\/p>\n<p><strong>Alta<\/strong> fermentaci\u00f3n<\/p>\n<p>\u2026\u2026\u2026\u2026\u2026\u2026\u2026\u2026\u2026\u2026\u2026\u2026\u2026\u2026\u2026\u2026\u2026\u2026<\/p>\n<p>Volumen de alcohol <strong>5%<\/strong><\/p>\n<p>\u2026\u2026\u2026\u2026\u2026\u2026\u2026\u2026\u2026\u2026\u2026\u2026\u2026\u2026\u2026\u2026\u2026\u2026<\/p>\n<p>Color <strong>amarillo dorado<\/strong><\/p>\n<p>\u2026\u2026\u2026\u2026\u2026\u2026\u2026\u2026\u2026\u2026\u2026\u2026\u2026\u2026\u2026\u2026\u2026\u2026<\/p>\n<p>Temperatura de servicio <strong>4 \u00b0 &#8211; 6 \u00b0<\/strong><\/p>\n<p>\u2026\u2026\u2026\u2026\u2026\u2026\u2026\u2026\u2026\u2026\u2026\u2026\u2026\u2026\u2026\u2026\u2026\u2026<\/p>\n<p>Plat\u00f3n <strong>11<\/strong><\/p>\n<p>\u2026\u2026\u2026\u2026\u2026\u2026\u2026\u2026\u2026\u2026\u2026\u2026\u2026\u2026\u2026\u2026\u2026\u2026<\/p>\n<p>IBU <strong>24<\/strong><\/p>\n<p>\u2026\u2026\u2026\u2026\u2026\u2026\u2026\u2026\u2026\u2026\u2026\u2026\u2026\u2026\u2026\u2026\u2026\u2026<\/p>\n<p>Disponible <strong>todo el a\u00f1o<\/strong><\/p>\n<p><strong>Maridajes<\/strong><\/p>\n<p>&gt; Verduras rebozadas (berenjenas, calabacines y quesos empanados)<\/p>\n<p>&gt; Tagliatelle de pimientos, calabacines y tomates<\/p>\n<p>&gt; Bucatini con calabaza y mota<\/p>\n<p>&gt; Rollitos de berenjena, tocino y provolone<\/p>\n<p>&gt; Fettuccine con flores de calabaza y panceta<\/p>\n<p>&gt; Pizza Margarita<\/p>\n<p>&gt; Pizza Capricciosa<\/p>\n<p>&gt; Pizza Verace (tomates cherry frescos y mozzarella)<\/p>\n","protected":false},"excerpt":{"rendered":"<p>La m\u00e1s glamorosa de las rubias<\/p>\n","protected":false},"featured_media":8552,"template":"","meta":[],"product_cat":[118],"product_tag":[125],"class_list":["post-2574","product","type-product","status-publish","has-post-thumbnail","hentry","product_cat-classic-es","product_tag-italian-ale-es"],"yoast_head":"<!-- This site is optimized with the Yoast SEO plugin v20.3 - https:\/\/yoast.com\/wordpress\/plugins\/seo\/ -->\n<title>Cerveza Artesanal Marylin - Cervecer\u00eca Karma<\/title>\n<meta name=\"description\" content=\"Cerveza Artesanal Marylin. Cerveza transparente de malta de cebada solamente. Color amarillo dorado, claro. Espuma blanca, muy fina y persistente.\" \/>\n<meta name=\"robots\" content=\"index, follow, max-snippet:-1, max-image-preview:large, max-video-preview:-1\" \/>\n<link rel=\"canonical\" href=\"https:\/\/birrakarma.com\/es\/classic-es\/marylin\/\" \/>\n<meta property=\"og:locale\" content=\"es_ES\" \/>\n<meta property=\"og:type\" content=\"article\" \/>\n<meta property=\"og:title\" content=\"Cerveza Artesanal Marylin - Cervecer\u00eca Karma\" \/>\n<meta property=\"og:description\" content=\"Cerveza Artesanal Marylin. Cerveza transparente de malta de cebada solamente. Color amarillo dorado, claro. Espuma blanca, muy fina y persistente.\" \/>\n<meta property=\"og:url\" content=\"https:\/\/birrakarma.com\/es\/classic-es\/marylin\/\" \/>\n<meta property=\"og:site_name\" content=\"Birrificio Karma\" \/>\n<meta property=\"article:modified_time\" content=\"2020-12-12T15:59:29+00:00\" \/>\n<meta property=\"og:image\" content=\"https:\/\/birrakarma.com\/wp-content\/uploads\/2020\/07\/Marilyn-Karma.png\" \/>\n\t<meta property=\"og:image:width\" content=\"427\" \/>\n\t<meta property=\"og:image:height\" content=\"1102\" \/>\n\t<meta property=\"og:image:type\" content=\"image\/png\" \/>\n<meta name=\"twitter:card\" content=\"summary_large_image\" \/>\n<meta name=\"twitter:label1\" content=\"Tiempo de lectura\" \/>\n\t<meta name=\"twitter:data1\" content=\"1 minuto\" \/>\n<script type=\"application\/ld+json\" class=\"yoast-schema-graph\">{\"@context\":\"https:\/\/schema.org\",\"@graph\":[{\"@type\":\"WebPage\",\"@id\":\"https:\/\/birrakarma.com\/es\/classic-es\/marylin\/\",\"url\":\"https:\/\/birrakarma.com\/es\/classic-es\/marylin\/\",\"name\":\"Cerveza Artesanal Marylin - Cervecer\u00eca Karma\",\"isPartOf\":{\"@id\":\"https:\/\/birrakarma.com\/#website\"},\"datePublished\":\"2020-07-13T15:28:53+00:00\",\"dateModified\":\"2020-12-12T15:59:29+00:00\",\"description\":\"Cerveza Artesanal Marylin. Cerveza transparente de malta de cebada solamente. Color amarillo dorado, claro. Espuma blanca, muy fina y persistente.\",\"breadcrumb\":{\"@id\":\"https:\/\/birrakarma.com\/es\/classic-es\/marylin\/#breadcrumb\"},\"inLanguage\":\"es\",\"potentialAction\":[{\"@type\":\"ReadAction\",\"target\":[\"https:\/\/birrakarma.com\/es\/classic-es\/marylin\/\"]}]},{\"@type\":\"BreadcrumbList\",\"@id\":\"https:\/\/birrakarma.com\/es\/classic-es\/marylin\/#breadcrumb\",\"itemListElement\":[{\"@type\":\"ListItem\",\"position\":1,\"name\":\"Home\",\"item\":\"https:\/\/birrakarma.com\/es\/\"},{\"@type\":\"ListItem\",\"position\":2,\"name\":\"Shop\",\"item\":\"https:\/\/birrakarma.com\/es\/shop\/\"},{\"@type\":\"ListItem\",\"position\":3,\"name\":\"Marylin\"}]},{\"@type\":\"WebSite\",\"@id\":\"https:\/\/birrakarma.com\/#website\",\"url\":\"https:\/\/birrakarma.com\/\",\"name\":\"Birrificio Karma\",\"description\":\"Birra artigianale italiana\",\"publisher\":{\"@id\":\"https:\/\/birrakarma.com\/#organization\"},\"potentialAction\":[{\"@type\":\"SearchAction\",\"target\":{\"@type\":\"EntryPoint\",\"urlTemplate\":\"https:\/\/birrakarma.com\/?s={search_term_string}\"},\"query-input\":\"required name=search_term_string\"}],\"inLanguage\":\"es\"},{\"@type\":\"Organization\",\"@id\":\"https:\/\/birrakarma.com\/#organization\",\"name\":\"Birrificio Karma\",\"url\":\"https:\/\/birrakarma.com\/\",\"logo\":{\"@type\":\"ImageObject\",\"inLanguage\":\"es\",\"@id\":\"https:\/\/birrakarma.com\/#\/schema\/logo\/image\/\",\"url\":\"https:\/\/birrakarma.com\/wp-content\/uploads\/2020\/05\/karma-logo-naming-1.svg\",\"contentUrl\":\"https:\/\/birrakarma.com\/wp-content\/uploads\/2020\/05\/karma-logo-naming-1.svg\",\"width\":35.25,\"height\":5.41,\"caption\":\"Birrificio Karma\"},\"image\":{\"@id\":\"https:\/\/birrakarma.com\/#\/schema\/logo\/image\/\"}}]}<\/script>\n<!-- \/ Yoast SEO plugin. -->","yoast_head_json":{"title":"Cerveza Artesanal Marylin - Cervecer\u00eca Karma","description":"Cerveza Artesanal Marylin. Cerveza transparente de malta de cebada solamente. Color amarillo dorado, claro. Espuma blanca, muy fina y persistente.","robots":{"index":"index","follow":"follow","max-snippet":"max-snippet:-1","max-image-preview":"max-image-preview:large","max-video-preview":"max-video-preview:-1"},"canonical":"https:\/\/birrakarma.com\/es\/classic-es\/marylin\/","og_locale":"es_ES","og_type":"article","og_title":"Cerveza Artesanal Marylin - Cervecer\u00eca Karma","og_description":"Cerveza Artesanal Marylin. Cerveza transparente de malta de cebada solamente. Color amarillo dorado, claro. Espuma blanca, muy fina y persistente.","og_url":"https:\/\/birrakarma.com\/es\/classic-es\/marylin\/","og_site_name":"Birrificio Karma","article_modified_time":"2020-12-12T15:59:29+00:00","og_image":[{"width":427,"height":1102,"url":"https:\/\/birrakarma.com\/wp-content\/uploads\/2020\/07\/Marilyn-Karma.png","type":"image\/png"}],"twitter_card":"summary_large_image","twitter_misc":{"Tiempo de lectura":"1 minuto"},"schema":{"@context":"https:\/\/schema.org","@graph":[{"@type":"WebPage","@id":"https:\/\/birrakarma.com\/es\/classic-es\/marylin\/","url":"https:\/\/birrakarma.com\/es\/classic-es\/marylin\/","name":"Cerveza Artesanal Marylin - Cervecer\u00eca Karma","isPartOf":{"@id":"https:\/\/birrakarma.com\/#website"},"datePublished":"2020-07-13T15:28:53+00:00","dateModified":"2020-12-12T15:59:29+00:00","description":"Cerveza Artesanal Marylin. Cerveza transparente de malta de cebada solamente. Color amarillo dorado, claro. Espuma blanca, muy fina y persistente.","breadcrumb":{"@id":"https:\/\/birrakarma.com\/es\/classic-es\/marylin\/#breadcrumb"},"inLanguage":"es","potentialAction":[{"@type":"ReadAction","target":["https:\/\/birrakarma.com\/es\/classic-es\/marylin\/"]}]},{"@type":"BreadcrumbList","@id":"https:\/\/birrakarma.com\/es\/classic-es\/marylin\/#breadcrumb","itemListElement":[{"@type":"ListItem","position":1,"name":"Home","item":"https:\/\/birrakarma.com\/es\/"},{"@type":"ListItem","position":2,"name":"Shop","item":"https:\/\/birrakarma.com\/es\/shop\/"},{"@type":"ListItem","position":3,"name":"Marylin"}]},{"@type":"WebSite","@id":"https:\/\/birrakarma.com\/#website","url":"https:\/\/birrakarma.com\/","name":"Birrificio Karma","description":"Birra artigianale italiana","publisher":{"@id":"https:\/\/birrakarma.com\/#organization"},"potentialAction":[{"@type":"SearchAction","target":{"@type":"EntryPoint","urlTemplate":"https:\/\/birrakarma.com\/?s={search_term_string}"},"query-input":"required name=search_term_string"}],"inLanguage":"es"},{"@type":"Organization","@id":"https:\/\/birrakarma.com\/#organization","name":"Birrificio Karma","url":"https:\/\/birrakarma.com\/","logo":{"@type":"ImageObject","inLanguage":"es","@id":"https:\/\/birrakarma.com\/#\/schema\/logo\/image\/","url":"https:\/\/birrakarma.com\/wp-content\/uploads\/2020\/05\/karma-logo-naming-1.svg","contentUrl":"https:\/\/birrakarma.com\/wp-content\/uploads\/2020\/05\/karma-logo-naming-1.svg","width":35.25,"height":5.41,"caption":"Birrificio Karma"},"image":{"@id":"https:\/\/birrakarma.com\/#\/schema\/logo\/image\/"}}]}},"_links":{"self":[{"href":"https:\/\/birrakarma.com\/es\/wp-json\/wp\/v2\/product\/2574","targetHints":{"allow":["GET"]}}],"collection":[{"href":"https:\/\/birrakarma.com\/es\/wp-json\/wp\/v2\/product"}],"about":[{"href":"https:\/\/birrakarma.com\/es\/wp-json\/wp\/v2\/types\/product"}],"wp:featuredmedia":[{"embeddable":true,"href":"https:\/\/birrakarma.com\/es\/wp-json\/wp\/v2\/media\/8552"}],"wp:attachment":[{"href":"https:\/\/birrakarma.com\/es\/wp-json\/wp\/v2\/media?parent=2574"}],"wp:term":[{"taxonomy":"product_cat","embeddable":true,"href":"https:\/\/birrakarma.com\/es\/wp-json\/wp\/v2\/product_cat?post=2574"},{"taxonomy":"product_tag","embeddable":true,"href":"https:\/\/birrakarma.com\/es\/wp-json\/wp\/v2\/product_tag?post=2574"}],"curies":[{"name":"wp","href":"https:\/\/api.w.org\/{rel}","templated":true}]}}