{"id":2554,"date":"2020-11-28T17:32:10","date_gmt":"2020-11-28T17:32:10","guid":{"rendered":"https:\/\/birrakarma.com\/politica-de-privacidad\/"},"modified":"2020-12-12T10:13:58","modified_gmt":"2020-12-12T10:13:58","slug":"politica-de-privacidad","status":"publish","type":"page","link":"https:\/\/birrakarma.com\/es\/politica-de-privacidad\/","title":{"rendered":"Privacy Policy"},"content":{"rendered":"&#13;\r\n<p>La Pol\u00edtica de Privacidad, adaptada al Reglamento UE 2016\/679 conocido como GDPR (Reglamento General de Protecci\u00f3n de Datos), pretende informar a los usuarios del sitio web www.birrakarma.com (en adelante, el &#8220;sitio&#8221;) de la pol\u00edtica adoptada con respecto a la referencia de datos personales, respetando en cada punto el citado reglamento. Esta pol\u00edtica de privacidad es v\u00e1lida tanto para los usuarios que simplemente pretenden visitar el sitio como para los usuarios que pretendan realizar compras a trav\u00e9s del apartado de compras online a trav\u00e9s de todos los modos y canales.<\/p>&#13;\r\n&#13;\r\n<p>La navegaci\u00f3n por el sitio es gratuita y no implica ning\u00fan registro salvo el proceso de compra, para lo cual es imprescindible facilitar sus datos personales y la creaci\u00f3n de una cuenta es opcional. En este caso, los datos personales ser\u00e1n procesados de acuerdo con el Decreto Legislativo 30 de junio de 2003, n. 196, &#8220;C\u00f3digo de protecci\u00f3n de datos personales&#8221;, y del Reglamento UE 679\/2016 &#8220;Reglamento general de protecci\u00f3n de datos&#8221; de Nirvana S.r.l. para fines de procesamiento y procesamiento de pedidos. El usuario tiene derecho a solicitar los datos personales tratados o su modificaci\u00f3n enviando una solicitud a la direcci\u00f3n de correo electr\u00f3nico info@birrakarma.com as\u00ed como cancelarlos definitivamente garantizando el derecho al olvido.<\/p>&#13;\r\n&#13;\r\n<p>De acuerdo con y para los fines del C\u00f3digo y el Reglamento, se proporciona la siguiente informaci\u00f3n:<\/p>&#13;\r\n&#13;\r\n<p>1.\tEl controlador de datos y los procesadores de datos&#13;\r\nEl Responsable del tratamiento de los datos personales es Mario Cipriano como representante legal de la empresa Nirvana S.r.l. con domicilio social en Corso Umberto I, 297 &#8211; 81012 Alvignano (CE) CIF 04065610612 &#8211; mail: info@birrakarma.com (en adelante \u201cMario Cipriano\u201d, el \u201cPropietario\u201d).&#13;\r\n<\/p>&#13;\r\n&#13;\r\n<p>2.\tTipos de datos personales tratados&#13;\r\nPara acceder al sitio no es necesario proporcionar datos personales. Para realizar pedidos o ver los pedidos enviados, opcionalmente se requiere registrarse en la p\u00e1gina web. Los datos solicitados son de tipo no sensible y parecen ser nombre, apellidos, direcci\u00f3n de facturaci\u00f3n y env\u00edo, n\u00famero de tel\u00e9fono y correo electr\u00f3nico. Tambi\u00e9n se requieren datos de la misma naturaleza y no sensibles para contactar con la acci\u00f3n a trav\u00e9s del formulario de contacto correspondiente.&#13;\r\n<\/p>&#13;\r\n&#13;\r\n<p>3.\tProp\u00f3sito&#13;\r\nLos datos personales se procesan \u00fanica y exclusivamente para procesar pedidos realizados en l\u00ednea o para volver a contactar en caso de completar el formulario de contacto. &#13;\r\n<\/p>&#13;\r\n&#13;\r\n<p>4.\tM\u00e9todos, duraci\u00f3n del procesamiento de datos y alcance de la comunicaci\u00f3n&#13;\r\nLos datos se almacenar\u00e1n exclusivamente en l\u00ednea, no existe un m\u00e9todo de recopilaci\u00f3n de datos en papel. Se procesar\u00e1n \u00fanicamente durante el tiempo necesario para la tramitaci\u00f3n del pedido y hasta que el usuario decida solicitar el derecho al olvido.&#13;\r\n<\/p>&#13;\r\n&#13;\r\n<p>5.\tEnlaces a otros sitios&#13;\r\nEsta informaci\u00f3n es v\u00e1lida \u00fanicamente para el sitio www.birrakarma.com El sitio puede contener enlaces a enlaces a otros sitios. El propietario no es responsable de sitios distintos a www.birrakarma.com.&#13;\r\n<\/p>&#13;\r\n&#13;\r\n<p>6.\tHerramientas de &#8220;creaci\u00f3n de perfiles&#8221; y \/ o personalizaci\u00f3n&#13;\r\nEl sitio no realiza actividades de elaboraci\u00f3n de perfiles de usuarios personales. El sitio web podr\u00e1 informar, cuando sea necesario, de la suscripci\u00f3n opcional del usuario a la newsletter o, si as\u00ed se indica, el usuario podr\u00e1 dar su consentimiento a los datos facilitados durante la fase de pedido para las actividades de marketing realizadas con fines publicitarios de los productos vendidos exclusivamente por Nirvana Srl. En este caso, y cuando sea necesario, aparecer\u00e1 la casilla de verificaci\u00f3n sin el cheque preestablecido donde el usuario declarar\u00e1 el deseo expreso de tratar los datos. Las comunicaciones comerciales se pueden realizar por correo electr\u00f3nico, sms, whatsapp, correo ordinario. El Responsable del tratamiento no ceder\u00e1 los datos a terceros.&#13;\r\n<\/p>&#13;\r\n&#13;\r\n<p>El sitio utiliza cookies necesarias para el correcto funcionamiento del mismo. En este caso, se hace referencia a la Pol\u00edtica de Cookies, que se puede visitar haciendo clic aqu\u00ed.<\/p>&#13;\r\n&#13;\r\n<p>7.\tLugar de procesamiento de datos<\/p>&#13;\r\n&#13;\r\n<p>Los datos ser\u00e1n procesados exclusivamente por el controlador de datos para Nirvana S.r.l. con domicilio social en Corso Umberto I, 297 &#8211; 81012 Alvignano (CE) CIF 04065610612 &#8211; mail: info@birrakarma.com. Los datos se almacenar\u00e1n en una base de datos electr\u00f3nica perteneciente al sitio mismo, as\u00ed como en un directorio separado en el espacio web cuyo propietario es el controlador de datos.<\/p>&#13;\r\n&#13;\r\n<p>8.\tDerechos de los interesados&#13;\r\nEl usuario tiene derecho a solicitar los datos personales tratados o su modificaci\u00f3n enviando una solicitud a la direcci\u00f3n de correo electr\u00f3nico info@birrakarma.com exclusivamente desde el correo electr\u00f3nico utilizado en el sitio web y asociado a su cuenta. El usuario tambi\u00e9n tiene la oportunidad de eliminar datos personales en el sitio web incluso sin eliminar su cuenta. En este caso, debe enviar un correo electr\u00f3nico exclusivamente desde el correo electr\u00f3nico utilizado en el sitio web y asociado a su cuenta especificando esta solicitud. El usuario tambi\u00e9n puede eliminar su cuenta en el sitio web haciendo clic en el elemento &#8220;eliminar cuenta&#8221; de su \u00e1rea personal. Si el cliente tambi\u00e9n desea eliminar sus datos, debe enviar la solicitud anterior antes o despu\u00e9s de la cancelaci\u00f3n de su cuenta. relativo a la cancelaci\u00f3n de datos personales.&#13;\r\n<\/p>&#13;\r\n&#13;\r\n<p>9.\tQuejas&#13;\r\nSi no est\u00e1 satisfecho con lo anterior, puede ponerse en contacto con el Garante para la protecci\u00f3n de datos personales (www.garanteprivacy.it), o el Garante del pa\u00eds donde reside habitualmente, trabaja o el lugar donde el presunto violaci\u00f3n. &#13;\r\n&#13;\r\n<\/p>&#13;\r\n","protected":false},"excerpt":{"rendered":"<p>&#13; La Pol\u00edtica de Privacidad, adaptada al Reglamento UE 2016\/679 conocido como GDPR (Reglamento General de Protecci\u00f3n de Datos), pretende informar a los usuarios del sitio web www.birrakarma.com (en adelante, el &#8220;sitio&#8221;) de la pol\u00edtica adoptada con respecto a la referencia de datos personales, respetando en cada punto el citado reglamento. Esta pol\u00edtica de privacidad [&hellip;]<\/p>\n","protected":false},"author":6,"featured_media":0,"parent":0,"menu_order":0,"comment_status":"closed","ping_status":"open","template":"","meta":{"footnotes":""},"class_list":["post-2554","page","type-page","status-publish","hentry"],"yoast_head":"<!-- This site is optimized with the Yoast SEO plugin v20.3 - https:\/\/yoast.com\/wordpress\/plugins\/seo\/ -->\n<title>Privacy Policy - Cervecer\u00eca Karma<\/title>\n<meta name=\"robots\" content=\"noindex, nofollow\" \/>\n<meta property=\"og:locale\" content=\"es_ES\" \/>\n<meta property=\"og:type\" content=\"article\" \/>\n<meta property=\"og:title\" content=\"Privacy Policy - Cervecer\u00eca Karma\" \/>\n<meta property=\"og:description\" content=\"&#013; La Pol\u00edtica de Privacidad, adaptada al Reglamento UE 2016\/679 conocido como GDPR (Reglamento General de Protecci\u00f3n de Datos), pretende informar a los usuarios del sitio web www.birrakarma.com (en adelante, el &#8220;sitio&#8221;) de la pol\u00edtica adoptada con respecto a la referencia de datos personales, respetando en cada punto el citado reglamento. Esta pol\u00edtica de privacidad [&hellip;]\" \/>\n<meta property=\"og:url\" content=\"https:\/\/birrakarma.com\/es\/politica-de-privacidad\/\" \/>\n<meta property=\"og:site_name\" content=\"Birrificio Karma\" \/>\n<meta property=\"article:modified_time\" content=\"2020-12-12T10:13:58+00:00\" \/>\n<meta name=\"twitter:card\" content=\"summary_large_image\" \/>\n<meta name=\"twitter:label1\" content=\"Tiempo de lectura\" \/>\n\t<meta name=\"twitter:data1\" content=\"5 minutos\" \/>\n<script type=\"application\/ld+json\" class=\"yoast-schema-graph\">{\"@context\":\"https:\/\/schema.org\",\"@graph\":[{\"@type\":\"WebPage\",\"@id\":\"https:\/\/birrakarma.com\/es\/politica-de-privacidad\/\",\"url\":\"https:\/\/birrakarma.com\/es\/politica-de-privacidad\/\",\"name\":\"Privacy Policy - Cervecer\u00eca Karma\",\"isPartOf\":{\"@id\":\"https:\/\/birrakarma.com\/#website\"},\"datePublished\":\"2020-11-28T17:32:10+00:00\",\"dateModified\":\"2020-12-12T10:13:58+00:00\",\"breadcrumb\":{\"@id\":\"https:\/\/birrakarma.com\/es\/politica-de-privacidad\/#breadcrumb\"},\"inLanguage\":\"es\",\"potentialAction\":[{\"@type\":\"ReadAction\",\"target\":[\"https:\/\/birrakarma.com\/es\/politica-de-privacidad\/\"]}]},{\"@type\":\"BreadcrumbList\",\"@id\":\"https:\/\/birrakarma.com\/es\/politica-de-privacidad\/#breadcrumb\",\"itemListElement\":[{\"@type\":\"ListItem\",\"position\":1,\"name\":\"Home\",\"item\":\"https:\/\/birrakarma.com\/es\/\"},{\"@type\":\"ListItem\",\"position\":2,\"name\":\"Privacy Policy\"}]},{\"@type\":\"WebSite\",\"@id\":\"https:\/\/birrakarma.com\/#website\",\"url\":\"https:\/\/birrakarma.com\/\",\"name\":\"Birrificio Karma\",\"description\":\"Birra artigianale italiana\",\"publisher\":{\"@id\":\"https:\/\/birrakarma.com\/#organization\"},\"potentialAction\":[{\"@type\":\"SearchAction\",\"target\":{\"@type\":\"EntryPoint\",\"urlTemplate\":\"https:\/\/birrakarma.com\/?s={search_term_string}\"},\"query-input\":\"required name=search_term_string\"}],\"inLanguage\":\"es\"},{\"@type\":\"Organization\",\"@id\":\"https:\/\/birrakarma.com\/#organization\",\"name\":\"Birrificio Karma\",\"url\":\"https:\/\/birrakarma.com\/\",\"logo\":{\"@type\":\"ImageObject\",\"inLanguage\":\"es\",\"@id\":\"https:\/\/birrakarma.com\/#\/schema\/logo\/image\/\",\"url\":\"https:\/\/birrakarma.com\/wp-content\/uploads\/2020\/05\/karma-logo-naming-1.svg\",\"contentUrl\":\"https:\/\/birrakarma.com\/wp-content\/uploads\/2020\/05\/karma-logo-naming-1.svg\",\"width\":35.25,\"height\":5.41,\"caption\":\"Birrificio Karma\"},\"image\":{\"@id\":\"https:\/\/birrakarma.com\/#\/schema\/logo\/image\/\"}}]}<\/script>\n<!-- \/ Yoast SEO plugin. -->","yoast_head_json":{"title":"Privacy Policy - Cervecer\u00eca Karma","robots":{"index":"noindex","follow":"nofollow"},"og_locale":"es_ES","og_type":"article","og_title":"Privacy Policy - Cervecer\u00eca Karma","og_description":"&#13; La Pol\u00edtica de Privacidad, adaptada al Reglamento UE 2016\/679 conocido como GDPR (Reglamento General de Protecci\u00f3n de Datos), pretende informar a los usuarios del sitio web www.birrakarma.com (en adelante, el &#8220;sitio&#8221;) de la pol\u00edtica adoptada con respecto a la referencia de datos personales, respetando en cada punto el citado reglamento. Esta pol\u00edtica de privacidad [&hellip;]","og_url":"https:\/\/birrakarma.com\/es\/politica-de-privacidad\/","og_site_name":"Birrificio Karma","article_modified_time":"2020-12-12T10:13:58+00:00","twitter_card":"summary_large_image","twitter_misc":{"Tiempo de lectura":"5 minutos"},"schema":{"@context":"https:\/\/schema.org","@graph":[{"@type":"WebPage","@id":"https:\/\/birrakarma.com\/es\/politica-de-privacidad\/","url":"https:\/\/birrakarma.com\/es\/politica-de-privacidad\/","name":"Privacy Policy - Cervecer\u00eca Karma","isPartOf":{"@id":"https:\/\/birrakarma.com\/#website"},"datePublished":"2020-11-28T17:32:10+00:00","dateModified":"2020-12-12T10:13:58+00:00","breadcrumb":{"@id":"https:\/\/birrakarma.com\/es\/politica-de-privacidad\/#breadcrumb"},"inLanguage":"es","potentialAction":[{"@type":"ReadAction","target":["https:\/\/birrakarma.com\/es\/politica-de-privacidad\/"]}]},{"@type":"BreadcrumbList","@id":"https:\/\/birrakarma.com\/es\/politica-de-privacidad\/#breadcrumb","itemListElement":[{"@type":"ListItem","position":1,"name":"Home","item":"https:\/\/birrakarma.com\/es\/"},{"@type":"ListItem","position":2,"name":"Privacy Policy"}]},{"@type":"WebSite","@id":"https:\/\/birrakarma.com\/#website","url":"https:\/\/birrakarma.com\/","name":"Birrificio Karma","description":"Birra artigianale italiana","publisher":{"@id":"https:\/\/birrakarma.com\/#organization"},"potentialAction":[{"@type":"SearchAction","target":{"@type":"EntryPoint","urlTemplate":"https:\/\/birrakarma.com\/?s={search_term_string}"},"query-input":"required name=search_term_string"}],"inLanguage":"es"},{"@type":"Organization","@id":"https:\/\/birrakarma.com\/#organization","name":"Birrificio Karma","url":"https:\/\/birrakarma.com\/","logo":{"@type":"ImageObject","inLanguage":"es","@id":"https:\/\/birrakarma.com\/#\/schema\/logo\/image\/","url":"https:\/\/birrakarma.com\/wp-content\/uploads\/2020\/05\/karma-logo-naming-1.svg","contentUrl":"https:\/\/birrakarma.com\/wp-content\/uploads\/2020\/05\/karma-logo-naming-1.svg","width":35.25,"height":5.41,"caption":"Birrificio Karma"},"image":{"@id":"https:\/\/birrakarma.com\/#\/schema\/logo\/image\/"}}]}},"_links":{"self":[{"href":"https:\/\/birrakarma.com\/es\/wp-json\/wp\/v2\/pages\/2554","targetHints":{"allow":["GET"]}}],"collection":[{"href":"https:\/\/birrakarma.com\/es\/wp-json\/wp\/v2\/pages"}],"about":[{"href":"https:\/\/birrakarma.com\/es\/wp-json\/wp\/v2\/types\/page"}],"author":[{"embeddable":true,"href":"https:\/\/birrakarma.com\/es\/wp-json\/wp\/v2\/users\/6"}],"replies":[{"embeddable":true,"href":"https:\/\/birrakarma.com\/es\/wp-json\/wp\/v2\/comments?post=2554"}],"version-history":[{"count":3,"href":"https:\/\/birrakarma.com\/es\/wp-json\/wp\/v2\/pages\/2554\/revisions"}],"predecessor-version":[{"id":2833,"href":"https:\/\/birrakarma.com\/es\/wp-json\/wp\/v2\/pages\/2554\/revisions\/2833"}],"wp:attachment":[{"href":"https:\/\/birrakarma.com\/es\/wp-json\/wp\/v2\/media?parent=2554"}],"curies":[{"name":"wp","href":"https:\/\/api.w.org\/{rel}","templated":true}]}}