{"id":2548,"date":"2020-11-28T17:30:00","date_gmt":"2020-11-28T17:30:00","guid":{"rendered":"https:\/\/birrakarma.com\/por-campania-fesr\/"},"modified":"2020-11-29T16:27:09","modified_gmt":"2020-11-29T16:27:09","slug":"por-campania-fesr","status":"publish","type":"page","link":"https:\/\/birrakarma.com\/es\/por-campania-fesr\/","title":{"rendered":"POR Campania FESR"},"content":{"rendered":"\t\t<div data-elementor-type=\"wp-page\" data-elementor-id=\"2548\" class=\"elementor elementor-2548 elementor-912\">\n\t\t\t\t\t\t<div class=\"elementor-inner\">\n\t\t\t\t<div class=\"elementor-section-wrap\">\n\t\t\t\t\t\t\t\t\t<section class=\"elementor-section elementor-top-section elementor-element elementor-element-f1709a3 elementor-section-boxed elementor-section-height-default elementor-section-height-default\" data-id=\"f1709a3\" data-element_type=\"section\" data-settings=\"{&quot;jet_parallax_layout_list&quot;:[{&quot;jet_parallax_layout_image&quot;:{&quot;url&quot;:&quot;&quot;,&quot;id&quot;:&quot;&quot;,&quot;size&quot;:&quot;&quot;},&quot;_id&quot;:&quot;3740bba&quot;,&quot;jet_parallax_layout_image_tablet&quot;:{&quot;url&quot;:&quot;&quot;,&quot;id&quot;:&quot;&quot;,&quot;size&quot;:&quot;&quot;},&quot;jet_parallax_layout_image_mobile&quot;:{&quot;url&quot;:&quot;&quot;,&quot;id&quot;:&quot;&quot;,&quot;size&quot;:&quot;&quot;},&quot;jet_parallax_layout_speed&quot;:{&quot;unit&quot;:&quot;%&quot;,&quot;size&quot;:50,&quot;sizes&quot;:[]},&quot;jet_parallax_layout_type&quot;:&quot;scroll&quot;,&quot;jet_parallax_layout_direction&quot;:null,&quot;jet_parallax_layout_fx_direction&quot;:null,&quot;jet_parallax_layout_z_index&quot;:&quot;&quot;,&quot;jet_parallax_layout_bg_x&quot;:50,&quot;jet_parallax_layout_bg_y&quot;:50,&quot;jet_parallax_layout_bg_size&quot;:&quot;auto&quot;,&quot;jet_parallax_layout_animation_prop&quot;:&quot;transform&quot;,&quot;jet_parallax_layout_on&quot;:[&quot;desktop&quot;,&quot;tablet&quot;],&quot;jet_parallax_layout_bg_x_tablet&quot;:&quot;&quot;,&quot;jet_parallax_layout_bg_x_mobile&quot;:&quot;&quot;,&quot;jet_parallax_layout_bg_y_tablet&quot;:&quot;&quot;,&quot;jet_parallax_layout_bg_y_mobile&quot;:&quot;&quot;,&quot;jet_parallax_layout_bg_size_tablet&quot;:&quot;&quot;,&quot;jet_parallax_layout_bg_size_mobile&quot;:&quot;&quot;}],&quot;_ha_eqh_enable&quot;:false}\">\n\t\t\t\t\t\t<div class=\"elementor-container elementor-column-gap-default\">\n\t\t\t\t\t\t\t<div class=\"elementor-row\">\n\t\t\t\t\t<div class=\"elementor-column elementor-col-100 elementor-top-column elementor-element elementor-element-48b97d1\" data-id=\"48b97d1\" data-element_type=\"column\">\n\t\t\t<div class=\"elementor-column-wrap elementor-element-populated\">\n\t\t\t\t\t\t\t<div class=\"elementor-widget-wrap\">\n\t\t\t\t\t\t<div class=\"elementor-element elementor-element-027c604 elementor-widget elementor-widget-image\" data-id=\"027c604\" data-element_type=\"widget\" data-widget_type=\"image.default\">\n\t\t\t\t<div class=\"elementor-widget-container\">\n\t\t\t\t\t\t\t\t<div class=\"elementor-image\">\n\t\t\t\t\t\t\t\t\t\t\t\t<img decoding=\"async\" src=\"https:\/\/birrakarma.com\/wp-content\/uploads\/2020\/07\/karma-fondi-fer.svg\" title=\"karma-fondi-fer\" alt=\"karma-fondi-fer\" loading=\"lazy\" \/>\t\t\t\t\t\t\t\t\t\t\t\t\t\t<\/div>\n\t\t\t\t\t\t<\/div>\n\t\t\t\t<\/div>\n\t\t\t\t<div class=\"elementor-element elementor-element-de39c8d elementor-widget elementor-widget-heading\" data-id=\"de39c8d\" data-element_type=\"widget\" data-widget_type=\"heading.default\">\n\t\t\t\t<div class=\"elementor-widget-container\">\n\t\t\t<h1 class=\"elementor-heading-title elementor-size-default\">POR Campania <br>FESR 2014-2020<\/h1>\t\t<\/div>\n\t\t\t\t<\/div>\n\t\t\t\t<div class=\"elementor-element elementor-element-47b6e11 elementor-widget elementor-widget-text-editor\" data-id=\"47b6e11\" data-element_type=\"widget\" data-widget_type=\"text-editor.default\">\n\t\t\t\t<div class=\"elementor-widget-container\">\n\t\t\t\t\t\t\t\t<div class=\"elementor-text-editor elementor-clearfix\">\n\t\t\t\t<p>Este sitio web est\u00e1 cofinanciado por la Uni\u00f3n Europea, el Estado italiano y la regi\u00f3n de Campania, como parte del POR Campania FESR 2014-2020. El POR Campania FESR 2014-2020 es el marco de referencia para el uso en Campania de los recursos del Fondo Europeo de Desarrollo Regional.<\/p>\n<p>El Programa Operativo Regional (POR) prev\u00e9 una dotaci\u00f3n financiera total de 4.113.545.843 \u20ac y se desarrolla a lo largo de 11 Ejes, con recursos asignados a 9 de los 11 Objetivos Tem\u00e1ticos identificados por la Estrategia Europa 2020, divididos en 46 Objetivos Espec\u00edficos (Resultados Esperados) para un complejo de 75 acciones.<\/p>\n<p>El POR financia intervenciones relacionadas: investigaci\u00f3n e innovaci\u00f3n, TIC y Agenda Digital, competitividad. del sistema productivo, energ\u00eda sostenible, prevenci\u00f3n de riesgos naturales y antropog\u00e9nicos, protecci\u00f3n y puesta en valor del patrimonio natural y cultural, transporte, inclusi\u00f3n social, infraestructuras para el sistema educativo regional, desarrollo urbano sostenible.<br \/>Los objetivos de este proyecto se remontan al deseo de transmitir la identidad enogastron\u00f3mica de la excelencia del sur de Italia, con especial referencia a la elaboraci\u00f3n de cerveza con elementos naturales.<\/p>\n<p>Para el proyecto se han destinado 8000 \u20ac + IVA.<\/p>\n<p>Estado de ejecuci\u00f3n del proyecto: finalizado.<\/p>\n\t\t\t\t\t<\/div>\n\t\t\t\t\t\t<\/div>\n\t\t\t\t<\/div>\n\t\t\t\t\t\t<\/div>\n\t\t\t\t\t<\/div>\n\t\t<\/div>\n\t\t\t\t\t\t\t\t<\/div>\n\t\t\t\t\t<\/div>\n\t\t<\/section>\n\t\t\t\t\t\t\t\t\t<\/div>\n\t\t\t<\/div>\n\t\t\t\t\t<\/div>\n\t\t","protected":false},"excerpt":{"rendered":"<p>POR Campania FESR 2014-2020 Este sitio web est\u00e1 cofinanciado por la Uni\u00f3n Europea, el Estado italiano y la regi\u00f3n de Campania, como parte del POR Campania FESR 2014-2020. El POR Campania FESR 2014-2020 es el marco de referencia para el uso en Campania de los recursos del Fondo Europeo de Desarrollo Regional. El Programa Operativo [&hellip;]<\/p>\n","protected":false},"author":6,"featured_media":0,"parent":0,"menu_order":0,"comment_status":"closed","ping_status":"closed","template":"","meta":{"footnotes":""},"class_list":["post-2548","page","type-page","status-publish","hentry"],"yoast_head":"<!-- This site is optimized with the Yoast SEO plugin v20.3 - https:\/\/yoast.com\/wordpress\/plugins\/seo\/ -->\n<title>POR Campania FESR - Cervecer\u00eca Karma<\/title>\n<meta name=\"robots\" content=\"noindex, nofollow\" \/>\n<meta property=\"og:locale\" content=\"es_ES\" \/>\n<meta property=\"og:type\" content=\"article\" \/>\n<meta property=\"og:title\" content=\"POR Campania FESR - Cervecer\u00eca Karma\" \/>\n<meta property=\"og:description\" content=\"POR Campania FESR 2014-2020 Este sitio web est\u00e1 cofinanciado por la Uni\u00f3n Europea, el Estado italiano y la regi\u00f3n de Campania, como parte del POR Campania FESR 2014-2020. El POR Campania FESR 2014-2020 es el marco de referencia para el uso en Campania de los recursos del Fondo Europeo de Desarrollo Regional. El Programa Operativo [&hellip;]\" \/>\n<meta property=\"og:url\" content=\"https:\/\/birrakarma.com\/es\/por-campania-fesr\/\" \/>\n<meta property=\"og:site_name\" content=\"Birrificio Karma\" \/>\n<meta property=\"article:modified_time\" content=\"2020-11-29T16:27:09+00:00\" \/>\n<meta property=\"og:image\" content=\"https:\/\/birrakarma.com\/wp-content\/uploads\/2020\/07\/karma-fondi-fer.svg\" \/>\n<meta name=\"twitter:card\" content=\"summary_large_image\" \/>\n<meta name=\"twitter:label1\" content=\"Tiempo de lectura\" \/>\n\t<meta name=\"twitter:data1\" content=\"1 minuto\" \/>\n<script type=\"application\/ld+json\" class=\"yoast-schema-graph\">{\"@context\":\"https:\/\/schema.org\",\"@graph\":[{\"@type\":\"WebPage\",\"@id\":\"https:\/\/birrakarma.com\/es\/por-campania-fesr\/\",\"url\":\"https:\/\/birrakarma.com\/es\/por-campania-fesr\/\",\"name\":\"POR Campania FESR - Cervecer\u00eca Karma\",\"isPartOf\":{\"@id\":\"https:\/\/birrakarma.com\/#website\"},\"datePublished\":\"2020-11-28T17:30:00+00:00\",\"dateModified\":\"2020-11-29T16:27:09+00:00\",\"breadcrumb\":{\"@id\":\"https:\/\/birrakarma.com\/es\/por-campania-fesr\/#breadcrumb\"},\"inLanguage\":\"es\",\"potentialAction\":[{\"@type\":\"ReadAction\",\"target\":[\"https:\/\/birrakarma.com\/es\/por-campania-fesr\/\"]}]},{\"@type\":\"BreadcrumbList\",\"@id\":\"https:\/\/birrakarma.com\/es\/por-campania-fesr\/#breadcrumb\",\"itemListElement\":[{\"@type\":\"ListItem\",\"position\":1,\"name\":\"Home\",\"item\":\"https:\/\/birrakarma.com\/es\/\"},{\"@type\":\"ListItem\",\"position\":2,\"name\":\"POR Campania FESR\"}]},{\"@type\":\"WebSite\",\"@id\":\"https:\/\/birrakarma.com\/#website\",\"url\":\"https:\/\/birrakarma.com\/\",\"name\":\"Birrificio Karma\",\"description\":\"Birra artigianale italiana\",\"publisher\":{\"@id\":\"https:\/\/birrakarma.com\/#organization\"},\"potentialAction\":[{\"@type\":\"SearchAction\",\"target\":{\"@type\":\"EntryPoint\",\"urlTemplate\":\"https:\/\/birrakarma.com\/?s={search_term_string}\"},\"query-input\":\"required name=search_term_string\"}],\"inLanguage\":\"es\"},{\"@type\":\"Organization\",\"@id\":\"https:\/\/birrakarma.com\/#organization\",\"name\":\"Birrificio Karma\",\"url\":\"https:\/\/birrakarma.com\/\",\"logo\":{\"@type\":\"ImageObject\",\"inLanguage\":\"es\",\"@id\":\"https:\/\/birrakarma.com\/#\/schema\/logo\/image\/\",\"url\":\"https:\/\/birrakarma.com\/wp-content\/uploads\/2020\/05\/karma-logo-naming-1.svg\",\"contentUrl\":\"https:\/\/birrakarma.com\/wp-content\/uploads\/2020\/05\/karma-logo-naming-1.svg\",\"width\":35.25,\"height\":5.41,\"caption\":\"Birrificio Karma\"},\"image\":{\"@id\":\"https:\/\/birrakarma.com\/#\/schema\/logo\/image\/\"}}]}<\/script>\n<!-- \/ Yoast SEO plugin. -->","yoast_head_json":{"title":"POR Campania FESR - Cervecer\u00eca Karma","robots":{"index":"noindex","follow":"nofollow"},"og_locale":"es_ES","og_type":"article","og_title":"POR Campania FESR - Cervecer\u00eca Karma","og_description":"POR Campania FESR 2014-2020 Este sitio web est\u00e1 cofinanciado por la Uni\u00f3n Europea, el Estado italiano y la regi\u00f3n de Campania, como parte del POR Campania FESR 2014-2020. El POR Campania FESR 2014-2020 es el marco de referencia para el uso en Campania de los recursos del Fondo Europeo de Desarrollo Regional. El Programa Operativo [&hellip;]","og_url":"https:\/\/birrakarma.com\/es\/por-campania-fesr\/","og_site_name":"Birrificio Karma","article_modified_time":"2020-11-29T16:27:09+00:00","og_image":[{"url":"https:\/\/birrakarma.com\/wp-content\/uploads\/2020\/07\/karma-fondi-fer.svg"}],"twitter_card":"summary_large_image","twitter_misc":{"Tiempo de lectura":"1 minuto"},"schema":{"@context":"https:\/\/schema.org","@graph":[{"@type":"WebPage","@id":"https:\/\/birrakarma.com\/es\/por-campania-fesr\/","url":"https:\/\/birrakarma.com\/es\/por-campania-fesr\/","name":"POR Campania FESR - Cervecer\u00eca Karma","isPartOf":{"@id":"https:\/\/birrakarma.com\/#website"},"datePublished":"2020-11-28T17:30:00+00:00","dateModified":"2020-11-29T16:27:09+00:00","breadcrumb":{"@id":"https:\/\/birrakarma.com\/es\/por-campania-fesr\/#breadcrumb"},"inLanguage":"es","potentialAction":[{"@type":"ReadAction","target":["https:\/\/birrakarma.com\/es\/por-campania-fesr\/"]}]},{"@type":"BreadcrumbList","@id":"https:\/\/birrakarma.com\/es\/por-campania-fesr\/#breadcrumb","itemListElement":[{"@type":"ListItem","position":1,"name":"Home","item":"https:\/\/birrakarma.com\/es\/"},{"@type":"ListItem","position":2,"name":"POR Campania FESR"}]},{"@type":"WebSite","@id":"https:\/\/birrakarma.com\/#website","url":"https:\/\/birrakarma.com\/","name":"Birrificio Karma","description":"Birra artigianale italiana","publisher":{"@id":"https:\/\/birrakarma.com\/#organization"},"potentialAction":[{"@type":"SearchAction","target":{"@type":"EntryPoint","urlTemplate":"https:\/\/birrakarma.com\/?s={search_term_string}"},"query-input":"required name=search_term_string"}],"inLanguage":"es"},{"@type":"Organization","@id":"https:\/\/birrakarma.com\/#organization","name":"Birrificio Karma","url":"https:\/\/birrakarma.com\/","logo":{"@type":"ImageObject","inLanguage":"es","@id":"https:\/\/birrakarma.com\/#\/schema\/logo\/image\/","url":"https:\/\/birrakarma.com\/wp-content\/uploads\/2020\/05\/karma-logo-naming-1.svg","contentUrl":"https:\/\/birrakarma.com\/wp-content\/uploads\/2020\/05\/karma-logo-naming-1.svg","width":35.25,"height":5.41,"caption":"Birrificio Karma"},"image":{"@id":"https:\/\/birrakarma.com\/#\/schema\/logo\/image\/"}}]}},"_links":{"self":[{"href":"https:\/\/birrakarma.com\/es\/wp-json\/wp\/v2\/pages\/2548","targetHints":{"allow":["GET"]}}],"collection":[{"href":"https:\/\/birrakarma.com\/es\/wp-json\/wp\/v2\/pages"}],"about":[{"href":"https:\/\/birrakarma.com\/es\/wp-json\/wp\/v2\/types\/page"}],"author":[{"embeddable":true,"href":"https:\/\/birrakarma.com\/es\/wp-json\/wp\/v2\/users\/6"}],"replies":[{"embeddable":true,"href":"https:\/\/birrakarma.com\/es\/wp-json\/wp\/v2\/comments?post=2548"}],"version-history":[{"count":2,"href":"https:\/\/birrakarma.com\/es\/wp-json\/wp\/v2\/pages\/2548\/revisions"}],"predecessor-version":[{"id":2947,"href":"https:\/\/birrakarma.com\/es\/wp-json\/wp\/v2\/pages\/2548\/revisions\/2947"}],"wp:attachment":[{"href":"https:\/\/birrakarma.com\/es\/wp-json\/wp\/v2\/media?parent=2548"}],"curies":[{"name":"wp","href":"https:\/\/api.w.org\/{rel}","templated":true}]}}