{"id":2280,"date":"2020-11-28T17:07:20","date_gmt":"2020-11-28T17:07:20","guid":{"rendered":"https:\/\/birrakarma.com\/politica-de-cookies\/"},"modified":"2020-12-12T10:13:05","modified_gmt":"2020-12-12T10:13:05","slug":"politica-de-cookies","status":"publish","type":"page","link":"https:\/\/birrakarma.com\/es\/politica-de-cookies\/","title":{"rendered":"Pol\u00edtica de Cookies"},"content":{"rendered":"&#13;\r\n<p><p>Esta pol\u00edtica de cookies tiene como objetivo de informar a los usuarios sobre la naturaleza de las cookies utilizadas en el p\u00e1gina web www.birrakarma.com, en adelante denominada sitio, y se actualiza con las disposiciones del Reglamento UE 2016\/679 conocido como GDPR (Reglamento General de Protecci\u00f3n de Datos).<\/p>&#13;\r\n<p>Las cookies son peque\u00f1os archivos de texto y se almacenan en el terminal del usuario que visita un sitio web espec\u00edfico, cada sitio web contiene determinadas cookies. Las cookies son \u00fatiles para permitir una experiencia de navegaci\u00f3n cada vez mejor en el sitio web, de hecho se utilizan para acelerar la autenticaci\u00f3n de inicio de sesi\u00f3n, para almacenar y recuperar informaci\u00f3n sobre los h\u00e1bitos de navegaci\u00f3n del usuario o en el dispositivo utilizado. Esta informaci\u00f3n generalmente se trata de forma an\u00f3nima.<\/p>&#13;\r\n<p>Por lo tanto, el sitio utiliza cookies que se almacenan en el dispositivo del usuario y son de tipo t\u00e9cnico o de terceros. Actualmente, el sitio no utiliza cookies de creaci\u00f3n de perfiles.<\/p><\/p>&#13;\r\n&#13;\r\n<p><p><strong>Cookies t\u00e9cnicas y de terceros<\/strong><\/p>&#13;\r\n<p>El sitio utiliza cookies t\u00e9cnicas, espec\u00edficamente por reglamento tienen la finalidad de &#8220;realizar la transmisi\u00f3n de una comunicaci\u00f3n a trav\u00e9s de una red de comunicaciones electr\u00f3nicas, o seg\u00fan sea estrictamente necesario para el prestador de un servicio de la sociedad de la informaci\u00f3n solicitado expl\u00edcitamente por el suscriptor o por el usuario para prestar este servicio &#8220;(ver art\u00edculo 122, p\u00e1rrafo 1, del C\u00f3digo de Privacidad). Las cookies t\u00e9cnicas en el sitio pueden ser de sesi\u00f3n o persistentes.<\/p>&#13;\r\n<p>Las cookies de sesi\u00f3n son cookies temporales que duran hasta que el usuario cierra el navegador. En cambio, las cookies persistentes se almacenan en el dispositivo del usuario y duran hasta que caducan, o hasta que el usuario las elimina. Estas cookies son esenciales para una correcta navegaci\u00f3n dentro del sitio y para aprovechar todas sus caracter\u00edsticas.<\/p>&#13;\r\n<p>El sitio tambi\u00e9n utiliza cookies de terceros, es decir, administradas por terceros que se crean y est\u00e1n sujetas a dominios externos. El sitio no tiene control sobre estas cookies. Las cookies de terceros se dividen en dos categor\u00edas:<\/p>&#13;\r\n<p>\u00a0<\/p><\/p>&#13;\r\n&#13;\r\n<ul class=\"wp-block-list\"><li>Cookies necesarias para el correcto funcionamiento de algunas \u00e1reas del sitio<\/li>&#13;\r\n<li>Cookies de rendimiento, es decir, aquellas que recopilan informaci\u00f3n de forma an\u00f3nima sobre cu\u00e1ntos visitantes utilizan el sitio y que le permiten saber cu\u00e1ntos visitantes interact\u00faan con \u00e9l, proporcionando informaci\u00f3n sobre las \u00e1reas visitadas, el tiempo dedicado y los problemas encontrados.<\/li>&#13;\r\n<\/ul>&#13;\r\n<p>Como indica el Garante de Privacidad, &#8220;en el caso de que un sitio tambi\u00e9n contenga cookies de terceros, la informaci\u00f3n y la obtenci\u00f3n del consentimiento son responsabilidad del tercero&#8221;.<\/p>&#13;\r\n&#13;\r\n<ul class=\"wp-block-list\"><li>Cookies de funcionalidad, es decir, aquellas que mejoran la experiencia del visitante del sitio y que pueden almacenar informaci\u00f3n como el idioma, con el fin de proporcionar al usuario funciones mejores y personalizadas.<\/li>&#13;\r\n<\/ul>&#13;\r\n<p><p><strong>Cookies de terceros utilizadas por el sitio<\/strong><\/p><\/p>&#13;\r\n&#13;\r\n<p><p><strong>Google anal\u00edtico<br\/><\/strong>El sitio utiliza Google Analytics para monitorear de forma an\u00f3nima el n\u00famero de visitas, las p\u00e1ginas visitadas y el tiempo que los usuarios permanecen en una p\u00e1gina espec\u00edfica.<br\/><strong>Google Font<br\/><\/strong>Google Font es un servicio de visualizaci\u00f3n de estilo de fuente administrado por Google Inc.<br\/><strong>YouTube<br\/><\/strong>Las cookies de YouTube son esenciales para el correcto funcionamiento del sitio o para que aparezcan videos espec\u00edficos de YouTube en el propio sitio.<\/p><\/p>&#13;\r\n&#13;\r\n<p><p><strong>Otras cookies<br\/><\/strong>El sitio utiliza botones para el acceso directo a las redes sociales y puede utilizar botones &#8220;me gusta&#8221; o &#8220;compartir&#8221; que contienen enlaces a Facebook, Linkedin o Instagram. El uso de estos botones implica la transmisi\u00f3n de cookies hacia y desde todos los sitios gestionados por estas partes, cuya informaci\u00f3n y el uso de datos se refieren a los propios sitios y espec\u00edficamente a los sitios de los botones presentes o que estar\u00e1n presentes en dentro del sitio.<\/p><\/p>&#13;\r\n&#13;\r\n<p><p><strong>C\u00f3mo deshabilitar las cookies<br\/><\/strong>En el caso de que el usuario no decida aceptar cookies, es posible que algunas funciones, servicios o caracter\u00edsticas del sitio no est\u00e9n disponibles.<br\/>En el caso de que el usuario desee deshabilitar las cookies de terceros, una vez aceptadas, deber\u00e1 acceder directamente a la configuraci\u00f3n del navegador en las direcciones que se indican a continuaci\u00f3n:<\/p><\/p>&#13;\r\n&#13;\r\n<ul class=\"wp-block-list\"><li><p><strong>INTERNET EXPLORER<\/strong>: <a href=\"http:\/\/windows.microsoft.com\/it-it\/internet-explorer\/delete-manage-cookies\">http:\/\/windows.microsoft.com\/it-it\/internet-explorer\/delete-manage-cookies<\/a><\/p><\/li>&#13;\r\n<li><p><strong>FIREFOX<\/strong>: <a href=\"http:\/\/support.mozilla.org\/it\/kb\/Gestione%20dei%20cookie?redirectlocale=en-US&amp;redirectslug=Cookies\">http:\/\/support.mozilla.org\/it\/kb\/Gestione%20dei%20cookie?redirectlocale=en-US&amp;redirectslug=Cookies<\/a><\/p><\/li>&#13;\r\n<li><strong>CHROME<\/strong>\u00a0https:\/\/support.google.com\/chrome\/answer\/95647?hl=it<\/li>&#13;\r\n<li><strong>SAFARI:<\/strong>\u00a0http:\/\/www.apple.com\/it\/privacy\/use-of-cookies\/<\/li>&#13;\r\n<\/ul>&#13;\r\n<p>Para conocer la pol\u00edtica de privacidad, consulte la p\u00e1gina de la pol\u00edtica de privacidad.<\/p>&#13;\r\n","protected":false},"excerpt":{"rendered":"<p>&#13; Esta pol\u00edtica de cookies tiene como objetivo de informar a los usuarios sobre la naturaleza de las cookies utilizadas en el p\u00e1gina web www.birrakarma.com, en adelante denominada sitio, y se actualiza con las disposiciones del Reglamento UE 2016\/679 conocido como GDPR (Reglamento General de Protecci\u00f3n de Datos). &#13; Las cookies son peque\u00f1os archivos de [&hellip;]<\/p>\n","protected":false},"author":6,"featured_media":0,"parent":0,"menu_order":0,"comment_status":"closed","ping_status":"closed","template":"","meta":{"footnotes":""},"class_list":["post-2280","page","type-page","status-publish","hentry"],"yoast_head":"<!-- This site is optimized with the Yoast SEO plugin v20.3 - https:\/\/yoast.com\/wordpress\/plugins\/seo\/ -->\n<title>Pol\u00edtica de Cookies - Cervecer\u00eca Karma<\/title>\n<meta name=\"robots\" content=\"index, follow, max-snippet:-1, max-image-preview:large, max-video-preview:-1\" \/>\n<link rel=\"canonical\" href=\"https:\/\/birrakarma.com\/es\/politica-de-cookies\/\" \/>\n<meta property=\"og:locale\" content=\"es_ES\" \/>\n<meta property=\"og:type\" content=\"article\" \/>\n<meta property=\"og:title\" content=\"Pol\u00edtica de Cookies - Cervecer\u00eca Karma\" \/>\n<meta property=\"og:description\" content=\"&#013; Esta pol\u00edtica de cookies tiene como objetivo de informar a los usuarios sobre la naturaleza de las cookies utilizadas en el p\u00e1gina web www.birrakarma.com, en adelante denominada sitio, y se actualiza con las disposiciones del Reglamento UE 2016\/679 conocido como GDPR (Reglamento General de Protecci\u00f3n de Datos). &#013; Las cookies son peque\u00f1os archivos de [&hellip;]\" \/>\n<meta property=\"og:url\" content=\"https:\/\/birrakarma.com\/es\/politica-de-cookies\/\" \/>\n<meta property=\"og:site_name\" content=\"Birrificio Karma\" \/>\n<meta property=\"article:modified_time\" content=\"2020-12-12T10:13:05+00:00\" \/>\n<meta name=\"twitter:card\" content=\"summary_large_image\" \/>\n<meta name=\"twitter:label1\" content=\"Tiempo de lectura\" \/>\n\t<meta name=\"twitter:data1\" content=\"4 minutos\" \/>\n<script type=\"application\/ld+json\" class=\"yoast-schema-graph\">{\"@context\":\"https:\/\/schema.org\",\"@graph\":[{\"@type\":\"WebPage\",\"@id\":\"https:\/\/birrakarma.com\/es\/politica-de-cookies\/\",\"url\":\"https:\/\/birrakarma.com\/es\/politica-de-cookies\/\",\"name\":\"Pol\u00edtica de Cookies - Cervecer\u00eca Karma\",\"isPartOf\":{\"@id\":\"https:\/\/birrakarma.com\/#website\"},\"datePublished\":\"2020-11-28T17:07:20+00:00\",\"dateModified\":\"2020-12-12T10:13:05+00:00\",\"breadcrumb\":{\"@id\":\"https:\/\/birrakarma.com\/es\/politica-de-cookies\/#breadcrumb\"},\"inLanguage\":\"es\",\"potentialAction\":[{\"@type\":\"ReadAction\",\"target\":[\"https:\/\/birrakarma.com\/es\/politica-de-cookies\/\"]}]},{\"@type\":\"BreadcrumbList\",\"@id\":\"https:\/\/birrakarma.com\/es\/politica-de-cookies\/#breadcrumb\",\"itemListElement\":[{\"@type\":\"ListItem\",\"position\":1,\"name\":\"Home\",\"item\":\"https:\/\/birrakarma.com\/es\/\"},{\"@type\":\"ListItem\",\"position\":2,\"name\":\"Pol\u00edtica de Cookies\"}]},{\"@type\":\"WebSite\",\"@id\":\"https:\/\/birrakarma.com\/#website\",\"url\":\"https:\/\/birrakarma.com\/\",\"name\":\"Birrificio Karma\",\"description\":\"Birra artigianale italiana\",\"publisher\":{\"@id\":\"https:\/\/birrakarma.com\/#organization\"},\"potentialAction\":[{\"@type\":\"SearchAction\",\"target\":{\"@type\":\"EntryPoint\",\"urlTemplate\":\"https:\/\/birrakarma.com\/?s={search_term_string}\"},\"query-input\":\"required name=search_term_string\"}],\"inLanguage\":\"es\"},{\"@type\":\"Organization\",\"@id\":\"https:\/\/birrakarma.com\/#organization\",\"name\":\"Birrificio Karma\",\"url\":\"https:\/\/birrakarma.com\/\",\"logo\":{\"@type\":\"ImageObject\",\"inLanguage\":\"es\",\"@id\":\"https:\/\/birrakarma.com\/#\/schema\/logo\/image\/\",\"url\":\"https:\/\/birrakarma.com\/wp-content\/uploads\/2020\/05\/karma-logo-naming-1.svg\",\"contentUrl\":\"https:\/\/birrakarma.com\/wp-content\/uploads\/2020\/05\/karma-logo-naming-1.svg\",\"width\":35.25,\"height\":5.41,\"caption\":\"Birrificio Karma\"},\"image\":{\"@id\":\"https:\/\/birrakarma.com\/#\/schema\/logo\/image\/\"}}]}<\/script>\n<!-- \/ Yoast SEO plugin. -->","yoast_head_json":{"title":"Pol\u00edtica de Cookies - Cervecer\u00eca Karma","robots":{"index":"index","follow":"follow","max-snippet":"max-snippet:-1","max-image-preview":"max-image-preview:large","max-video-preview":"max-video-preview:-1"},"canonical":"https:\/\/birrakarma.com\/es\/politica-de-cookies\/","og_locale":"es_ES","og_type":"article","og_title":"Pol\u00edtica de Cookies - Cervecer\u00eca Karma","og_description":"&#13; Esta pol\u00edtica de cookies tiene como objetivo de informar a los usuarios sobre la naturaleza de las cookies utilizadas en el p\u00e1gina web www.birrakarma.com, en adelante denominada sitio, y se actualiza con las disposiciones del Reglamento UE 2016\/679 conocido como GDPR (Reglamento General de Protecci\u00f3n de Datos). &#13; Las cookies son peque\u00f1os archivos de [&hellip;]","og_url":"https:\/\/birrakarma.com\/es\/politica-de-cookies\/","og_site_name":"Birrificio Karma","article_modified_time":"2020-12-12T10:13:05+00:00","twitter_card":"summary_large_image","twitter_misc":{"Tiempo de lectura":"4 minutos"},"schema":{"@context":"https:\/\/schema.org","@graph":[{"@type":"WebPage","@id":"https:\/\/birrakarma.com\/es\/politica-de-cookies\/","url":"https:\/\/birrakarma.com\/es\/politica-de-cookies\/","name":"Pol\u00edtica de Cookies - Cervecer\u00eca Karma","isPartOf":{"@id":"https:\/\/birrakarma.com\/#website"},"datePublished":"2020-11-28T17:07:20+00:00","dateModified":"2020-12-12T10:13:05+00:00","breadcrumb":{"@id":"https:\/\/birrakarma.com\/es\/politica-de-cookies\/#breadcrumb"},"inLanguage":"es","potentialAction":[{"@type":"ReadAction","target":["https:\/\/birrakarma.com\/es\/politica-de-cookies\/"]}]},{"@type":"BreadcrumbList","@id":"https:\/\/birrakarma.com\/es\/politica-de-cookies\/#breadcrumb","itemListElement":[{"@type":"ListItem","position":1,"name":"Home","item":"https:\/\/birrakarma.com\/es\/"},{"@type":"ListItem","position":2,"name":"Pol\u00edtica de Cookies"}]},{"@type":"WebSite","@id":"https:\/\/birrakarma.com\/#website","url":"https:\/\/birrakarma.com\/","name":"Birrificio Karma","description":"Birra artigianale italiana","publisher":{"@id":"https:\/\/birrakarma.com\/#organization"},"potentialAction":[{"@type":"SearchAction","target":{"@type":"EntryPoint","urlTemplate":"https:\/\/birrakarma.com\/?s={search_term_string}"},"query-input":"required name=search_term_string"}],"inLanguage":"es"},{"@type":"Organization","@id":"https:\/\/birrakarma.com\/#organization","name":"Birrificio Karma","url":"https:\/\/birrakarma.com\/","logo":{"@type":"ImageObject","inLanguage":"es","@id":"https:\/\/birrakarma.com\/#\/schema\/logo\/image\/","url":"https:\/\/birrakarma.com\/wp-content\/uploads\/2020\/05\/karma-logo-naming-1.svg","contentUrl":"https:\/\/birrakarma.com\/wp-content\/uploads\/2020\/05\/karma-logo-naming-1.svg","width":35.25,"height":5.41,"caption":"Birrificio Karma"},"image":{"@id":"https:\/\/birrakarma.com\/#\/schema\/logo\/image\/"}}]}},"_links":{"self":[{"href":"https:\/\/birrakarma.com\/es\/wp-json\/wp\/v2\/pages\/2280","targetHints":{"allow":["GET"]}}],"collection":[{"href":"https:\/\/birrakarma.com\/es\/wp-json\/wp\/v2\/pages"}],"about":[{"href":"https:\/\/birrakarma.com\/es\/wp-json\/wp\/v2\/types\/page"}],"author":[{"embeddable":true,"href":"https:\/\/birrakarma.com\/es\/wp-json\/wp\/v2\/users\/6"}],"replies":[{"embeddable":true,"href":"https:\/\/birrakarma.com\/es\/wp-json\/wp\/v2\/comments?post=2280"}],"version-history":[{"count":1,"href":"https:\/\/birrakarma.com\/es\/wp-json\/wp\/v2\/pages\/2280\/revisions"}],"predecessor-version":[{"id":2281,"href":"https:\/\/birrakarma.com\/es\/wp-json\/wp\/v2\/pages\/2280\/revisions\/2281"}],"wp:attachment":[{"href":"https:\/\/birrakarma.com\/es\/wp-json\/wp\/v2\/media?parent=2280"}],"curies":[{"name":"wp","href":"https:\/\/api.w.org\/{rel}","templated":true}]}}